{"id":2576,"date":"2025-12-11T00:47:03","date_gmt":"2025-12-11T00:47:03","guid":{"rendered":"https:\/\/newlifemills.com\/?page_id=2576"},"modified":"2026-03-12T17:03:28","modified_gmt":"2026-03-12T17:03:28","slug":"conditions-dutilisation","status":"publish","type":"page","link":"https:\/\/newlifemills.com\/fr\/conditions-dutilisation\/","title":{"rendered":"Conditions d&rsquo;utilisation"},"content":{"rendered":"\n<section \n        class=\"hero hero-image hero-internal\"\n    style=\"background-image: url(https:\/\/newlifemills.com\/wp-content\/uploads\/2025\/11\/background-gold2.png); background-size: cover; background-position: center;\">\n\n    \n    <div class=\"container hero-content\">\n        <div class=\"content\">                                <div class=\"container breadcrumbWrapper\">\n                        <p id=\"breadcrumbs\"><span><span><a href=\"https:\/\/newlifemills.com\/fr\/\">Home<\/a><\/span><\/span><\/p>                    <\/div>\n\n                                        <h1>Mentions l\u00e9gales et avertissements<\/h1>\n                        \n            \n                    <\/div>\n\n            <\/div>\n<\/section>\n\n\n<section class=\"general white default\">\n    <div class=\"container\">\n    <div class=\"column\" style=\"align-items:center; justify-content:flex-start;\"><div class=\"module\"><p><strong>Clause de non-responsabilit\u00e9 relative aux communications<\/strong><\/p>\n<p>Toute communication (courriel, t\u00e9l\u00e9copie ou message vocal) provenant d&rsquo;un employ\u00e9 ou d&rsquo;un syst\u00e8me automatis\u00e9 de New-Life Mills est destin\u00e9e \u00e0 la personne ou \u00e0 l&rsquo;entit\u00e9 \u00e0 laquelle elle est adress\u00e9e et peut contenir des informations privil\u00e9gi\u00e9es, confidentielles et non divulguables. Si vous n&rsquo;\u00eates pas le destinataire pr\u00e9vu, veuillez noter que toute diffusion, distribution ou copie de cette communication est strictement interdite. Si vous avez re\u00e7u une communication par erreur, veuillez en informer l&rsquo;exp\u00e9diteur et la d\u00e9truire imm\u00e9diatement.<\/p>\n<p>Bien que nous consid\u00e9rions que nos courriels et leurs pi\u00e8ces jointes sont exempts de virus ou de tout autre d\u00e9faut susceptible d&rsquo;affecter tout syst\u00e8me informatique sur lequel ils sont re\u00e7us et ouverts, il incombe au destinataire de s&rsquo;assurer qu&rsquo;ils sont exempts de virus, et New-Life Mills d\u00e9cline toute responsabilit\u00e9 pour toute perte ou tout dommage d\u00e9coulant de quelque mani\u00e8re que ce soit de leur utilisation.<\/p>\n<p>Avertissement\u00a0: Nos filtres anti-spam bloquent parfois des courriels l\u00e9gitimes. Si votre courriel contient des instructions importantes, veuillez vous assurer que nous en accusons r\u00e9ception.<\/p>\n<p><strong>Avertissement relatif au site Web<\/strong><br \/>\nL&rsquo;ensemble du contenu de ce site est prot\u00e9g\u00e9 par le droit d&rsquo;auteur et les lois sur la propri\u00e9t\u00e9 intellectuelle et appartient \u00e0 New-Life Mills, une division de Parish &amp; Heimbecker, Limited. Vous pouvez consulter les documents disponibles \u00e0 l&rsquo;adresse <a href=\"https:\/\/newlifemills.com\/\">https:\/\/newlifemills.com<\/a>; toutefois, vous n&rsquo;\u00eates pas autoris\u00e9 \u00e0 t\u00e9l\u00e9charger ni \u00e0 diffuser les informations contenues sur ce site sans autorisation pr\u00e9alable et mention de la source.<\/p>\n<p>Les visiteurs qui utilisent ce site Web et se fient \u00e0 toute information le font \u00e0 leurs propres risques. New-Life Mills d\u00e9cline toute responsabilit\u00e9 quant au contenu et \u00e0 la fiabilit\u00e9 des autres sites Web vers lesquels nous proposons des liens et n&rsquo;approuve pas n\u00e9cessairement les opinions qui y sont exprim\u00e9es.<\/p>\n<p>Il est interdit d&rsquo;utiliser notre site Web de mani\u00e8re ill\u00e9gale, frauduleuse ou nuisible, ou en lien avec une activit\u00e9 ou un but ill\u00e9gal, frauduleux ou nuisible.<\/p>\n<p>Tous les efforts ont \u00e9t\u00e9 d\u00e9ploy\u00e9s pour garantir l&rsquo;exactitude et l&rsquo;exhaustivit\u00e9 des documents et ressources \u00e9lectroniques propos\u00e9s sur ce site Web. Toutefois, New-Life Mills, une division de Parish &amp; Heimbecker, Limited, n&rsquo;offre aucune garantie, expresse ou implicite, quant \u00e0 l&rsquo;absence d&rsquo;erreurs ou d&rsquo;omissions et d\u00e9cline toute responsabilit\u00e9 en cas de perte ou de dommage r\u00e9sultant de l&rsquo;utilisation ou de la mauvaise utilisation des informations contenues sur ce site.<\/p>\n<p><strong>Nom de l&rsquo;entreprise<\/strong><br \/>\nNew-Life Mills, Une division de Parrish &amp; Heimbecker, Limited.<\/p>\n<p><strong>Adresse et coordonn\u00e9es<\/strong><br \/>\nNew-Life Mills<br \/>\nSi\u00e8ge social:<br \/>\nPO Box 219<br \/>\n252-14th Rue<br \/>\nHanover, ON<br \/>\nN4N 3C5<br \/>\n<strong>T\u00e9l.:\u00a0<\/strong>519-364-3263<br \/>\n<strong>Fax:\u00a0<\/strong>519-364-5732<br \/>\n<strong>Email:\u00a0<\/strong>marketing@newlifemills.com<br \/>\n<strong><br \/>\n<\/strong><br \/>\n<strong>Date de mise \u00e0 jour<\/strong><br \/>\n4 juillet 2016<\/p>\n<\/div><\/div>    <\/div>\n<\/section>","protected":false},"excerpt":{"rendered":"","protected":false},"author":2,"featured_media":0,"parent":0,"menu_order":0,"comment_status":"closed","ping_status":"closed","template":"","meta":{"_acf_changed":false,"_relevanssi_hide_post":"","_relevanssi_hide_content":"","_relevanssi_pin_for_all":"","_relevanssi_pin_keywords":"","_relevanssi_unpin_keywords":"","_relevanssi_related_keywords":"","_relevanssi_related_include_ids":"","_relevanssi_related_exclude_ids":"","_relevanssi_related_no_append":"","_relevanssi_related_not_related":"","_relevanssi_related_posts":"2517,2510,2520,2514","_relevanssi_noindex_reason":"","footnotes":""},"class_list":["post-2576","page","type-page","status-publish","hentry"],"acf":[],"yoast_head":"<!-- This site is optimized with the Yoast SEO plugin v27.5 - https:\/\/yoast.com\/product\/yoast-seo-wordpress\/ -->\n<title>Conditions d&#039;utilisation - New Life Mills<\/title>\n<meta name=\"robots\" content=\"index, follow, max-snippet:-1, max-image-preview:large, max-video-preview:-1\" \/>\n<link rel=\"canonical\" href=\"https:\/\/newlifemills.com\/fr\/conditions-dutilisation\/\" \/>\n<meta property=\"og:locale\" content=\"fr_FR\" \/>\n<meta property=\"og:type\" content=\"article\" \/>\n<meta property=\"og:title\" content=\"Conditions d&#039;utilisation - New Life Mills\" \/>\n<meta property=\"og:url\" content=\"https:\/\/newlifemills.com\/fr\/conditions-dutilisation\/\" \/>\n<meta property=\"og:site_name\" content=\"New Life Mills\" \/>\n<meta property=\"article:modified_time\" content=\"2026-03-12T17:03:28+00:00\" \/>\n<meta name=\"twitter:card\" content=\"summary_large_image\" \/>\n<script type=\"application\/ld+json\" class=\"yoast-schema-graph\">{\"@context\":\"https:\\\/\\\/schema.org\",\"@graph\":[{\"@type\":\"WebPage\",\"@id\":\"https:\\\/\\\/newlifemills.com\\\/fr\\\/conditions-dutilisation\\\/\",\"url\":\"https:\\\/\\\/newlifemills.com\\\/fr\\\/conditions-dutilisation\\\/\",\"name\":\"Conditions d'utilisation - New Life Mills\",\"isPartOf\":{\"@id\":\"https:\\\/\\\/newlifemills.com\\\/fr\\\/#website\"},\"datePublished\":\"2025-12-11T00:47:03+00:00\",\"dateModified\":\"2026-03-12T17:03:28+00:00\",\"breadcrumb\":{\"@id\":\"https:\\\/\\\/newlifemills.com\\\/fr\\\/conditions-dutilisation\\\/#breadcrumb\"},\"inLanguage\":\"fr-FR\",\"potentialAction\":[{\"@type\":\"ReadAction\",\"target\":[\"https:\\\/\\\/newlifemills.com\\\/fr\\\/conditions-dutilisation\\\/\"]}]},{\"@type\":\"BreadcrumbList\",\"@id\":\"https:\\\/\\\/newlifemills.com\\\/fr\\\/conditions-dutilisation\\\/#breadcrumb\",\"itemListElement\":[{\"@type\":\"ListItem\",\"position\":1,\"name\":\"Home\",\"item\":\"https:\\\/\\\/newlifemills.com\\\/fr\\\/\"},{\"@type\":\"ListItem\",\"position\":2,\"name\":\"Conditions d&#8217;utilisation\"}]},{\"@type\":\"WebSite\",\"@id\":\"https:\\\/\\\/newlifemills.com\\\/fr\\\/#website\",\"url\":\"https:\\\/\\\/newlifemills.com\\\/fr\\\/\",\"name\":\"New Life Mills\",\"description\":\"\",\"potentialAction\":[{\"@type\":\"SearchAction\",\"target\":{\"@type\":\"EntryPoint\",\"urlTemplate\":\"https:\\\/\\\/newlifemills.com\\\/fr\\\/?s={search_term_string}\"},\"query-input\":{\"@type\":\"PropertyValueSpecification\",\"valueRequired\":true,\"valueName\":\"search_term_string\"}}],\"inLanguage\":\"fr-FR\"}]}<\/script>\n<!-- \/ Yoast SEO plugin. -->","yoast_head_json":{"title":"Conditions d'utilisation - New Life Mills","robots":{"index":"index","follow":"follow","max-snippet":"max-snippet:-1","max-image-preview":"max-image-preview:large","max-video-preview":"max-video-preview:-1"},"canonical":"https:\/\/newlifemills.com\/fr\/conditions-dutilisation\/","og_locale":"fr_FR","og_type":"article","og_title":"Conditions d'utilisation - New Life Mills","og_url":"https:\/\/newlifemills.com\/fr\/conditions-dutilisation\/","og_site_name":"New Life Mills","article_modified_time":"2026-03-12T17:03:28+00:00","twitter_card":"summary_large_image","schema":{"@context":"https:\/\/schema.org","@graph":[{"@type":"WebPage","@id":"https:\/\/newlifemills.com\/fr\/conditions-dutilisation\/","url":"https:\/\/newlifemills.com\/fr\/conditions-dutilisation\/","name":"Conditions d'utilisation - New Life Mills","isPartOf":{"@id":"https:\/\/newlifemills.com\/fr\/#website"},"datePublished":"2025-12-11T00:47:03+00:00","dateModified":"2026-03-12T17:03:28+00:00","breadcrumb":{"@id":"https:\/\/newlifemills.com\/fr\/conditions-dutilisation\/#breadcrumb"},"inLanguage":"fr-FR","potentialAction":[{"@type":"ReadAction","target":["https:\/\/newlifemills.com\/fr\/conditions-dutilisation\/"]}]},{"@type":"BreadcrumbList","@id":"https:\/\/newlifemills.com\/fr\/conditions-dutilisation\/#breadcrumb","itemListElement":[{"@type":"ListItem","position":1,"name":"Home","item":"https:\/\/newlifemills.com\/fr\/"},{"@type":"ListItem","position":2,"name":"Conditions d&#8217;utilisation"}]},{"@type":"WebSite","@id":"https:\/\/newlifemills.com\/fr\/#website","url":"https:\/\/newlifemills.com\/fr\/","name":"New Life Mills","description":"","potentialAction":[{"@type":"SearchAction","target":{"@type":"EntryPoint","urlTemplate":"https:\/\/newlifemills.com\/fr\/?s={search_term_string}"},"query-input":{"@type":"PropertyValueSpecification","valueRequired":true,"valueName":"search_term_string"}}],"inLanguage":"fr-FR"}]}},"_links":{"self":[{"href":"https:\/\/newlifemills.com\/fr\/wp-json\/wp\/v2\/pages\/2576","targetHints":{"allow":["GET"]}}],"collection":[{"href":"https:\/\/newlifemills.com\/fr\/wp-json\/wp\/v2\/pages"}],"about":[{"href":"https:\/\/newlifemills.com\/fr\/wp-json\/wp\/v2\/types\/page"}],"author":[{"embeddable":true,"href":"https:\/\/newlifemills.com\/fr\/wp-json\/wp\/v2\/users\/2"}],"replies":[{"embeddable":true,"href":"https:\/\/newlifemills.com\/fr\/wp-json\/wp\/v2\/comments?post=2576"}],"version-history":[{"count":1,"href":"https:\/\/newlifemills.com\/fr\/wp-json\/wp\/v2\/pages\/2576\/revisions"}],"predecessor-version":[{"id":2577,"href":"https:\/\/newlifemills.com\/fr\/wp-json\/wp\/v2\/pages\/2576\/revisions\/2577"}],"wp:attachment":[{"href":"https:\/\/newlifemills.com\/fr\/wp-json\/wp\/v2\/media?parent=2576"}],"curies":[{"name":"wp","href":"https:\/\/api.w.org\/{rel}","templated":true}]}}