{"id":2570,"date":"2025-11-18T16:18:11","date_gmt":"2025-11-18T16:18:11","guid":{"rendered":"https:\/\/newlifemills.com\/?page_id=2570"},"modified":"2026-03-12T18:18:37","modified_gmt":"2026-03-12T18:18:37","slug":"mill-locations","status":"publish","type":"page","link":"https:\/\/newlifemills.com\/fr\/contactez-nous\/mill-locations\/","title":{"rendered":"Emplacements des moulins"},"content":{"rendered":"\n<section \n        class=\"hero hero-image hero-internal\"\n    style=\"background-image: url(https:\/\/newlifemills.com\/wp-content\/uploads\/2025\/11\/background-gold2.png); background-size: cover; background-position: center;\">\n\n    \n    <div class=\"container hero-content\">\n        <div class=\"content\">                                <div class=\"container breadcrumbWrapper\">\n                        <p id=\"breadcrumbs\"><span><span><a href=\"https:\/\/newlifemills.com\/fr\/\">Home<\/a><\/span><\/span><\/p>                    <\/div>\n\n                                        <h1>Emplacements des moulins<\/h1>\n                        \n            \n                    <\/div>\n\n            <\/div>\n<\/section>\n\n\n<section class=\"mills-locations\">\n\n    <div class=\"container\">\n        <div class=\"mills-locations-grid\">\n\n                                \n            <div class=\"mill-card\">\n\n                                    <div class=\"mill-image\">\n                        <img decoding=\"async\" src=\"https:\/\/newlifemills.com\/wp-content\/uploads\/2025\/12\/clavet.jpg\" alt=\"Clavet\">\n                    <\/div>\n                \n                <div class=\"mill-card-body\">\n\n                                            <h3 class=\"mill-name\">Clavet Mill<\/h3>\n                    \n                                            <p class=\"mill-location\">Saskatchewan, Canada<\/p>\n                    \n                    <div class=\"mill-contact\">\n                                                    <a href=\"tel:18888522741\" class=\"mill-phone phone dark\">\n                                1-888-852-2741                            <\/a>\n                        \n                        \n                        <a href=\"\/contact-us\" class=\"mill-email email dark\">\n                            \u00c9crivez-nous                        <\/a>\n                    <\/div>\n\n                    <hr>\n\n                                            <div class=\"mill-address\">\n                            <p>306064 Twp Road 360<br \/>\nBox 419<br \/>\nClavet, SK\u00a0 S0K 0Y0<\/p>\n                        <\/div>\n                    \n                                            <a class=\"mill-directions dark\" href=\"https:\/\/www.google.ca\/maps\/place\/New-Life+Mills+Ltd.\/@52.0556085,-106.4521722,16.5z\/data=!4m5!3m4!1s0x5304f736b4f63049:0x21ce6abfc1190495!8m2!3d52.0556714!4d-106.4490947\" target=\"\">\n                            Directives                        <\/a>\n                    \n                <\/div>\n\n            <\/div>\n\n                        \n            <div class=\"mill-card\">\n\n                                    <div class=\"mill-image\">\n                        <img decoding=\"async\" src=\"https:\/\/newlifemills.com\/wp-content\/uploads\/2025\/12\/denfield.jpg\" alt=\"Denfield\">\n                    <\/div>\n                \n                <div class=\"mill-card-body\">\n\n                                            <h3 class=\"mill-name\">Denfield Mill<\/h3>\n                    \n                                            <p class=\"mill-location\">Southern Ontario, Canada<\/p>\n                    \n                    <div class=\"mill-contact\">\n                                                    <a href=\"tel:18002657040\" class=\"mill-phone phone dark\">\n                                1-800-265-7040                            <\/a>\n                        \n                        \n                        <a href=\"\/contact-us\" class=\"mill-email email dark\">\n                            \u00c9crivez-nous                        <\/a>\n                    <\/div>\n\n                    <hr>\n\n                                            <div class=\"mill-address\">\n                            <p>24162 Denfield Road<br \/>\nR.R. #2<br \/>\nDenfield, ON\u00a0 N0M 1P0<\/p>\n                        <\/div>\n                    \n                                            <a class=\"mill-directions dark\" href=\"https:\/\/www.google.com\/search?q=new-life+mills+denfield&#038;oq=new-life+mills+denfield&#038;gs_lcrp=EgZjaHJvbWUyBggAEEUYOTIGCAEQRRhAMggIAhAAGBYYHjIICAMQABgWGB4yDQgEEAAYhgMYgAQYigUyCggFEAAYgAQYogQyCggGEAAYgAQYogQyBwgHEAAY7wXSAQgyODMxajBqN6gCALACAA&#038;sourceid=chrome&#038;ie=UTF-8\" target=\"\">\n                            Directives                        <\/a>\n                    \n                <\/div>\n\n            <\/div>\n\n                        \n            <div class=\"mill-card\">\n\n                                    <div class=\"mill-image\">\n                        <img decoding=\"async\" src=\"https:\/\/newlifemills.com\/wp-content\/uploads\/2025\/12\/inkerman-scaled.jpg\" alt=\"Inkerman\">\n                    <\/div>\n                \n                <div class=\"mill-card-body\">\n\n                                            <h3 class=\"mill-name\">Inkerman Mill<\/h3>\n                    \n                                            <p class=\"mill-location\">Eastern Ontario &amp; Quebec, Canada<\/p>\n                    \n                    <div class=\"mill-contact\">\n                                                    <a href=\"tel:18005655175\" class=\"mill-phone phone dark\">\n                                1-800-565-5175                            <\/a>\n                        \n                        \n                        <a href=\"\/contact-us\" class=\"mill-email email dark\">\n                            \u00c9crivez-nous                        <\/a>\n                    <\/div>\n\n                    <hr>\n\n                                            <div class=\"mill-address\">\n                            <p>11489 Queen Street<br \/>\nBox 26<br \/>\nInkerman, ON\u00a0 K0E 1J0<\/p>\n                        <\/div>\n                    \n                                            <a class=\"mill-directions dark\" href=\"https:\/\/www.google.ca\/maps\/place\/New+Life+Mills+Ltd\/@45.036519,-75.394754,17z\/data=!3m1!4b1!4m2!3m1!1s0x4ccdc8d2793f0063:0x22f1a4359c97e1cd?hl=en\" target=\"\">\n                            Directives                        <\/a>\n                    \n                <\/div>\n\n            <\/div>\n\n                        \n            <div class=\"mill-card\">\n\n                                    <div class=\"mill-image\">\n                        <img decoding=\"async\" src=\"https:\/\/newlifemills.com\/wp-content\/uploads\/2025\/12\/listowel.jpg\" alt=\"Listowel\">\n                    <\/div>\n                \n                <div class=\"mill-card-body\">\n\n                                            <h3 class=\"mill-name\">Listowel Mill<\/h3>\n                    \n                                            <p class=\"mill-location\">Southern Ontario, Canada<\/p>\n                    \n                    <div class=\"mill-contact\">\n                                                    <a href=\"tel:18888443880\" class=\"mill-phone phone dark\">\n                                1-888-844-3880                            <\/a>\n                        \n                        \n                        <a href=\"\/contact-us\" class=\"mill-email email dark\">\n                            \u00c9crivez-nous                        <\/a>\n                    <\/div>\n\n                    <hr>\n\n                                            <div class=\"mill-address\">\n                            <p>6065 Line 84<br \/>\nR.R. #2<br \/>\nListowel, ON\u00a0 N4W 0L3<\/p>\n                        <\/div>\n                    \n                                            <a class=\"mill-directions dark\" href=\"https:\/\/www.google.com\/search?q=new-life+mills+listowel&#038;sca_esv=3235e08c292698b8&#038;sxsrf=AE3TifPPXurwzAdgmquC-g0Vt2MZrt5UcQ%3A1767366772627&#038;ei=dOBXaeeEJs-ew8cP0-i-sQM&#038;ved=0ahUKEwjnjq6lku2RAxVPz_ACHVO0LzYQ4dUDCBE&#038;uact=5&#038;oq=new-life+mills+listowel&#038;gs_lp=Egxnd3Mtd2l6LXNlcnAiF25ldy1saWZlIG1pbGxzIGxpc3Rvd2VsMgYQABgWGB4yCxAAGIAEGIYDGIoFMggQABiABBiiBDIFEAAY7wUyCBAAGIAEGKIESLoYUJYGWMsXcAF4AZABAJgBkAGgAdoLqgEEMTIuNLgBA8gBAPgBAZgCEaACjwzCAgoQABiwAxjWBBhHwgIEECMYJ8ICCBAAGKIEGIkFmAMAiAYBkAYIkgcEMTIuNaAHgmOyBwQxMS41uAeLDMIHBjAuMTYuMcgHIoAIAA&#038;sclient=gws-wiz-serp\" target=\"\">\n                            Directives                        <\/a>\n                    \n                <\/div>\n\n            <\/div>\n\n                        \n            <div class=\"mill-card\">\n\n                                    <div class=\"mill-image\">\n                        <img decoding=\"async\" src=\"https:\/\/newlifemills.com\/wp-content\/uploads\/2025\/12\/wyoming-scaled.jpg\" alt=\"Wyoming\">\n                    <\/div>\n                \n                <div class=\"mill-card-body\">\n\n                                            <h3 class=\"mill-name\">Wyoming Mill<\/h3>\n                    \n                                            <p class=\"mill-location\">Southern Ontario, Canada<\/p>\n                    \n                    <div class=\"mill-contact\">\n                                                    <a href=\"tel:18002657507\" class=\"mill-phone phone dark\">\n                                1-800-265-7507                            <\/a>\n                        \n                        \n                        <a href=\"\/contact-us\" class=\"mill-email email dark\">\n                            \u00c9crivez-nous                        <\/a>\n                    <\/div>\n\n                    <hr>\n\n                                            <div class=\"mill-address\">\n                            <p>520 Main Street<br \/>\nBox 70<br \/>\nWyoming, ON\u00a0 N0N 1T0<\/p>\n                        <\/div>\n                    \n                                            <a class=\"mill-directions dark\" href=\"https:\/\/www.google.com\/search?q=new-life+mills+wyoming&#038;sca_esv=3235e08c292698b8&#038;sxsrf=AE3TifPCnpPof_yt-zVnV5SU2u0Yyjv83A%3A1767366827797&#038;ei=q-BXabeyMOj9ptQPwcbfyAI&#038;ved=0ahUKEwj3s9W_ku2RAxXovokEHUHjFykQ4dUDCBE&#038;uact=5&#038;oq=new-life+mills+wyoming&#038;gs_lp=Egxnd3Mtd2l6LXNlcnAiFm5ldy1saWZlIG1pbGxzIHd5b21pbmcyBBAjGCcyBhAAGBYYHjIGEAAYFhgeMgYQABgWGB4yBhAAGBYYHjILEAAYgAQYhgMYigUyCxAAGIAEGIYDGIoFMggQABiABBiiBDIIEAAYgAQYogQyBRAAGO8FSPofUNMTWNoecAJ4AZABAJgBdKAB6AaqAQM2LjO4AQPIAQD4AQGYAgugApAHwgIKEAAYsAMY1gQYR5gDAIgGAZAGCJIHAzcuNKAH2EuyBwM1LjS4B4gHwgcFMC45LjLIBxuACAA&#038;sclient=gws-wiz-serp\" target=\"\">\n                            Directives                        <\/a>\n                    \n                <\/div>\n\n            <\/div>\n\n                    \n        <\/div>\n    <\/div>\n<\/section>\n\n\n<section class=\"cta yellow\">\n    <div class=\"container\">\n        <div class=\"left noimage\">\n            <h3>Pr\u00eats \u00e0 travailler ensemble ?<\/h3>\n<p>Nous sommes l\u00e0 pour vous aider \u00e0 nourrir votre avenir gr\u00e2ce \u00e0 une nutrition \u00e9prouv\u00e9e, une expertise reconnue et un engagement envers les producteurs canadiens.<\/p>\n\n                            <div class=\"buttons\">\n                                                                <a class=\"button secondary\" href=\"https:\/\/newlifemills.com\/fr\/contactez-nous\/\" target=\"\"><span>Parlez \u00e0 un sp\u00e9cialiste<\/span><\/a>\n                                    <\/div>\n                    <\/div>\n            <\/div>\n<\/section>","protected":false},"excerpt":{"rendered":"","protected":false},"author":2,"featured_media":0,"parent":2538,"menu_order":0,"comment_status":"closed","ping_status":"closed","template":"","meta":{"_acf_changed":false,"_relevanssi_hide_post":"","_relevanssi_hide_content":"","_relevanssi_pin_for_all":"","_relevanssi_pin_keywords":"","_relevanssi_unpin_keywords":"","_relevanssi_related_keywords":"","_relevanssi_related_include_ids":"","_relevanssi_related_exclude_ids":"","_relevanssi_related_no_append":"","_relevanssi_related_not_related":"","_relevanssi_related_posts":"2510,2517,2520,2514","_relevanssi_noindex_reason":"","footnotes":""},"class_list":["post-2570","page","type-page","status-publish","hentry"],"acf":[],"yoast_head":"<!-- This site is optimized with the Yoast SEO plugin v27.5 - https:\/\/yoast.com\/product\/yoast-seo-wordpress\/ -->\n<title>Emplacements des moulins - New Life Mills<\/title>\n<meta name=\"robots\" content=\"index, follow, max-snippet:-1, max-image-preview:large, max-video-preview:-1\" \/>\n<link rel=\"canonical\" href=\"https:\/\/newlifemills.com\/fr\/contactez-nous\/mill-locations\/\" \/>\n<meta property=\"og:locale\" content=\"fr_FR\" \/>\n<meta property=\"og:type\" content=\"article\" \/>\n<meta property=\"og:title\" content=\"Emplacements des moulins - New Life Mills\" \/>\n<meta property=\"og:url\" content=\"https:\/\/newlifemills.com\/fr\/contactez-nous\/mill-locations\/\" \/>\n<meta property=\"og:site_name\" content=\"New Life Mills\" \/>\n<meta property=\"article:modified_time\" content=\"2026-03-12T18:18:37+00:00\" \/>\n<meta name=\"twitter:card\" content=\"summary_large_image\" \/>\n<script type=\"application\/ld+json\" class=\"yoast-schema-graph\">{\"@context\":\"https:\\\/\\\/schema.org\",\"@graph\":[{\"@type\":\"WebPage\",\"@id\":\"https:\\\/\\\/newlifemills.com\\\/fr\\\/contactez-nous\\\/mill-locations\\\/\",\"url\":\"https:\\\/\\\/newlifemills.com\\\/fr\\\/contactez-nous\\\/mill-locations\\\/\",\"name\":\"Emplacements des moulins - New Life Mills\",\"isPartOf\":{\"@id\":\"https:\\\/\\\/newlifemills.com\\\/fr\\\/#website\"},\"datePublished\":\"2025-11-18T16:18:11+00:00\",\"dateModified\":\"2026-03-12T18:18:37+00:00\",\"breadcrumb\":{\"@id\":\"https:\\\/\\\/newlifemills.com\\\/fr\\\/contactez-nous\\\/mill-locations\\\/#breadcrumb\"},\"inLanguage\":\"fr-FR\",\"potentialAction\":[{\"@type\":\"ReadAction\",\"target\":[\"https:\\\/\\\/newlifemills.com\\\/fr\\\/contactez-nous\\\/mill-locations\\\/\"]}]},{\"@type\":\"BreadcrumbList\",\"@id\":\"https:\\\/\\\/newlifemills.com\\\/fr\\\/contactez-nous\\\/mill-locations\\\/#breadcrumb\",\"itemListElement\":[{\"@type\":\"ListItem\",\"position\":1,\"name\":\"Home\",\"item\":\"https:\\\/\\\/newlifemills.com\\\/fr\\\/\"},{\"@type\":\"ListItem\",\"position\":2,\"name\":\"Contactez-nous\",\"item\":\"https:\\\/\\\/newlifemills.com\\\/fr\\\/contact-us\\\/\"},{\"@type\":\"ListItem\",\"position\":3,\"name\":\"Emplacements des moulins\"}]},{\"@type\":\"WebSite\",\"@id\":\"https:\\\/\\\/newlifemills.com\\\/fr\\\/#website\",\"url\":\"https:\\\/\\\/newlifemills.com\\\/fr\\\/\",\"name\":\"New Life Mills\",\"description\":\"\",\"potentialAction\":[{\"@type\":\"SearchAction\",\"target\":{\"@type\":\"EntryPoint\",\"urlTemplate\":\"https:\\\/\\\/newlifemills.com\\\/fr\\\/?s={search_term_string}\"},\"query-input\":{\"@type\":\"PropertyValueSpecification\",\"valueRequired\":true,\"valueName\":\"search_term_string\"}}],\"inLanguage\":\"fr-FR\"}]}<\/script>\n<!-- \/ Yoast SEO plugin. -->","yoast_head_json":{"title":"Emplacements des moulins - New Life Mills","robots":{"index":"index","follow":"follow","max-snippet":"max-snippet:-1","max-image-preview":"max-image-preview:large","max-video-preview":"max-video-preview:-1"},"canonical":"https:\/\/newlifemills.com\/fr\/contactez-nous\/mill-locations\/","og_locale":"fr_FR","og_type":"article","og_title":"Emplacements des moulins - New Life Mills","og_url":"https:\/\/newlifemills.com\/fr\/contactez-nous\/mill-locations\/","og_site_name":"New Life Mills","article_modified_time":"2026-03-12T18:18:37+00:00","twitter_card":"summary_large_image","schema":{"@context":"https:\/\/schema.org","@graph":[{"@type":"WebPage","@id":"https:\/\/newlifemills.com\/fr\/contactez-nous\/mill-locations\/","url":"https:\/\/newlifemills.com\/fr\/contactez-nous\/mill-locations\/","name":"Emplacements des moulins - New Life Mills","isPartOf":{"@id":"https:\/\/newlifemills.com\/fr\/#website"},"datePublished":"2025-11-18T16:18:11+00:00","dateModified":"2026-03-12T18:18:37+00:00","breadcrumb":{"@id":"https:\/\/newlifemills.com\/fr\/contactez-nous\/mill-locations\/#breadcrumb"},"inLanguage":"fr-FR","potentialAction":[{"@type":"ReadAction","target":["https:\/\/newlifemills.com\/fr\/contactez-nous\/mill-locations\/"]}]},{"@type":"BreadcrumbList","@id":"https:\/\/newlifemills.com\/fr\/contactez-nous\/mill-locations\/#breadcrumb","itemListElement":[{"@type":"ListItem","position":1,"name":"Home","item":"https:\/\/newlifemills.com\/fr\/"},{"@type":"ListItem","position":2,"name":"Contactez-nous","item":"https:\/\/newlifemills.com\/fr\/contact-us\/"},{"@type":"ListItem","position":3,"name":"Emplacements des moulins"}]},{"@type":"WebSite","@id":"https:\/\/newlifemills.com\/fr\/#website","url":"https:\/\/newlifemills.com\/fr\/","name":"New Life Mills","description":"","potentialAction":[{"@type":"SearchAction","target":{"@type":"EntryPoint","urlTemplate":"https:\/\/newlifemills.com\/fr\/?s={search_term_string}"},"query-input":{"@type":"PropertyValueSpecification","valueRequired":true,"valueName":"search_term_string"}}],"inLanguage":"fr-FR"}]}},"_links":{"self":[{"href":"https:\/\/newlifemills.com\/fr\/wp-json\/wp\/v2\/pages\/2570","targetHints":{"allow":["GET"]}}],"collection":[{"href":"https:\/\/newlifemills.com\/fr\/wp-json\/wp\/v2\/pages"}],"about":[{"href":"https:\/\/newlifemills.com\/fr\/wp-json\/wp\/v2\/types\/page"}],"author":[{"embeddable":true,"href":"https:\/\/newlifemills.com\/fr\/wp-json\/wp\/v2\/users\/2"}],"replies":[{"embeddable":true,"href":"https:\/\/newlifemills.com\/fr\/wp-json\/wp\/v2\/comments?post=2570"}],"version-history":[{"count":4,"href":"https:\/\/newlifemills.com\/fr\/wp-json\/wp\/v2\/pages\/2570\/revisions"}],"predecessor-version":[{"id":2608,"href":"https:\/\/newlifemills.com\/fr\/wp-json\/wp\/v2\/pages\/2570\/revisions\/2608"}],"up":[{"embeddable":true,"href":"https:\/\/newlifemills.com\/fr\/wp-json\/wp\/v2\/pages\/2538"}],"wp:attachment":[{"href":"https:\/\/newlifemills.com\/fr\/wp-json\/wp\/v2\/media?parent=2570"}],"curies":[{"name":"wp","href":"https:\/\/api.w.org\/{rel}","templated":true}]}}