{"id":2546,"date":"2025-11-18T16:17:16","date_gmt":"2025-11-18T16:17:16","guid":{"rendered":"https:\/\/newlifemills.com\/?page_id=2546"},"modified":"2026-03-11T19:32:29","modified_gmt":"2026-03-11T19:32:29","slug":"division-agricole","status":"publish","type":"page","link":"https:\/\/newlifemills.com\/fr\/about\/division-agricole\/","title":{"rendered":"Division agricole"},"content":{"rendered":"\n<section \n        class=\"hero hero-image hero-internal\"\n    style=\"background-image: url(https:\/\/newlifemills.com\/wp-content\/uploads\/2026\/01\/background-gold2.png); background-size: cover; background-position: center;\">\n\n    \n    <div class=\"container hero-content\">\n        <div class=\"content\">                                <div class=\"container breadcrumbWrapper\">\n                        <p id=\"breadcrumbs\"><span><span><a href=\"https:\/\/newlifemills.com\/fr\/\">Home<\/a><\/span><\/span><\/p>                    <\/div>\n\n                                        <h1>Division agricole<\/h1>\n                        \n            \n                    <\/div>\n\n            <\/div>\n<\/section>\n\n\n<section class=\"general gray default\">\n    <div class=\"container\">\n    <div class=\"column\" style=\"align-items:center; justify-content:center;\"><div class=\"module\"><p><img decoding=\"async\" style=\"margin: 0 auto;\" src=\"https:\/\/newlifemills.com\/wp-content\/uploads\/2026\/01\/farm-division-logo.png\" width=\"160\" \/><\/p>\n<h2 style=\"text-align: center;\">L\u2019innovation enracin\u00e9e dans l&rsquo;agriculture r\u00e9elle<\/h2>\n<p style=\"text-align: center;\">Chez New-Life Mills, nous ne sommes pas seulement un fabricant d&rsquo;aliments \u2014 nous sommes aussi un producteur. Nos fermes appartenant \u00e0 l&rsquo;entreprise \u00e9l\u00e8vent des \u0153ufs, du poulet et de la dinde, nous donnant un avantage unique : nous \u00e9valuons ce que nous produisons et nous apprenons de nos exp\u00e9riences en tant que cultivateurs.<\/p>\n<\/div><\/div>    <\/div>\n<\/section>\n\n\n<section class=\"general gray default\">\n    <div class=\"container halves\">\n    <div class=\"column\" style=\"align-items:flex-start; justify-content:flex-start;\"><div class=\"module\"><h2 class=\"grayhighlight\">Recherche commerciale<\/h2>\n<p>Nos fermes sont des sites de recherche actifs pour de nouvelles formulations d&rsquo;aliments, d\u2019ingr\u00e9dients et de strat\u00e9gies de gestion. Cela permet \u00e0 nos nutritionnistes de valider la performance dans des conditions r\u00e9elles avant de recommander des solutions \u00e0 nos clients. C&rsquo;est une innovation avec un but \u2014 con\u00e7ue pour fonctionner sur les fermes canadiennes, en pratique et pas seulement en th\u00e9orie.<\/p>\n<\/div><\/div><div class=\"column\" style=\"align-items:flex-start; justify-content:flex-start;\"><div class=\"module\"><h2 class=\"grayhighlight\">Des id\u00e9es qui g\u00e9n\u00e8rent des r\u00e9sultats<\/h2>\n<p>Nos nutritionnistes et repr\u00e9sentants des ventes travaillent en \u00e9troite collaboration avec les producteurs, partageant les id\u00e9es acquises dans nos propres granges. Qu&rsquo;il s&rsquo;agisse d&rsquo;am\u00e9liorer la conversion alimentaire, d&rsquo;am\u00e9liorer la sant\u00e9 intestinale ou de s&rsquo;adapter aux changements du march\u00e9, nous apportons des solutions pratiques et \u00e9prouv\u00e9es.<\/p>\n<\/div><\/div>    <\/div>\n<\/section>\n\n\n<section class=\"general gray full\">\n    <div class=\"container\">\n    <div class=\"column\" style=\"align-items:center; justify-content:flex-start;\"><div class=\"module image-content\"><img decoding=\"async\" src=\"https:\/\/newlifemills.com\/wp-content\/uploads\/2026\/01\/Aerial-Photo.jpeg\" alt=\"Aerial Photo\" \/><\/div><\/div>    <\/div>\n<\/section>\n\n\n<section class=\"general gray default\">\n    <div class=\"container halves\">\n    <div class=\"column\" style=\"align-items:flex-start; justify-content:flex-start;\"><div class=\"module\"><h2 class=\"grayhighlight\">Fi\u00e8rement canadienne<\/h2>\n<p>En tant qu&rsquo;entreprise canadienne, nous comprenons les r\u00e9alit\u00e9s de l&rsquo;agriculture dans ce pays. Notre double r\u00f4le en tant que fabricant et producteur renforce notre engagement \u00e0 soutenir l&rsquo;agriculture canadienne, gr\u00e2ce \u00e0 des aliments performants et des partenariats durables.<\/p>\n<\/div><\/div><div class=\"column\" style=\"align-items:flex-start; justify-content:flex-start;\"><div class=\"module\"><h2 class=\"grayhighlight\"><span class=\"EOP SCXW106049878 BCX0\" data-ccp-props=\"{}\">La durabilit\u00e9 en action<br \/>\n<\/span><\/h2>\n<p>Nous nous engageons \u00e0 b\u00e2tir un avenir meilleur pour<\/p>\n<p>l&rsquo;agriculture. Nos fermes sont \u00e9quip\u00e9es de:<\/p>\n<ul>\n<li>syst\u00e8mes d&rsquo;\u00e9nergie solaire pour r\u00e9duire notre empreinte carbone<\/li>\n<li>BIOvators et de d\u00e9shydrateurs pour g\u00e9rer les d\u00e9chets et am\u00e9liorer l&rsquo;efficacit\u00e9 environnementale<\/li>\n<li>partenariats avec notre centre de recherche pour tester de nouvelles technologies et de nouveaux ingr\u00e9dients alimentaires<\/li>\n<\/ul>\n<p>Ces initiatives nous aident \u00e0 rester en avance sur les d\u00e9fis de l&rsquo;industrie tout en contribuant \u00e0 un syst\u00e8me alimentaire plus durable.<\/p>\n<\/div><\/div>    <\/div>\n<\/section>","protected":false},"excerpt":{"rendered":"","protected":false},"author":2,"featured_media":0,"parent":2348,"menu_order":0,"comment_status":"closed","ping_status":"closed","template":"","meta":{"_acf_changed":false,"_relevanssi_hide_post":"","_relevanssi_hide_content":"","_relevanssi_pin_for_all":"","_relevanssi_pin_keywords":"","_relevanssi_unpin_keywords":"","_relevanssi_related_keywords":"","_relevanssi_related_include_ids":"","_relevanssi_related_exclude_ids":"","_relevanssi_related_no_append":"","_relevanssi_related_not_related":"","_relevanssi_related_posts":"2514,2510,2517,2520","_relevanssi_noindex_reason":"","footnotes":""},"class_list":["post-2546","page","type-page","status-publish","hentry"],"acf":[],"yoast_head":"<!-- This site is optimized with the Yoast SEO plugin v27.5 - https:\/\/yoast.com\/product\/yoast-seo-wordpress\/ -->\n<title>Division agricole | New-Life<\/title>\n<meta name=\"description\" content=\"La division agricole de New-Life Mills teste les aliments sur nos propres fermes, offrant aux producteurscanadiens des gains de performance prouv\u00e9s et une empreinte environnementale r\u00e9duite.\" \/>\n<meta name=\"robots\" content=\"index, follow, max-snippet:-1, max-image-preview:large, max-video-preview:-1\" \/>\n<link rel=\"canonical\" href=\"https:\/\/newlifemills.com\/fr\/about\/division-agricole\/\" \/>\n<meta property=\"og:locale\" content=\"fr_FR\" \/>\n<meta property=\"og:type\" content=\"article\" \/>\n<meta property=\"og:title\" content=\"Division agricole | New-Life\" \/>\n<meta property=\"og:description\" content=\"La division agricole de New-Life Mills teste les aliments sur nos propres fermes, offrant aux producteurscanadiens des gains de performance prouv\u00e9s et une empreinte environnementale r\u00e9duite.\" \/>\n<meta property=\"og:url\" content=\"https:\/\/newlifemills.com\/fr\/about\/division-agricole\/\" \/>\n<meta property=\"og:site_name\" content=\"New Life Mills\" \/>\n<meta property=\"article:modified_time\" content=\"2026-03-11T19:32:29+00:00\" \/>\n<meta name=\"twitter:card\" content=\"summary_large_image\" \/>\n<script type=\"application\/ld+json\" class=\"yoast-schema-graph\">{\"@context\":\"https:\\\/\\\/schema.org\",\"@graph\":[{\"@type\":\"WebPage\",\"@id\":\"https:\\\/\\\/newlifemills.com\\\/fr\\\/about\\\/division-agricole\\\/\",\"url\":\"https:\\\/\\\/newlifemills.com\\\/fr\\\/about\\\/division-agricole\\\/\",\"name\":\"Division agricole | New-Life\",\"isPartOf\":{\"@id\":\"https:\\\/\\\/newlifemills.com\\\/fr\\\/#website\"},\"datePublished\":\"2025-11-18T16:17:16+00:00\",\"dateModified\":\"2026-03-11T19:32:29+00:00\",\"description\":\"La division agricole de New-Life Mills teste les aliments sur nos propres fermes, offrant aux producteurscanadiens des gains de performance prouv\u00e9s et une empreinte environnementale r\u00e9duite.\",\"breadcrumb\":{\"@id\":\"https:\\\/\\\/newlifemills.com\\\/fr\\\/about\\\/division-agricole\\\/#breadcrumb\"},\"inLanguage\":\"fr-FR\",\"potentialAction\":[{\"@type\":\"ReadAction\",\"target\":[\"https:\\\/\\\/newlifemills.com\\\/fr\\\/about\\\/division-agricole\\\/\"]}]},{\"@type\":\"BreadcrumbList\",\"@id\":\"https:\\\/\\\/newlifemills.com\\\/fr\\\/about\\\/division-agricole\\\/#breadcrumb\",\"itemListElement\":[{\"@type\":\"ListItem\",\"position\":1,\"name\":\"Home\",\"item\":\"https:\\\/\\\/newlifemills.com\\\/fr\\\/\"},{\"@type\":\"ListItem\",\"position\":2,\"name\":\"\u00c0 propos de nous\",\"item\":\"https:\\\/\\\/newlifemills.com\\\/fr\\\/about\\\/\"},{\"@type\":\"ListItem\",\"position\":3,\"name\":\"Division agricole\"}]},{\"@type\":\"WebSite\",\"@id\":\"https:\\\/\\\/newlifemills.com\\\/fr\\\/#website\",\"url\":\"https:\\\/\\\/newlifemills.com\\\/fr\\\/\",\"name\":\"New Life Mills\",\"description\":\"\",\"potentialAction\":[{\"@type\":\"SearchAction\",\"target\":{\"@type\":\"EntryPoint\",\"urlTemplate\":\"https:\\\/\\\/newlifemills.com\\\/fr\\\/?s={search_term_string}\"},\"query-input\":{\"@type\":\"PropertyValueSpecification\",\"valueRequired\":true,\"valueName\":\"search_term_string\"}}],\"inLanguage\":\"fr-FR\"}]}<\/script>\n<!-- \/ Yoast SEO plugin. -->","yoast_head_json":{"title":"Division agricole | New-Life","description":"La division agricole de New-Life Mills teste les aliments sur nos propres fermes, offrant aux producteurscanadiens des gains de performance prouv\u00e9s et une empreinte environnementale r\u00e9duite.","robots":{"index":"index","follow":"follow","max-snippet":"max-snippet:-1","max-image-preview":"max-image-preview:large","max-video-preview":"max-video-preview:-1"},"canonical":"https:\/\/newlifemills.com\/fr\/about\/division-agricole\/","og_locale":"fr_FR","og_type":"article","og_title":"Division agricole | New-Life","og_description":"La division agricole de New-Life Mills teste les aliments sur nos propres fermes, offrant aux producteurscanadiens des gains de performance prouv\u00e9s et une empreinte environnementale r\u00e9duite.","og_url":"https:\/\/newlifemills.com\/fr\/about\/division-agricole\/","og_site_name":"New Life Mills","article_modified_time":"2026-03-11T19:32:29+00:00","twitter_card":"summary_large_image","schema":{"@context":"https:\/\/schema.org","@graph":[{"@type":"WebPage","@id":"https:\/\/newlifemills.com\/fr\/about\/division-agricole\/","url":"https:\/\/newlifemills.com\/fr\/about\/division-agricole\/","name":"Division agricole | New-Life","isPartOf":{"@id":"https:\/\/newlifemills.com\/fr\/#website"},"datePublished":"2025-11-18T16:17:16+00:00","dateModified":"2026-03-11T19:32:29+00:00","description":"La division agricole de New-Life Mills teste les aliments sur nos propres fermes, offrant aux producteurscanadiens des gains de performance prouv\u00e9s et une empreinte environnementale r\u00e9duite.","breadcrumb":{"@id":"https:\/\/newlifemills.com\/fr\/about\/division-agricole\/#breadcrumb"},"inLanguage":"fr-FR","potentialAction":[{"@type":"ReadAction","target":["https:\/\/newlifemills.com\/fr\/about\/division-agricole\/"]}]},{"@type":"BreadcrumbList","@id":"https:\/\/newlifemills.com\/fr\/about\/division-agricole\/#breadcrumb","itemListElement":[{"@type":"ListItem","position":1,"name":"Home","item":"https:\/\/newlifemills.com\/fr\/"},{"@type":"ListItem","position":2,"name":"\u00c0 propos de nous","item":"https:\/\/newlifemills.com\/fr\/about\/"},{"@type":"ListItem","position":3,"name":"Division agricole"}]},{"@type":"WebSite","@id":"https:\/\/newlifemills.com\/fr\/#website","url":"https:\/\/newlifemills.com\/fr\/","name":"New Life Mills","description":"","potentialAction":[{"@type":"SearchAction","target":{"@type":"EntryPoint","urlTemplate":"https:\/\/newlifemills.com\/fr\/?s={search_term_string}"},"query-input":{"@type":"PropertyValueSpecification","valueRequired":true,"valueName":"search_term_string"}}],"inLanguage":"fr-FR"}]}},"_links":{"self":[{"href":"https:\/\/newlifemills.com\/fr\/wp-json\/wp\/v2\/pages\/2546","targetHints":{"allow":["GET"]}}],"collection":[{"href":"https:\/\/newlifemills.com\/fr\/wp-json\/wp\/v2\/pages"}],"about":[{"href":"https:\/\/newlifemills.com\/fr\/wp-json\/wp\/v2\/types\/page"}],"author":[{"embeddable":true,"href":"https:\/\/newlifemills.com\/fr\/wp-json\/wp\/v2\/users\/2"}],"replies":[{"embeddable":true,"href":"https:\/\/newlifemills.com\/fr\/wp-json\/wp\/v2\/comments?post=2546"}],"version-history":[{"count":1,"href":"https:\/\/newlifemills.com\/fr\/wp-json\/wp\/v2\/pages\/2546\/revisions"}],"predecessor-version":[{"id":2555,"href":"https:\/\/newlifemills.com\/fr\/wp-json\/wp\/v2\/pages\/2546\/revisions\/2555"}],"up":[{"embeddable":true,"href":"https:\/\/newlifemills.com\/fr\/wp-json\/wp\/v2\/pages\/2348"}],"wp:attachment":[{"href":"https:\/\/newlifemills.com\/fr\/wp-json\/wp\/v2\/media?parent=2546"}],"curies":[{"name":"wp","href":"https:\/\/api.w.org\/{rel}","templated":true}]}}