{"id":2538,"date":"2025-11-18T16:14:58","date_gmt":"2025-11-18T16:14:58","guid":{"rendered":"https:\/\/newlifemills.com\/?page_id=2538"},"modified":"2026-03-11T18:10:04","modified_gmt":"2026-03-11T18:10:04","slug":"contactez-nous","status":"publish","type":"page","link":"https:\/\/newlifemills.com\/fr\/contactez-nous\/","title":{"rendered":"Contactez-nous"},"content":{"rendered":"\n<section \n        class=\"hero hero-image hero-internal\"\n    style=\"background-image: url(https:\/\/newlifemills.com\/wp-content\/uploads\/2025\/11\/background-gold2.png); background-size: cover; background-position: center;\">\n\n    \n    <div class=\"container hero-content\">\n        <div class=\"content\">                                <div class=\"container breadcrumbWrapper\">\n                        <p id=\"breadcrumbs\"><span><span><a href=\"https:\/\/newlifemills.com\/fr\/\">Home<\/a><\/span><\/span><\/p>                    <\/div>\n\n                                        <h1>Contactez-nous<\/h1>\n                        \n            \n                    <\/div>\n\n            <\/div>\n<\/section>","protected":false},"excerpt":{"rendered":"","protected":false},"author":2,"featured_media":0,"parent":0,"menu_order":4,"comment_status":"closed","ping_status":"closed","template":"page-contact-us.php","meta":{"_acf_changed":false,"_relevanssi_hide_post":"","_relevanssi_hide_content":"","_relevanssi_pin_for_all":"","_relevanssi_pin_keywords":"","_relevanssi_unpin_keywords":"","_relevanssi_related_keywords":"","_relevanssi_related_include_ids":"","_relevanssi_related_exclude_ids":"","_relevanssi_related_no_append":"","_relevanssi_related_not_related":"","_relevanssi_related_posts":"2520,2510,2514,2517","_relevanssi_noindex_reason":"","footnotes":""},"class_list":["post-2538","page","type-page","status-publish","hentry"],"acf":[],"yoast_head":"<!-- This site is optimized with the Yoast SEO plugin v27.5 - https:\/\/yoast.com\/product\/yoast-seo-wordpress\/ -->\n<title>Contactez New-Life Mills | Parlez \u00e0 un sp\u00e9cialiste en nutrition<\/title>\n<meta name=\"description\" content=\"Contactez New-Life Mills pour des questions sur l&#039;alimentation, un soutien \u00e0 la ferme ou des recommandationsde programmes. Contactez nos nutritionnistes, le service \u00e0 la client\u00e8le ou vos moulins locaux.\" \/>\n<meta name=\"robots\" content=\"index, follow, max-snippet:-1, max-image-preview:large, max-video-preview:-1\" \/>\n<link rel=\"canonical\" href=\"https:\/\/newlifemills.com\/fr\/contactez-nous\/\" \/>\n<meta property=\"og:locale\" content=\"fr_FR\" \/>\n<meta property=\"og:type\" content=\"article\" \/>\n<meta property=\"og:title\" content=\"Contactez New-Life Mills | Parlez \u00e0 un sp\u00e9cialiste en nutrition\" \/>\n<meta property=\"og:description\" content=\"Contactez New-Life Mills pour des questions sur l&#039;alimentation, un soutien \u00e0 la ferme ou des recommandationsde programmes. Contactez nos nutritionnistes, le service \u00e0 la client\u00e8le ou vos moulins locaux.\" \/>\n<meta property=\"og:url\" content=\"https:\/\/newlifemills.com\/fr\/contactez-nous\/\" \/>\n<meta property=\"og:site_name\" content=\"New Life Mills\" \/>\n<meta property=\"article:modified_time\" content=\"2026-03-11T18:10:04+00:00\" \/>\n<meta name=\"twitter:card\" content=\"summary_large_image\" \/>\n<script type=\"application\/ld+json\" class=\"yoast-schema-graph\">{\"@context\":\"https:\\\/\\\/schema.org\",\"@graph\":[{\"@type\":\"WebPage\",\"@id\":\"https:\\\/\\\/newlifemills.com\\\/fr\\\/contactez-nous\\\/\",\"url\":\"https:\\\/\\\/newlifemills.com\\\/fr\\\/contactez-nous\\\/\",\"name\":\"Contactez New-Life Mills | Parlez \u00e0 un sp\u00e9cialiste en nutrition\",\"isPartOf\":{\"@id\":\"https:\\\/\\\/newlifemills.com\\\/fr\\\/#website\"},\"datePublished\":\"2025-11-18T16:14:58+00:00\",\"dateModified\":\"2026-03-11T18:10:04+00:00\",\"description\":\"Contactez New-Life Mills pour des questions sur l'alimentation, un soutien \u00e0 la ferme ou des recommandationsde programmes. Contactez nos nutritionnistes, le service \u00e0 la client\u00e8le ou vos moulins locaux.\",\"breadcrumb\":{\"@id\":\"https:\\\/\\\/newlifemills.com\\\/fr\\\/contactez-nous\\\/#breadcrumb\"},\"inLanguage\":\"fr-FR\",\"potentialAction\":[{\"@type\":\"ReadAction\",\"target\":[\"https:\\\/\\\/newlifemills.com\\\/fr\\\/contactez-nous\\\/\"]}]},{\"@type\":\"BreadcrumbList\",\"@id\":\"https:\\\/\\\/newlifemills.com\\\/fr\\\/contactez-nous\\\/#breadcrumb\",\"itemListElement\":[{\"@type\":\"ListItem\",\"position\":1,\"name\":\"Home\",\"item\":\"https:\\\/\\\/newlifemills.com\\\/fr\\\/\"},{\"@type\":\"ListItem\",\"position\":2,\"name\":\"Contactez-nous\"}]},{\"@type\":\"WebSite\",\"@id\":\"https:\\\/\\\/newlifemills.com\\\/fr\\\/#website\",\"url\":\"https:\\\/\\\/newlifemills.com\\\/fr\\\/\",\"name\":\"New Life Mills\",\"description\":\"\",\"potentialAction\":[{\"@type\":\"SearchAction\",\"target\":{\"@type\":\"EntryPoint\",\"urlTemplate\":\"https:\\\/\\\/newlifemills.com\\\/fr\\\/?s={search_term_string}\"},\"query-input\":{\"@type\":\"PropertyValueSpecification\",\"valueRequired\":true,\"valueName\":\"search_term_string\"}}],\"inLanguage\":\"fr-FR\"}]}<\/script>\n<!-- \/ Yoast SEO plugin. -->","yoast_head_json":{"title":"Contactez New-Life Mills | Parlez \u00e0 un sp\u00e9cialiste en nutrition","description":"Contactez New-Life Mills pour des questions sur l'alimentation, un soutien \u00e0 la ferme ou des recommandationsde programmes. Contactez nos nutritionnistes, le service \u00e0 la client\u00e8le ou vos moulins locaux.","robots":{"index":"index","follow":"follow","max-snippet":"max-snippet:-1","max-image-preview":"max-image-preview:large","max-video-preview":"max-video-preview:-1"},"canonical":"https:\/\/newlifemills.com\/fr\/contactez-nous\/","og_locale":"fr_FR","og_type":"article","og_title":"Contactez New-Life Mills | Parlez \u00e0 un sp\u00e9cialiste en nutrition","og_description":"Contactez New-Life Mills pour des questions sur l'alimentation, un soutien \u00e0 la ferme ou des recommandationsde programmes. Contactez nos nutritionnistes, le service \u00e0 la client\u00e8le ou vos moulins locaux.","og_url":"https:\/\/newlifemills.com\/fr\/contactez-nous\/","og_site_name":"New Life Mills","article_modified_time":"2026-03-11T18:10:04+00:00","twitter_card":"summary_large_image","schema":{"@context":"https:\/\/schema.org","@graph":[{"@type":"WebPage","@id":"https:\/\/newlifemills.com\/fr\/contactez-nous\/","url":"https:\/\/newlifemills.com\/fr\/contactez-nous\/","name":"Contactez New-Life Mills | Parlez \u00e0 un sp\u00e9cialiste en nutrition","isPartOf":{"@id":"https:\/\/newlifemills.com\/fr\/#website"},"datePublished":"2025-11-18T16:14:58+00:00","dateModified":"2026-03-11T18:10:04+00:00","description":"Contactez New-Life Mills pour des questions sur l'alimentation, un soutien \u00e0 la ferme ou des recommandationsde programmes. Contactez nos nutritionnistes, le service \u00e0 la client\u00e8le ou vos moulins locaux.","breadcrumb":{"@id":"https:\/\/newlifemills.com\/fr\/contactez-nous\/#breadcrumb"},"inLanguage":"fr-FR","potentialAction":[{"@type":"ReadAction","target":["https:\/\/newlifemills.com\/fr\/contactez-nous\/"]}]},{"@type":"BreadcrumbList","@id":"https:\/\/newlifemills.com\/fr\/contactez-nous\/#breadcrumb","itemListElement":[{"@type":"ListItem","position":1,"name":"Home","item":"https:\/\/newlifemills.com\/fr\/"},{"@type":"ListItem","position":2,"name":"Contactez-nous"}]},{"@type":"WebSite","@id":"https:\/\/newlifemills.com\/fr\/#website","url":"https:\/\/newlifemills.com\/fr\/","name":"New Life Mills","description":"","potentialAction":[{"@type":"SearchAction","target":{"@type":"EntryPoint","urlTemplate":"https:\/\/newlifemills.com\/fr\/?s={search_term_string}"},"query-input":{"@type":"PropertyValueSpecification","valueRequired":true,"valueName":"search_term_string"}}],"inLanguage":"fr-FR"}]}},"_links":{"self":[{"href":"https:\/\/newlifemills.com\/fr\/wp-json\/wp\/v2\/pages\/2538","targetHints":{"allow":["GET"]}}],"collection":[{"href":"https:\/\/newlifemills.com\/fr\/wp-json\/wp\/v2\/pages"}],"about":[{"href":"https:\/\/newlifemills.com\/fr\/wp-json\/wp\/v2\/types\/page"}],"author":[{"embeddable":true,"href":"https:\/\/newlifemills.com\/fr\/wp-json\/wp\/v2\/users\/2"}],"replies":[{"embeddable":true,"href":"https:\/\/newlifemills.com\/fr\/wp-json\/wp\/v2\/comments?post=2538"}],"version-history":[{"count":1,"href":"https:\/\/newlifemills.com\/fr\/wp-json\/wp\/v2\/pages\/2538\/revisions"}],"predecessor-version":[{"id":2539,"href":"https:\/\/newlifemills.com\/fr\/wp-json\/wp\/v2\/pages\/2538\/revisions\/2539"}],"wp:attachment":[{"href":"https:\/\/newlifemills.com\/fr\/wp-json\/wp\/v2\/media?parent=2538"}],"curies":[{"name":"wp","href":"https:\/\/api.w.org\/{rel}","templated":true}]}}