{"id":2382,"date":"2025-11-18T16:17:16","date_gmt":"2025-11-18T16:17:16","guid":{"rendered":"https:\/\/newlifemills.com\/?page_id=2382"},"modified":"2026-03-12T18:23:02","modified_gmt":"2026-03-12T18:23:02","slug":"carrieres","status":"publish","type":"page","link":"https:\/\/newlifemills.com\/fr\/about\/carrieres\/","title":{"rendered":"Carri\u00e8res"},"content":{"rendered":"\n<section \n        class=\"hero hero-image hero-internal\"\n    style=\"background-image: url(https:\/\/newlifemills.com\/wp-content\/uploads\/2025\/11\/background-gold2.png); background-size: cover; background-position: center;\">\n\n    \n    <div class=\"container hero-content\">\n        <div class=\"content\">                                <div class=\"container breadcrumbWrapper\">\n                        <p id=\"breadcrumbs\"><span><span><a href=\"https:\/\/newlifemills.com\/fr\/\">Home<\/a><\/span><\/span><\/p>                    <\/div>\n\n                                        <h1>Carri\u00e8res chez New-Life Mills<\/h1>\n                        \n            \n                    <\/div>\n\n            <\/div>\n<\/section>\n\n\n<section class=\"general gray default\">\n    <div class=\"container halves\">\n    <div class=\"column\" style=\"align-items:center; justify-content:flex-start;\"><div class=\"module\"><h2>Nourrir votre avenir commence<\/h2>\n<p>Chez New-Life Mills, nous croyons que de bons aliments et de bonnes fermes commencent par les bonnes personnes. En tant que fi\u00e8re division de Parrish &amp; Heimbecker, Limit\u00e9e, nous perp\u00e9tuons plus de 116 ans de leadership canadien en agro-industrie. Cet h\u00e9ritage nous offre une base solide, tandis que notre accent sur l&rsquo;innovation en nutrition animale nous permet de regarder vers l&rsquo;avenir.<\/p>\n<p>Travailler ici signifie rejoindre une \u00e9quipe qui vit ses valeurs \u2014 int\u00e9grit\u00e9, leadership, relations et service \u00e0 la client\u00e8le \u2014 non seulement en paroles, mais aussi dans la mani\u00e8re dont nous soutenons les agriculteurs et les uns les autres chaque jour.<\/p>\n<p><a class=\"button primary large-top\" href=\"https:\/\/parrishandheimbecker.com\/company\/careers\/current-opportunities\/\" target=\"_blank\" rel=\"noopener\">Opportunit\u00e9s actuelles<\/a><\/p>\n<\/div><\/div><div class=\"column\" style=\"align-items:center; justify-content:flex-start;\"><div class=\"module\"><iframe loading=\"lazy\" title=\"Give your career Purpose &amp; History by joining us at P&amp;H\" width=\"640\" height=\"360\" src=\"https:\/\/www.youtube.com\/embed\/9CFHE0nMDvw?feature=oembed\" frameborder=\"0\" allow=\"accelerometer; autoplay; clipboard-write; encrypted-media; gyroscope; picture-in-picture; web-share\" referrerpolicy=\"strict-origin-when-cross-origin\" allowfullscreen><\/iframe><\/div><\/div>    <\/div>\n<\/section>\n\n\n<section \n        class=\"key-points \"\n>\n    <div class=\"container\">\n\n                    <span class=\"eyebrow\">Rejoignez-nous<\/span>\n        \n                    <h2 class=\"key-points-title\">Pourquoi rejoindre notre \u00e9quipe<\/h2>\n        \n        <div class=\"key-points-layout\">\n\n            \n                            <div class=\"key-points-container\">\n                                            <div class=\"key-point-item\">\n                                                            <div class=\"key-point-icon\">\n                                    <img decoding=\"async\" src=\"https:\/\/newlifemills.com\/wp-content\/uploads\/2025\/12\/icon-heart.svg\" alt=\"Icon Heart\">\n                                <\/div>\n                                                        <div class=\"key-point-content\">\n                                <h4>Un travail significatif<\/h4>\n<p>Jouez un r\u00f4le en aidant les producteurs de b\u00e9tail canadiens \u00e0 nourrir l&rsquo;avenir gr\u00e2ce \u00e0 des solutions nutritionnelles s\u00fbres, innovantes et rentables.<\/p>\n                            <\/div>\n                        <\/div>\n                                            <div class=\"key-point-item\">\n                                                            <div class=\"key-point-icon\">\n                                    <img decoding=\"async\" src=\"https:\/\/newlifemills.com\/wp-content\/uploads\/2025\/12\/icon-peopleFirst.svg\" alt=\"Icon Peoplefirst\">\n                                <\/div>\n                                                        <div class=\"key-point-content\">\n                                <h4>Une culture ax\u00e9e sur les personnes<\/h4>\n<p>Travaillez dans un endroit o\u00f9 les employ\u00e9s de longue date sont consid\u00e9r\u00e9s comme une famille et o\u00f9 les relations sont au c\u0153ur du succ\u00e8s<\/p>\n                            <\/div>\n                        <\/div>\n                                            <div class=\"key-point-item\">\n                                                            <div class=\"key-point-icon\">\n                                    <img decoding=\"async\" src=\"https:\/\/newlifemills.com\/wp-content\/uploads\/2025\/12\/icon-growth.svg\" alt=\"Icon Growth\">\n                                <\/div>\n                                                        <div class=\"key-point-content\">\n                                <h4>Une croissance sur laquelle vous pouvez compter<\/h4>\n<p>Acc\u00e9dez \u00e0 un apprentissage continu, \u00e0 du mentorat et \u00e0 l&rsquo;avancement de carri\u00e8re au sein de l&rsquo;un des r\u00e9seaux agro-industriels les plus respect\u00e9s du Canada.<\/p>\n                            <\/div>\n                        <\/div>\n                                            <div class=\"key-point-item\">\n                                                            <div class=\"key-point-icon\">\n                                    <img decoding=\"async\" src=\"https:\/\/newlifemills.com\/wp-content\/uploads\/2025\/12\/icon-rewards.svg\" alt=\"Icon Rewards\">\n                                <\/div>\n                                                        <div class=\"key-point-content\">\n                                <h4>R\u00e9compenses totales<\/h4>\n<p>Recevez une r\u00e9mun\u00e9ration et des avantages comp\u00e9titifs qui refl\u00e8tent votre contribution et votre engagement envers notre succ\u00e8s commun.<\/p>\n                            <\/div>\n                        <\/div>\n                                    <\/div>\n            \n        <\/div><!-- \/.key-points-layout -->\n\n    <\/div>\n<\/section>\n\n\n<section class=\"general gray default\">\n    <div class=\"container halves\">\n    <div class=\"column\" style=\"align-items:center; justify-content:flex-start;\"><div class=\"module\"><h2>Nos gens<\/h2>\n<p>Chez New-Life Mills, notre force r\u00e9side dans nos gens. Des nutritionnistes aux op\u00e9rateurs de moulin, du service \u00e0 la client\u00e8le aux sp\u00e9cialistes des esp\u00e8ces, des fonctions de soutien aux services professionnels, chaque r\u00f4le contribue \u00e0 aider les agriculteurs canadiens \u00e0 r\u00e9ussir. Nous valorisons l&rsquo;int\u00e9grit\u00e9, le leadership, les relations et le service \u00e0 la client\u00e8le \u2014 et nous sommes fiers des employ\u00e9s de longue date qui ont construit leur carri\u00e8re avec nous.<br \/>\n<a class=\"button primary space-top\" href=\"https:\/\/newlifemills.com\/fr\/notre-equipe\/\">Rencontrez notre \u00e9quipe<\/a><\/p>\n<\/div><\/div><div class=\"column\" style=\"align-items:center; justify-content:flex-start;\"><div class=\"module image-content\"><img decoding=\"async\" src=\"https:\/\/newlifemills.com\/wp-content\/uploads\/2026\/01\/Careers-Our-People.jpg\" alt=\"Careers Our People\" \/><\/div><\/div>    <\/div>\n<\/section>\n\n\n<section class=\"general gray default\">\n    <div class=\"container\">\n    <div class=\"column\" style=\"align-items:center; justify-content:flex-start;\"><div class=\"module\"><h2 class=\"highlight\">Notre engagement envers la diversit\u00e9<\/h2>\n<p>New-Life Mills s&rsquo;engage \u00e0 b\u00e2tir une main-d&rsquo;\u0153uvre qualifi\u00e9e et diversifi\u00e9e qui refl\u00e8te la soci\u00e9t\u00e9 canadienne. Nous sommes fiers d&rsquo;\u00eatre un employeur offrant l&rsquo;\u00e9galit\u00e9 des chances conform\u00e9ment \u00e0 la Loi sur l&rsquo;\u00e9quit\u00e9 en mati\u00e8re d&#8217;emploi, et nous accueillons les candidatures de femmes, de peuples autochtones, de personnes handicap\u00e9es et de membres des minorit\u00e9s visibles. Des accommodements pendant le processus de s\u00e9lection sont disponibles sur demande.<\/p>\n<\/div><\/div>    <\/div>\n<\/section>\n\n\n<section     class=\"accordion dark\">\n\n    <div class=\"container accordion-layout\">\n\n                    <h2 class=\"accordion-heading\">Frequently Asked Questions About Careers with New-Life Mills<\/h2>\n        \n        <div class=\"accordionItems \" id=\"accordionItems-1\">\n            \n                    <div class=\"accordionItem\">\n                        <div class=\"accordionTitle accordionTitle-1\" id=\"accordionTitle-1-1\">\n                            <span>Foire aux questions sur le travail chez New-Life Mills<\/span>\n                        <\/div>\n                        <div class=\"accordionCopy accordionCopy-1\" id=\"accordionCopy-1-1\">\n                            <p>Le succ\u00e8s chez New-Life Mills commence par la connexion. Au cours de vos premiers mois, nous voulons que vous vous sentiez partie int\u00e9grante de l&rsquo;\u00e9quipe, que vous compreniez nos valeurs et que vous voyiez comment votre r\u00f4le soutient les agriculteurs canadiens. Vous recevrez une formation pratique, rencontrerez des coll\u00e8gues de diff\u00e9rents d\u00e9partements et commencerez \u00e0 contribuer \u00e0 des projets qui font une diff\u00e9rence dans la sant\u00e9 animale et la performance des fermes.<\/p>\n                        <\/div>\n                    <\/div>\n\n                \n                    <div class=\"accordionItem\">\n                        <div class=\"accordionTitle accordionTitle-1\" id=\"accordionTitle-2-1\">\n                            <span>Comment le succ\u00e8s est-il \u00e9valu\u00e9 dans ce r\u00f4le \u00e0 long terme<\/span>\n                        <\/div>\n                        <div class=\"accordionCopy accordionCopy-1\" id=\"accordionCopy-2-1\">\n                            <p>Nous mesurons le succ\u00e8s \u00e0 la fois par les r\u00e9sultats et les relations. La performance est \u00e9valu\u00e9e en fonction de la mani\u00e8re dont vous soutenez les clients (tant internes qu&rsquo;externes), contribuez aux objectifs de l&rsquo;\u00e9quipe et vivez nos valeurs d&rsquo;int\u00e9grit\u00e9, de leadership, de relations et de service \u00e0 la client\u00e8le. Nous voulons que vous d\u00e9veloppiez votre carri\u00e8re ici tout en aidant les producteurs \u00e0 nourrir leur avenir.<\/p>\n                        <\/div>\n                    <\/div>\n\n                \n                    <div class=\"accordionItem\">\n                        <div class=\"accordionTitle accordionTitle-1\" id=\"accordionTitle-3-1\">\n                            <span>Pouvez-vous d\u00e9crire la culture d&rsquo;entreprise et l&rsquo;environnement de travail?<\/span>\n                        <\/div>\n                        <div class=\"accordionCopy accordionCopy-1\" id=\"accordionCopy-3-1\">\n                            <p>Notre culture est enracin\u00e9e dans la confiance et la collaboration. Nous sommes fiers de nos employ\u00e9s de longue date qui d\u00e9crivent New-Life Mills comme un endroit o\u00f9 les gens sont trait\u00e9s comme une famille. Vous trouverez un m\u00e9lange d&rsquo;innovation et de tradition \u2014 un lieu de travail o\u00f9 les id\u00e9es sont les bienvenues, la s\u00e9curit\u00e9 et la qualit\u00e9 sont des priorit\u00e9s absolues et tout le monde travaille ensemble pour soutenir l&rsquo;agriculture canadienne.<\/p>\n                        <\/div>\n                    <\/div>\n\n                \n                    <div class=\"accordionItem\">\n                        <div class=\"accordionTitle accordionTitle-1\" id=\"accordionTitle-4-1\">\n                            <span>Quelles sont les opportunit\u00e9s de d\u00e9veloppement professionnel et de progression de carri\u00e8re?<\/span>\n                        <\/div>\n                        <div class=\"accordionCopy accordionCopy-1\" id=\"accordionCopy-4-1\">\n                            <p>Nous sommes engag\u00e9s dans l&rsquo;apprentissage continu. Vous aurez acc\u00e8s \u00e0 des formations, du mentorat et des opportunit\u00e9s \u00e9ducatives (programme de remboursement \u00e0 100 % pour l&rsquo;\u00e9ducation continue disponible sur approbation) qui vous aideront \u00e0 am\u00e9liorer vos comp\u00e9tences et \u00e0 explorer des parcours de carri\u00e8re au sein de New-Life Mills et \u00e0 travers le r\u00e9seau national de Parrish &amp; Heimbecker. Beaucoup de nos employ\u00e9s ont construit ici de gratifiantes carri\u00e8res \u00e0 long terme.<\/p>\n                        <\/div>\n                    <\/div>\n\n                \n                    <div class=\"accordionItem\">\n                        <div class=\"accordionTitle accordionTitle-1\" id=\"accordionTitle-5-1\">\n                            <span>Quels d\u00e9fis l&rsquo;\u00e9quipe ou l&rsquo;entreprise doit-elle relever pr\u00e9sentement?<\/span>\n                        <\/div>\n                        <div class=\"accordionCopy accordionCopy-1\" id=\"accordionCopy-5-1\">\n                            <p>L&rsquo;agriculture est en constante \u00e9volution. La hausse des co\u00fbts des intrants, les changements r\u00e9glementaires et les demandes changeantes des consommateurs sont des r\u00e9alit\u00e9s auxquelles nos clients font face quotidiennement. Notre d\u00e9fi \u2014 et notre opportunit\u00e9 \u2014 est d&rsquo;innover en mati\u00e8re de nutrition et de service afin que les producteurs canadiens se sentent soutenus et confiants. Lorsque vous rejoignez New-Life Mills, vous faites partie de cette solution.<\/p>\n                        <\/div>\n                    <\/div>\n\n                        <\/div>\n\n    <\/div>\n<\/section>\n\n\n<section class=\"cta yellow\">\n    <div class=\"container\">\n        <div class=\"left noimage\">\n            <h3>Pr\u00eat \u00e0 grandir avec nous?<\/h3>\n<p>Si vous \u00eates passionn\u00e9 par l&rsquo;agriculture canadienne et souhaitez faire partie d&rsquo;une \u00e9quipe qui fa\u00e7onne l&rsquo;avenir<br \/>\nde la nutrition animale, nous serions ravis de vous rencontrer.<\/p>\n\n                            <div class=\"buttons\">\n                                                                <a class=\"button secondary\" href=\"https:\/\/parrishandheimbecker.com\/company\/careers\/current-opportunities\/\" target=\"_blank\"><span>Explorez les opportunit\u00e9s actuelles<\/span><\/a>\n                                    <\/div>\n                    <\/div>\n            <\/div>\n<\/section>","protected":false},"excerpt":{"rendered":"","protected":false},"author":2,"featured_media":0,"parent":2348,"menu_order":0,"comment_status":"closed","ping_status":"closed","template":"","meta":{"_acf_changed":false,"_relevanssi_hide_post":"","_relevanssi_hide_content":"","_relevanssi_pin_for_all":"","_relevanssi_pin_keywords":"","_relevanssi_unpin_keywords":"","_relevanssi_related_keywords":"","_relevanssi_related_include_ids":"","_relevanssi_related_exclude_ids":"","_relevanssi_related_no_append":"","_relevanssi_related_not_related":"","_relevanssi_related_posts":"","_relevanssi_noindex_reason":"","footnotes":""},"class_list":["post-2382","page","type-page","status-publish","hentry"],"acf":[],"yoast_head":"<!-- This site is optimized with the Yoast SEO plugin v27.5 - https:\/\/yoast.com\/product\/yoast-seo-wordpress\/ -->\n<title>Carri\u00e8res chez New-Life Mills | Rejoignez<\/title>\n<meta name=\"description\" content=\"Construisez votre avenir avec New-Life Mills. Faites un travail significatif qui soutient l&#039;agriculture canadienne,d\u00e9veloppez-vous gr\u00e2ce \u00e0 la formation et au mentorat, et rejoignez une culture ax\u00e9e sur les personnes,enracin\u00e9e dans l&#039;int\u00e9grit\u00e9 et les r\u00e9sultats.\" \/>\n<meta name=\"robots\" content=\"index, follow, max-snippet:-1, max-image-preview:large, max-video-preview:-1\" \/>\n<link rel=\"canonical\" href=\"https:\/\/newlifemills.com\/fr\/about\/carrieres\/\" \/>\n<meta property=\"og:locale\" content=\"fr_FR\" \/>\n<meta property=\"og:type\" content=\"article\" \/>\n<meta property=\"og:title\" content=\"Carri\u00e8res chez New-Life Mills | Rejoignez\" \/>\n<meta property=\"og:description\" content=\"Construisez votre avenir avec New-Life Mills. Faites un travail significatif qui soutient l&#039;agriculture canadienne,d\u00e9veloppez-vous gr\u00e2ce \u00e0 la formation et au mentorat, et rejoignez une culture ax\u00e9e sur les personnes,enracin\u00e9e dans l&#039;int\u00e9grit\u00e9 et les r\u00e9sultats.\" \/>\n<meta property=\"og:url\" content=\"https:\/\/newlifemills.com\/fr\/about\/carrieres\/\" \/>\n<meta property=\"og:site_name\" content=\"New Life Mills\" \/>\n<meta property=\"article:modified_time\" content=\"2026-03-12T18:23:02+00:00\" \/>\n<meta name=\"twitter:card\" content=\"summary_large_image\" \/>\n<script type=\"application\/ld+json\" class=\"yoast-schema-graph\">{\"@context\":\"https:\\\/\\\/schema.org\",\"@graph\":[{\"@type\":\"WebPage\",\"@id\":\"https:\\\/\\\/newlifemills.com\\\/fr\\\/about\\\/carrieres\\\/\",\"url\":\"https:\\\/\\\/newlifemills.com\\\/fr\\\/about\\\/carrieres\\\/\",\"name\":\"Carri\u00e8res chez New-Life Mills | Rejoignez\",\"isPartOf\":{\"@id\":\"https:\\\/\\\/newlifemills.com\\\/fr\\\/#website\"},\"datePublished\":\"2025-11-18T16:17:16+00:00\",\"dateModified\":\"2026-03-12T18:23:02+00:00\",\"description\":\"Construisez votre avenir avec New-Life Mills. Faites un travail significatif qui soutient l'agriculture canadienne,d\u00e9veloppez-vous gr\u00e2ce \u00e0 la formation et au mentorat, et rejoignez une culture ax\u00e9e sur les personnes,enracin\u00e9e dans l'int\u00e9grit\u00e9 et les r\u00e9sultats.\",\"breadcrumb\":{\"@id\":\"https:\\\/\\\/newlifemills.com\\\/fr\\\/about\\\/carrieres\\\/#breadcrumb\"},\"inLanguage\":\"fr-FR\",\"potentialAction\":[{\"@type\":\"ReadAction\",\"target\":[\"https:\\\/\\\/newlifemills.com\\\/fr\\\/about\\\/carrieres\\\/\"]}]},{\"@type\":\"BreadcrumbList\",\"@id\":\"https:\\\/\\\/newlifemills.com\\\/fr\\\/about\\\/carrieres\\\/#breadcrumb\",\"itemListElement\":[{\"@type\":\"ListItem\",\"position\":1,\"name\":\"Home\",\"item\":\"https:\\\/\\\/newlifemills.com\\\/fr\\\/\"},{\"@type\":\"ListItem\",\"position\":2,\"name\":\"\u00c0 propos de nous\",\"item\":\"https:\\\/\\\/newlifemills.com\\\/fr\\\/about\\\/\"},{\"@type\":\"ListItem\",\"position\":3,\"name\":\"Carri\u00e8res\"}]},{\"@type\":\"WebSite\",\"@id\":\"https:\\\/\\\/newlifemills.com\\\/fr\\\/#website\",\"url\":\"https:\\\/\\\/newlifemills.com\\\/fr\\\/\",\"name\":\"New Life Mills\",\"description\":\"\",\"potentialAction\":[{\"@type\":\"SearchAction\",\"target\":{\"@type\":\"EntryPoint\",\"urlTemplate\":\"https:\\\/\\\/newlifemills.com\\\/fr\\\/?s={search_term_string}\"},\"query-input\":{\"@type\":\"PropertyValueSpecification\",\"valueRequired\":true,\"valueName\":\"search_term_string\"}}],\"inLanguage\":\"fr-FR\"}]}<\/script>\n<!-- \/ Yoast SEO plugin. -->","yoast_head_json":{"title":"Carri\u00e8res chez New-Life Mills | Rejoignez","description":"Construisez votre avenir avec New-Life Mills. Faites un travail significatif qui soutient l'agriculture canadienne,d\u00e9veloppez-vous gr\u00e2ce \u00e0 la formation et au mentorat, et rejoignez une culture ax\u00e9e sur les personnes,enracin\u00e9e dans l'int\u00e9grit\u00e9 et les r\u00e9sultats.","robots":{"index":"index","follow":"follow","max-snippet":"max-snippet:-1","max-image-preview":"max-image-preview:large","max-video-preview":"max-video-preview:-1"},"canonical":"https:\/\/newlifemills.com\/fr\/about\/carrieres\/","og_locale":"fr_FR","og_type":"article","og_title":"Carri\u00e8res chez New-Life Mills | Rejoignez","og_description":"Construisez votre avenir avec New-Life Mills. Faites un travail significatif qui soutient l'agriculture canadienne,d\u00e9veloppez-vous gr\u00e2ce \u00e0 la formation et au mentorat, et rejoignez une culture ax\u00e9e sur les personnes,enracin\u00e9e dans l'int\u00e9grit\u00e9 et les r\u00e9sultats.","og_url":"https:\/\/newlifemills.com\/fr\/about\/carrieres\/","og_site_name":"New Life Mills","article_modified_time":"2026-03-12T18:23:02+00:00","twitter_card":"summary_large_image","schema":{"@context":"https:\/\/schema.org","@graph":[{"@type":"WebPage","@id":"https:\/\/newlifemills.com\/fr\/about\/carrieres\/","url":"https:\/\/newlifemills.com\/fr\/about\/carrieres\/","name":"Carri\u00e8res chez New-Life Mills | Rejoignez","isPartOf":{"@id":"https:\/\/newlifemills.com\/fr\/#website"},"datePublished":"2025-11-18T16:17:16+00:00","dateModified":"2026-03-12T18:23:02+00:00","description":"Construisez votre avenir avec New-Life Mills. Faites un travail significatif qui soutient l'agriculture canadienne,d\u00e9veloppez-vous gr\u00e2ce \u00e0 la formation et au mentorat, et rejoignez une culture ax\u00e9e sur les personnes,enracin\u00e9e dans l'int\u00e9grit\u00e9 et les r\u00e9sultats.","breadcrumb":{"@id":"https:\/\/newlifemills.com\/fr\/about\/carrieres\/#breadcrumb"},"inLanguage":"fr-FR","potentialAction":[{"@type":"ReadAction","target":["https:\/\/newlifemills.com\/fr\/about\/carrieres\/"]}]},{"@type":"BreadcrumbList","@id":"https:\/\/newlifemills.com\/fr\/about\/carrieres\/#breadcrumb","itemListElement":[{"@type":"ListItem","position":1,"name":"Home","item":"https:\/\/newlifemills.com\/fr\/"},{"@type":"ListItem","position":2,"name":"\u00c0 propos de nous","item":"https:\/\/newlifemills.com\/fr\/about\/"},{"@type":"ListItem","position":3,"name":"Carri\u00e8res"}]},{"@type":"WebSite","@id":"https:\/\/newlifemills.com\/fr\/#website","url":"https:\/\/newlifemills.com\/fr\/","name":"New Life Mills","description":"","potentialAction":[{"@type":"SearchAction","target":{"@type":"EntryPoint","urlTemplate":"https:\/\/newlifemills.com\/fr\/?s={search_term_string}"},"query-input":{"@type":"PropertyValueSpecification","valueRequired":true,"valueName":"search_term_string"}}],"inLanguage":"fr-FR"}]}},"_links":{"self":[{"href":"https:\/\/newlifemills.com\/fr\/wp-json\/wp\/v2\/pages\/2382","targetHints":{"allow":["GET"]}}],"collection":[{"href":"https:\/\/newlifemills.com\/fr\/wp-json\/wp\/v2\/pages"}],"about":[{"href":"https:\/\/newlifemills.com\/fr\/wp-json\/wp\/v2\/types\/page"}],"author":[{"embeddable":true,"href":"https:\/\/newlifemills.com\/fr\/wp-json\/wp\/v2\/users\/2"}],"replies":[{"embeddable":true,"href":"https:\/\/newlifemills.com\/fr\/wp-json\/wp\/v2\/comments?post=2382"}],"version-history":[{"count":3,"href":"https:\/\/newlifemills.com\/fr\/wp-json\/wp\/v2\/pages\/2382\/revisions"}],"predecessor-version":[{"id":2610,"href":"https:\/\/newlifemills.com\/fr\/wp-json\/wp\/v2\/pages\/2382\/revisions\/2610"}],"up":[{"embeddable":true,"href":"https:\/\/newlifemills.com\/fr\/wp-json\/wp\/v2\/pages\/2348"}],"wp:attachment":[{"href":"https:\/\/newlifemills.com\/fr\/wp-json\/wp\/v2\/media?parent=2382"}],"curies":[{"name":"wp","href":"https:\/\/api.w.org\/{rel}","templated":true}]}}