{"id":2348,"date":"2025-11-18T16:15:51","date_gmt":"2025-11-18T16:15:51","guid":{"rendered":"https:\/\/newlifemills.com\/?page_id=2348"},"modified":"2026-04-15T17:19:54","modified_gmt":"2026-04-15T17:19:54","slug":"about","status":"publish","type":"page","link":"https:\/\/newlifemills.com\/fr\/about\/","title":{"rendered":"\u00c0 propos de nous"},"content":{"rendered":"\n<section \n        class=\"hero hero-image hero-internal\"\n    style=\"background-image: url(https:\/\/newlifemills.com\/wp-content\/uploads\/2025\/11\/background-gold2.png); background-size: cover; background-position: center;\">\n\n    \n    <div class=\"container hero-content\">\n        <div class=\"content\">                                <div class=\"container breadcrumbWrapper\">\n                        <p id=\"breadcrumbs\"><span><span><a href=\"https:\/\/newlifemills.com\/fr\/\">Home<\/a><\/span><\/span><\/p>                    <\/div>\n\n                                        <h1>\u00c0 propos de New-Life Mills<\/h1>\n                        \n            \n                    <\/div>\n\n            <\/div>\n<\/section>\n\n\n<section class=\"general gray default\">\n    <div class=\"container halves\">\n    <div class=\"column\" style=\"align-items:center; justify-content:flex-start;\"><div class=\"module\"><h2>Notre approche de la nutrition est fond\u00e9e sur la confiance et ax\u00e9e sur les r\u00e9sultats<\/h2>\n<p>Chez New-Life Mills, nous croyons qu&rsquo;une excellente alimentation cr\u00e9e de grandes fermes. Une division fi\u00e8re de Parrish &amp; Heimbecker, Limit\u00e9e, nous apportons des g\u00e9n\u00e9rations d&rsquo;expertise agricole canadienne \u00e0 chaque ration que nous produisons.<\/p>\n<p>Nous sommes plus qu&rsquo;un fabricant d&rsquo;aliments. Nous sommes un partenaire pour les producteurs de b\u00e9tail \u00e0 travers le Canada. Nous combinons une connaissance approfondie de l&rsquo;industrie avec une approche pratique et concr\u00e8te. Nos <a href=\"https:\/\/newlifemills.com\/meet-the-team\/\">sp\u00e9cialistes des esp\u00e8ces<\/a> et nos nutritionnistes travaillent c\u00f4te \u00e0 c\u00f4te avec les agriculteurs pour offrir des solutions qui am\u00e9liorent la sant\u00e9 animale, renforcent la performance et soutiennent la rentabilit\u00e9. D\u00e9couvrez comment nous faisons cela pour la volaille, le b\u00e9tail de boucherie, le b\u00e9tail laitier, les porcs, les ch\u00e8vres laiti\u00e8res et les moutons.<\/p>\n<p><img decoding=\"async\" src=\"https:\/\/newlifemills.com\/wp-content\/uploads\/2026\/01\/Proudly_Canadian.png\" width=\"200\" \/><\/p>\n<\/div><\/div><div class=\"column\" style=\"align-items:center; justify-content:flex-start;\"><div class=\"module image-content\"><img decoding=\"async\" src=\"https:\/\/newlifemills.com\/wp-content\/uploads\/2026\/01\/semi.jpg\" alt=\"Semi\" \/><\/div><\/div>    <\/div>\n<\/section>\n\n\n<section class=\"general gray default\">\n    <div class=\"container halves\">\n    <div class=\"column\" style=\"align-items:center; justify-content:flex-start;\"><div class=\"module image-content\"><img decoding=\"async\" src=\"https:\/\/newlifemills.com\/wp-content\/uploads\/2026\/01\/Truck-about.jpeg\" alt=\"Truck About\" \/><\/div><\/div><div class=\"column\" style=\"align-items:center; justify-content:flex-start;\"><div class=\"module\"><h2>Notre engagement envers la s\u00e9curit\u00e9 et la qualit\u00e9<\/h2>\n<p>La s\u00e9curit\u00e9 et la qualit\u00e9 des aliments sont au c\u0153ur de tout ce que nous faisons. En tant que fabricant certifi\u00e9 FeedAssure, nous respectons les normes les plus \u00e9lev\u00e9es en mati\u00e8re d&rsquo;excellence de fabrication, de tra\u00e7abilit\u00e9 et de bios\u00e9curit\u00e9.<\/p>\n<p>Notre engagement envers l&rsquo;am\u00e9lioration continue garantit que chaque ration \u2014 qu&rsquo;elle soit destin\u00e9e \u00e0 la volaille, aux porcs, aux bovins laitiers, aux bovins de boucherie, aux ch\u00e8vres ou aux moutons \u2014 est soutenue par la science, l&rsquo;int\u00e9grit\u00e9 et le soin.<\/p>\n<p><a class=\"button primary space-top\" href=\"https:\/\/newlifemills.com\/about\/our-commitment\/\">En savoir plus sur notre engagement envers la s\u00e9curit\u00e9 et la qualit\u00e9<\/a><\/p>\n<\/div><\/div>    <\/div>\n<\/section>\n\n\n<section class=\"general gray default\">\n    <div class=\"container halves\">\n    <div class=\"column\" style=\"align-items:center; justify-content:flex-start;\"><div class=\"module\"><h2>Une excellente alimentation commence par les bonnes personnes<\/h2>\n<p>Des nutritionnistes aux agents du service \u00e0 la client\u00e8le, nos employ\u00e9s comprennent la valeur des relations et les r\u00e9alit\u00e9s de l&rsquo;agriculture. Certains de nos sp\u00e9cialistes sont \u00e9galement des producteurs, donc ils ne se contentent pas de donner des conseils, ils les vivent. Que ce soit pour vous soutenir \u00e0 chaque \u00e9tape de la croissance, int\u00e9grer de nouveaux employ\u00e9s, faire \u00e9voluer les gammes de produits ou simplement r\u00e9pondre au t\u00e9l\u00e9phone lorsque vous avez besoin de nous, nous sommes l\u00e0 pour vous aider. Nous croyons que la confiance se construit sur la transparence, et nous nous engageons \u00e0 la m\u00e9riter chaque jour.<\/p>\n<p><a class=\"button primary space-top\" href=\"https:\/\/newlifemills.com\/meet-the-team\/\">Page Rencontrez l&rsquo;\u00e9quipe<\/a><\/p>\n<\/div><\/div><div class=\"column\" style=\"align-items:center; justify-content:flex-start;\"><div class=\"module image-content\"><img decoding=\"async\" src=\"https:\/\/newlifemills.com\/wp-content\/uploads\/2026\/01\/careers.jpg\" alt=\"Careers\" \/><\/div><\/div>    <\/div>\n<\/section>\n\n\n<section class=\"general gray default\">\n    <div class=\"container halves\">\n    <div class=\"column\" style=\"align-items:center; justify-content:flex-start;\"><div class=\"module image-content\"><img decoding=\"async\" src=\"https:\/\/newlifemills.com\/wp-content\/uploads\/2025\/12\/Brand1.jpg\" alt=\"Brand1\" \/><\/div><\/div><div class=\"column\" style=\"align-items:center; justify-content:flex-start;\"><div class=\"module\"><h2>Parrish &amp; Heimbecker, Limited : Leader dans l&rsquo;agro-industrie canadienne<\/h2>\n<p>New-Life Mills est fier de faire partie de Parrish &amp; Heimbecker, Limit\u00e9e (P&amp;H), une entreprise familiale agro-industrielle canadienne int\u00e9gr\u00e9e verticalement, fond\u00e9e en 1901. Ses op\u00e9rations comprennent la commercialisation de grains, les intrants agricoles, la meunerie, le classement des \u0153ufs, ainsi que la transformation et la fabrication d&rsquo;aliments pour animaux.<br \/>\nAvec plus de 3 300 employ\u00e9s dans plus de 90 emplacements \u00e0 travers le pays, P&amp;H sert des clients partout au Canada et dans 35 pays \u00e0 travers le monde. P&amp;H s&rsquo;engage envers la croissance, l&rsquo;innovation et les partenariats \u00e0 long terme.<br \/>\nCette fondation permet \u00e0 New-Life Mills de fournir des aliments de haute qualit\u00e9 soutenus par une expertise approfondie de l&rsquo;industrie et un solide r\u00e9seau national, tout en restant concentr\u00e9e sur les besoins des producteurs canadiens.<\/p>\n<p><a class=\"button primary space-top\" href=\"https:\/\/parrishandheimbecker.com\/fr\/\">Visitez Parrish &amp; Heimbecker<\/a><\/p>\n<\/div><\/div>    <\/div>\n<\/section>\n\n\n<section     class=\"accordion dark\">\n\n    <div class=\"container accordion-layout\">\n\n                    <h2 class=\"accordion-heading\">Questions fr\u00e9quemment pos\u00e9es sur New-Life Mills<\/h2>\n        \n        <div class=\"accordionItems \" id=\"accordionItems-1\">\n            \n                    <div class=\"accordionItem\">\n                        <div class=\"accordionTitle accordionTitle-1\" id=\"accordionTitle-1-1\">\n                            <span>Quel est le lien entre New-Life Mills et Parrish &#038; Heimbecker?<\/span>\n                        <\/div>\n                        <div class=\"accordionCopy accordionCopy-1\" id=\"accordionCopy-1-1\">\n                            <p>New-Life Mills est une fi\u00e8re division de Parrish &amp; Heimbecker (P&amp;H), une entreprise agro-alimentaire canadienne familiale fond\u00e9e en 1909. Notre lien direct avec P&amp;H Milling nous donne acc\u00e8s \u00e0 des ingr\u00e9dients exclusifs et la capacit\u00e9 d&rsquo;innover plus rapidement.<\/p>\n                        <\/div>\n                    <\/div>\n\n                \n                    <div class=\"accordionItem\">\n                        <div class=\"accordionTitle accordionTitle-1\" id=\"accordionTitle-2-1\">\n                            <span>Qu&rsquo;est-ce qui distingue New-Life Mills des autres entreprises d&rsquo;alimentation animale?<\/span>\n                        <\/div>\n                        <div class=\"accordionCopy accordionCopy-1\" id=\"accordionCopy-2-1\">\n                            <p>En tant que division de Parrish &amp; Heimbecker, New-Life Mills b\u00e9n\u00e9ficie de l&rsquo;acc\u00e8s \u00e0 leur vaste r\u00e9seau de grains et de meunerie \u2014 ainsi qu&rsquo;\u00e0 d&rsquo;autres sources fiables \u2014 pour soutenir nos programmes de nutrition. Combin\u00e9s \u00e0 une forte expertise technique et un soutien pratique, nous offrons des solutions d&rsquo;alimentation bas\u00e9es sur la recherche et construites autour de la performance r\u00e9elle des fermes. Notre \u00e9quipe travaille en \u00e9troite collaboration avec les producteurs, agissant comme de v\u00e9ritables partenaires pour aider leurs op\u00e9rations \u00e0 prosp\u00e9rer.<\/p>\n                        <\/div>\n                    <\/div>\n\n                \n                    <div class=\"accordionItem\">\n                        <div class=\"accordionTitle accordionTitle-1\" id=\"accordionTitle-3-1\">\n                            <span>Quelles esp\u00e8ces New-Life Mills soutient-elle?<\/span>\n                        <\/div>\n                        <div class=\"accordionCopy accordionCopy-1\" id=\"accordionCopy-3-1\">\n                            <p>Nous fournissons une nutrition \u00e9prouv\u00e9e pour les porcs, les vaches laiti\u00e8res, les bovins, les ch\u00e8vres, les bisons, les moutons et la volaille, y compris les reproducteurs, les pondeuses, les poulettes et les dindes. Chaque programme est con\u00e7u pour correspondre aux d\u00e9fis r\u00e9els des fermes canadiennes.<\/p>\n                        <\/div>\n                    <\/div>\n\n                \n                    <div class=\"accordionItem\">\n                        <div class=\"accordionTitle accordionTitle-1\" id=\"accordionTitle-4-1\">\n                            <span>Comment New-Life Mills assure-t-elle la s\u00e9curit\u00e9 et la qualit\u00e9 des aliments?<\/span>\n                        <\/div>\n                        <div class=\"accordionCopy accordionCopy-1\" id=\"accordionCopy-4-1\">\n                            <p>Toutes nos installations sont certifi\u00e9es FeedAssure\u00ae, le principal programme canadien de s\u00e9curit\u00e9 des aliments pour animaux bas\u00e9 sur le HACCP. Nous surveillons les points de contr\u00f4le critiques, effectuons des audits r\u00e9guliers et formons notre personnel pour garantir que chaque ration est s\u00fbre, coh\u00e9rente et fiable.<\/p>\n                        <\/div>\n                    <\/div>\n\n                \n                    <div class=\"accordionItem\">\n                        <div class=\"accordionTitle accordionTitle-1\" id=\"accordionTitle-5-1\">\n                            <span>Que signifie \u00ab Nourrir votre avenir \u00bb?<\/span>\n                        <\/div>\n                        <div class=\"accordionCopy accordionCopy-1\" id=\"accordionCopy-5-1\">\n                            <p>\u00ab Nourrir votre avenir \u00bb refl\u00e8te notre engagement \u00e0 soutenir les producteurs canadiens avec bien plus que de la nourriture pour animaux. Cela signifie \u00e9tablir des partenariats \u00e0 long terme, partager des connaissances et offrir des programmes de nutrition qui am\u00e9liorent la sant\u00e9 des animaux, la rentabilit\u00e9 des fermes et la durabilit\u00e9.<\/p>\n                        <\/div>\n                    <\/div>\n\n                        <\/div>\n\n    <\/div>\n<\/section>\n\n\n<section class=\"cta yellow\">\n    <div class=\"container\">\n        <div class=\"left noimage\">\n            <h3>Pr\u00eat \u00e0 travailler ensemble?<\/h3>\n<p>Nous sommes ici pour vous aider \u00e0 nourrir votre avenir avec une nutrition \u00e9prouv\u00e9e, une expertise de confiance et un engagement envers les producteurs canadiens.<\/p>\n\n                            <div class=\"buttons\">\n                                                                <a class=\"button secondary\" href=\"https:\/\/newlifemills.com\/contact-us\/\" target=\"\"><span>Parlez \u00e0 un sp\u00e9cialiste<\/span><\/a>\n                                    <\/div>\n                    <\/div>\n            <\/div>\n<\/section>","protected":false},"excerpt":{"rendered":"","protected":false},"author":2,"featured_media":0,"parent":0,"menu_order":11,"comment_status":"closed","ping_status":"closed","template":"","meta":{"_acf_changed":false,"_relevanssi_hide_post":"","_relevanssi_hide_content":"","_relevanssi_pin_for_all":"","_relevanssi_pin_keywords":"","_relevanssi_unpin_keywords":"","_relevanssi_related_keywords":"","_relevanssi_related_include_ids":"","_relevanssi_related_exclude_ids":"","_relevanssi_related_no_append":"","_relevanssi_related_not_related":"","_relevanssi_related_posts":"2517,2510,2514,2520","_relevanssi_noindex_reason":"","footnotes":""},"class_list":["post-2348","page","type-page","status-publish","hentry"],"acf":[],"yoast_head":"<!-- This site is optimized with the Yoast SEO plugin v27.5 - https:\/\/yoast.com\/product\/yoast-seo-wordpress\/ -->\n<title>\u00c0 propos de New-Life Mills | Nutrition animale canadienne<\/title>\n<meta name=\"description\" content=\"D\u00e9couvrez comment New-Life Mills aide les producteurs canadiens gr\u00e2ce \u00e0 des programmesd&#039;alimentation bas\u00e9s sur la recherche et un soutien pratique \u00e0 la ferme. Appuy\u00e9 par l&#039;expertise de longue datede P&amp;H dans l&#039;agriculture avec certification FeedAssure\u00ae.\" \/>\n<meta name=\"robots\" content=\"index, follow, max-snippet:-1, max-image-preview:large, max-video-preview:-1\" \/>\n<link rel=\"canonical\" href=\"https:\/\/newlifemills.com\/fr\/about\/\" \/>\n<meta property=\"og:locale\" content=\"fr_FR\" \/>\n<meta property=\"og:type\" content=\"article\" \/>\n<meta property=\"og:title\" content=\"\u00c0 propos de New-Life Mills | Nutrition animale canadienne\" \/>\n<meta property=\"og:description\" content=\"D\u00e9couvrez comment New-Life Mills aide les producteurs canadiens gr\u00e2ce \u00e0 des programmesd&#039;alimentation bas\u00e9s sur la recherche et un soutien pratique \u00e0 la ferme. Appuy\u00e9 par l&#039;expertise de longue datede P&amp;H dans l&#039;agriculture avec certification FeedAssure\u00ae.\" \/>\n<meta property=\"og:url\" content=\"https:\/\/newlifemills.com\/fr\/about\/\" \/>\n<meta property=\"og:site_name\" content=\"New Life Mills\" \/>\n<meta property=\"article:modified_time\" content=\"2026-04-15T17:19:54+00:00\" \/>\n<meta name=\"twitter:card\" content=\"summary_large_image\" \/>\n<script type=\"application\/ld+json\" class=\"yoast-schema-graph\">{\"@context\":\"https:\\\/\\\/schema.org\",\"@graph\":[{\"@type\":\"WebPage\",\"@id\":\"https:\\\/\\\/newlifemills.com\\\/fr\\\/about\\\/\",\"url\":\"https:\\\/\\\/newlifemills.com\\\/fr\\\/about\\\/\",\"name\":\"\u00c0 propos de New-Life Mills | Nutrition animale canadienne\",\"isPartOf\":{\"@id\":\"https:\\\/\\\/newlifemills.com\\\/fr\\\/#website\"},\"datePublished\":\"2025-11-18T16:15:51+00:00\",\"dateModified\":\"2026-04-15T17:19:54+00:00\",\"description\":\"D\u00e9couvrez comment New-Life Mills aide les producteurs canadiens gr\u00e2ce \u00e0 des programmesd'alimentation bas\u00e9s sur la recherche et un soutien pratique \u00e0 la ferme. Appuy\u00e9 par l'expertise de longue datede P&H dans l'agriculture avec certification FeedAssure\u00ae.\",\"breadcrumb\":{\"@id\":\"https:\\\/\\\/newlifemills.com\\\/fr\\\/about\\\/#breadcrumb\"},\"inLanguage\":\"fr-FR\",\"potentialAction\":[{\"@type\":\"ReadAction\",\"target\":[\"https:\\\/\\\/newlifemills.com\\\/fr\\\/about\\\/\"]}]},{\"@type\":\"BreadcrumbList\",\"@id\":\"https:\\\/\\\/newlifemills.com\\\/fr\\\/about\\\/#breadcrumb\",\"itemListElement\":[{\"@type\":\"ListItem\",\"position\":1,\"name\":\"Home\",\"item\":\"https:\\\/\\\/newlifemills.com\\\/fr\\\/\"},{\"@type\":\"ListItem\",\"position\":2,\"name\":\"\u00c0 propos de nous\"}]},{\"@type\":\"WebSite\",\"@id\":\"https:\\\/\\\/newlifemills.com\\\/fr\\\/#website\",\"url\":\"https:\\\/\\\/newlifemills.com\\\/fr\\\/\",\"name\":\"New Life Mills\",\"description\":\"\",\"potentialAction\":[{\"@type\":\"SearchAction\",\"target\":{\"@type\":\"EntryPoint\",\"urlTemplate\":\"https:\\\/\\\/newlifemills.com\\\/fr\\\/?s={search_term_string}\"},\"query-input\":{\"@type\":\"PropertyValueSpecification\",\"valueRequired\":true,\"valueName\":\"search_term_string\"}}],\"inLanguage\":\"fr-FR\"}]}<\/script>\n<!-- \/ Yoast SEO plugin. -->","yoast_head_json":{"title":"\u00c0 propos de New-Life Mills | Nutrition animale canadienne","description":"D\u00e9couvrez comment New-Life Mills aide les producteurs canadiens gr\u00e2ce \u00e0 des programmesd'alimentation bas\u00e9s sur la recherche et un soutien pratique \u00e0 la ferme. Appuy\u00e9 par l'expertise de longue datede P&H dans l'agriculture avec certification FeedAssure\u00ae.","robots":{"index":"index","follow":"follow","max-snippet":"max-snippet:-1","max-image-preview":"max-image-preview:large","max-video-preview":"max-video-preview:-1"},"canonical":"https:\/\/newlifemills.com\/fr\/about\/","og_locale":"fr_FR","og_type":"article","og_title":"\u00c0 propos de New-Life Mills | Nutrition animale canadienne","og_description":"D\u00e9couvrez comment New-Life Mills aide les producteurs canadiens gr\u00e2ce \u00e0 des programmesd'alimentation bas\u00e9s sur la recherche et un soutien pratique \u00e0 la ferme. Appuy\u00e9 par l'expertise de longue datede P&H dans l'agriculture avec certification FeedAssure\u00ae.","og_url":"https:\/\/newlifemills.com\/fr\/about\/","og_site_name":"New Life Mills","article_modified_time":"2026-04-15T17:19:54+00:00","twitter_card":"summary_large_image","schema":{"@context":"https:\/\/schema.org","@graph":[{"@type":"WebPage","@id":"https:\/\/newlifemills.com\/fr\/about\/","url":"https:\/\/newlifemills.com\/fr\/about\/","name":"\u00c0 propos de New-Life Mills | Nutrition animale canadienne","isPartOf":{"@id":"https:\/\/newlifemills.com\/fr\/#website"},"datePublished":"2025-11-18T16:15:51+00:00","dateModified":"2026-04-15T17:19:54+00:00","description":"D\u00e9couvrez comment New-Life Mills aide les producteurs canadiens gr\u00e2ce \u00e0 des programmesd'alimentation bas\u00e9s sur la recherche et un soutien pratique \u00e0 la ferme. Appuy\u00e9 par l'expertise de longue datede P&H dans l'agriculture avec certification FeedAssure\u00ae.","breadcrumb":{"@id":"https:\/\/newlifemills.com\/fr\/about\/#breadcrumb"},"inLanguage":"fr-FR","potentialAction":[{"@type":"ReadAction","target":["https:\/\/newlifemills.com\/fr\/about\/"]}]},{"@type":"BreadcrumbList","@id":"https:\/\/newlifemills.com\/fr\/about\/#breadcrumb","itemListElement":[{"@type":"ListItem","position":1,"name":"Home","item":"https:\/\/newlifemills.com\/fr\/"},{"@type":"ListItem","position":2,"name":"\u00c0 propos de nous"}]},{"@type":"WebSite","@id":"https:\/\/newlifemills.com\/fr\/#website","url":"https:\/\/newlifemills.com\/fr\/","name":"New Life Mills","description":"","potentialAction":[{"@type":"SearchAction","target":{"@type":"EntryPoint","urlTemplate":"https:\/\/newlifemills.com\/fr\/?s={search_term_string}"},"query-input":{"@type":"PropertyValueSpecification","valueRequired":true,"valueName":"search_term_string"}}],"inLanguage":"fr-FR"}]}},"_links":{"self":[{"href":"https:\/\/newlifemills.com\/fr\/wp-json\/wp\/v2\/pages\/2348","targetHints":{"allow":["GET"]}}],"collection":[{"href":"https:\/\/newlifemills.com\/fr\/wp-json\/wp\/v2\/pages"}],"about":[{"href":"https:\/\/newlifemills.com\/fr\/wp-json\/wp\/v2\/types\/page"}],"author":[{"embeddable":true,"href":"https:\/\/newlifemills.com\/fr\/wp-json\/wp\/v2\/users\/2"}],"replies":[{"embeddable":true,"href":"https:\/\/newlifemills.com\/fr\/wp-json\/wp\/v2\/comments?post=2348"}],"version-history":[{"count":11,"href":"https:\/\/newlifemills.com\/fr\/wp-json\/wp\/v2\/pages\/2348\/revisions"}],"predecessor-version":[{"id":2615,"href":"https:\/\/newlifemills.com\/fr\/wp-json\/wp\/v2\/pages\/2348\/revisions\/2615"}],"wp:attachment":[{"href":"https:\/\/newlifemills.com\/fr\/wp-json\/wp\/v2\/media?parent=2348"}],"curies":[{"name":"wp","href":"https:\/\/api.w.org\/{rel}","templated":true}]}}