{"id":2318,"date":"2025-11-18T16:12:28","date_gmt":"2025-11-18T16:12:28","guid":{"rendered":"https:\/\/newlifemills.com\/?page_id=2318"},"modified":"2026-03-12T18:12:51","modified_gmt":"2026-03-12T18:12:51","slug":"moutons","status":"publish","type":"page","link":"https:\/\/newlifemills.com\/fr\/species\/moutons\/","title":{"rendered":"Moutons"},"content":{"rendered":"\n<section \n        class=\"hero hero-image\"\n    style=\"background-image: url(https:\/\/newlifemills.com\/wp-content\/uploads\/2025\/12\/hero_secondary-3-scaled.webp); background-size: cover; background-position: center;\">\n\n    \n    <div class=\"container hero-content\">\n        <div class=\"content\">                                <div class=\"container breadcrumbWrapper\">\n                        <p id=\"breadcrumbs\"><span><span><a href=\"https:\/\/newlifemills.com\/fr\/\">Home<\/a><\/span><\/span><\/p>                    <\/div>\n\n                                        <h1>Moutons<\/h1>\n                        \n            \n                    <\/div>\n\n            <\/div>\n<\/section>\n\n\n<section class=\"general gray default\">\n    <div class=\"container halves\">\n    <div class=\"column\" style=\"align-items:center; justify-content:flex-start;\"><div class=\"module\"><p><span class=\"eyebrow\">Moutons<\/span><\/p>\n<h2>Une nutrition fond\u00e9e sur la science pour des troupeaux plus forts<\/h2>\n<p>Chaque \u00e9tape de la production ovine n\u00e9cessite une nutrition \u00e9quilibr\u00e9e. New-Life Mills offre des programmes cibl\u00e9s pour soutenir la croissance, la reproduction et la sant\u00e9 globale du troupeau. Soutenus par une science \u00e9prouv\u00e9e, l&rsquo;innovation canadienne et <a href=\"https:\/\/newlifemills.com\/fr\/services\/\">l&rsquo;expertise sur le terrain<\/a>, <a href=\"https:\/\/newlifemills.com\/fr\/notre-equipe\/\">nos sp\u00e9cialistes<\/a> collaborent avec vous pour b\u00e2tir des troupeaux plus sains et plus productifs.<\/p>\n<p><strong class=\"large-top\">Trouvez le meilleur programme pour vous:<\/strong><br \/>\n<a class=\"button primary\" href=\"https:\/\/newlifemills.com\/fr\/contactez-nous\/\">Parlez \u00e0 un sp\u00e9cialiste des moutons<\/a><\/p>\n<\/div><\/div><div class=\"column\" style=\"align-items:center; justify-content:flex-start;\"><div class=\"module image-content\"><img decoding=\"async\" src=\"https:\/\/newlifemills.com\/wp-content\/uploads\/2025\/12\/image_1x1_sheep.webp\" alt=\"Image 1x1 Sheep\" \/><\/div><\/div>    <\/div>\n<\/section>\n\n\n<section class=\"tabs darkgray\">\n    <div class=\"container\">\n        \n\n        <div class=\"tabItems open side left\" id=\"tabItems-1\">\n                        <div class=\"sideTabs\"><h2>Programmes con\u00e7us pour l&rsquo;ensemble du cycle ovin<\/h2>\n\n                    <div class=\"tabTitle tabTitle-1\" id=\"tabTitle-1-1\">\n                        <div class=\"tabTitleContent\">\n                            <span>Agneaux<\/span>\n                            <p>Une nutrition pr\u00e9coce qui renforce l&rsquo;immunit\u00e9 et soutient la croissance, assurant une transition en douceur vers l&rsquo;alimentation solide et \u00e9tablissant les bases d&rsquo;une performance \u00e0 long terme du troupeau.<\/p>\n                        <\/div>\n                    <\/div>\n                \n                    <div class=\"tabTitle tabTitle-1\" id=\"tabTitle-2-1\">\n                        <div class=\"tabTitleContent\">\n                            <span>Moutons en pleine croissance<\/span>\n                            <p>Des programmes \u00e9quilibr\u00e9s qui s&rsquo;adaptent aux besoins nutritionnels changeants, soutenant un gain de poids efficace, la pr\u00e9paration \u00e0 la reproduction et le d\u00e9veloppement global du troupeau.<\/p>\n                        <\/div>\n                    <\/div>\n                \n                    <div class=\"tabTitle tabTitle-1\" id=\"tabTitle-3-1\">\n                        <div class=\"tabTitleContent\">\n                            <span>Brebis reproductrices<\/span>\n                            <p>Rations cibl\u00e9es qui soutiennent la fertilit\u00e9, la gestation et la lactation, favorisant des grossesses saines, des saisons d&rsquo;agnelage productives et une performance de troupeau robuste.<\/p>\n                        <\/div>\n                    <\/div>\n                \n                    <div class=\"tabTitle tabTitle-1\" id=\"tabTitle-4-1\">\n                        <div class=\"tabTitleContent\">\n                            <span>B\u00e9liers<\/span>\n                            <p>Nutrition con\u00e7ue pour maintenir l&rsquo;endurance, soutenir la sant\u00e9 reproductive et garder les b\u00e9liers forts et efficaces tout au long de la saison de reproduction.<\/p>\n                        <\/div>\n                    <\/div>\n                <\/div>                        <div class=\"tabContent side\">\n                    <div class=\"tabCopy tabCopy-1\" id=\"tabCopy-1-1\">\n                        <img decoding=\"async\" src=\"https:\/\/newlifemills.com\/wp-content\/uploads\/2026\/02\/lamb-scaled.jpg\" alt=\"Lamb\" \/>\n                    <\/div>\n                \n                    <div class=\"tabCopy tabCopy-1\" id=\"tabCopy-2-1\">\n                        <img decoding=\"async\" src=\"https:\/\/newlifemills.com\/wp-content\/uploads\/2026\/01\/Growing_sheep1-scaled-e1769017873267.jpg\" alt=\"Growing Sheep1\" \/>\n                    <\/div>\n                \n                    <div class=\"tabCopy tabCopy-1\" id=\"tabCopy-3-1\">\n                        <img decoding=\"async\" src=\"https:\/\/newlifemills.com\/wp-content\/uploads\/2025\/12\/image_carousal03-2.webp\" alt=\"Image Carousal03\" \/>\n                    <\/div>\n                \n                    <div class=\"tabCopy tabCopy-1\" id=\"tabCopy-4-1\">\n                        <img decoding=\"async\" src=\"https:\/\/newlifemills.com\/wp-content\/uploads\/2026\/01\/Lactating_sheep1-scaled-e1769017807615.jpeg\" alt=\"Lactating Sheep1\" \/>\n                    <\/div>\n                <\/div>        <\/div>\n\n                    <div class=\"mobileTabs\">\n                                    <div class=\"mobileIntro\">\n                        <h2>Programmes con\u00e7us pour l&rsquo;ensemble du cycle ovin<\/h2>\n                    <\/div>\n                \n                                    <div class=\"mobileTabItem\">\n                                                    <img decoding=\"async\" src=\"https:\/\/newlifemills.com\/wp-content\/uploads\/2026\/02\/lamb-scaled.jpg\" alt=\"Lamb\" \/>\n                        \n                        <h3 class=\"mobileTabTitle\">Agneaux<\/h3>\n\n                        <div class=\"mobileTabContent\">\n                            <p>Une nutrition pr\u00e9coce qui renforce l&rsquo;immunit\u00e9 et soutient la croissance, assurant une transition en douceur vers l&rsquo;alimentation solide et \u00e9tablissant les bases d&rsquo;une performance \u00e0 long terme du troupeau.<\/p>\n                        <\/div>\n                    <\/div>\n                                    <div class=\"mobileTabItem\">\n                                                    <img decoding=\"async\" src=\"https:\/\/newlifemills.com\/wp-content\/uploads\/2026\/01\/Growing_sheep1-scaled-e1769017873267.jpg\" alt=\"Growing Sheep1\" \/>\n                        \n                        <h3 class=\"mobileTabTitle\">Moutons en pleine croissance<\/h3>\n\n                        <div class=\"mobileTabContent\">\n                            <p>Des programmes \u00e9quilibr\u00e9s qui s&rsquo;adaptent aux besoins nutritionnels changeants, soutenant un gain de poids efficace, la pr\u00e9paration \u00e0 la reproduction et le d\u00e9veloppement global du troupeau.<\/p>\n                        <\/div>\n                    <\/div>\n                                    <div class=\"mobileTabItem\">\n                                                    <img decoding=\"async\" src=\"https:\/\/newlifemills.com\/wp-content\/uploads\/2025\/12\/image_carousal03-2.webp\" alt=\"Image Carousal03\" \/>\n                        \n                        <h3 class=\"mobileTabTitle\">Brebis reproductrices<\/h3>\n\n                        <div class=\"mobileTabContent\">\n                            <p>Rations cibl\u00e9es qui soutiennent la fertilit\u00e9, la gestation et la lactation, favorisant des grossesses saines, des saisons d&rsquo;agnelage productives et une performance de troupeau robuste.<\/p>\n                        <\/div>\n                    <\/div>\n                                    <div class=\"mobileTabItem\">\n                                                    <img decoding=\"async\" src=\"https:\/\/newlifemills.com\/wp-content\/uploads\/2026\/01\/Lactating_sheep1-scaled-e1769017807615.jpeg\" alt=\"Lactating Sheep1\" \/>\n                        \n                        <h3 class=\"mobileTabTitle\">B\u00e9liers<\/h3>\n\n                        <div class=\"mobileTabContent\">\n                            <p>Nutrition con\u00e7ue pour maintenir l&rsquo;endurance, soutenir la sant\u00e9 reproductive et garder les b\u00e9liers forts et efficaces tout au long de la saison de reproduction.<\/p>\n                        <\/div>\n                    <\/div>\n                            <\/div>\n        \n    <\/div>\n<\/section>\n\n\n<section class=\"general white default\">\n    <div class=\"container\">\n    <div class=\"column\" style=\"align-items:center; justify-content:flex-start;\"><div class=\"module\"><h2>Programmes d&rsquo;alimentation pour moutons<\/h2>\n<div class=\"responsive-table\">\n<table>\n<thead>\n<tr>\n<th>Produit<\/th>\n<th>\u00c9tape<\/th>\n<th>Description<\/th>\n<\/tr>\n<\/thead>\n<tbody>\n<tr>\n<td data-label=\"Product\">Ration de croissance pour agneaux 18%<\/td>\n<td data-label=\"Stage\">Agneaux<\/td>\n<td data-label=\"Description\">Un aliment de d\u00e9marrage app\u00e9tissant con\u00e7u pour \u00eatre donn\u00e9 aux agneaux en croissance pendant les trois \u00e0 quatre premiers mois de leur vie.<\/td>\n<\/tr>\n<tr>\n<td data-label=\"Product\">Ration de croissance pour agneaux 16%<\/td>\n<td data-label=\"Stage\">Agneaux<\/td>\n<td data-label=\"Description\">Un aliment complet \u00e0 donner avec du foin pour atteindre une croissance optimale chez les agneaux en plein d\u00e9veloppement.<\/td>\n<\/tr>\n<tr>\n<td data-label=\"Product\">Suppl\u00e9ment pour brebis laiti\u00e8re en<br \/>\nlactation 36<\/td>\n<td data-label=\"Stage\">Rations pour brebis en<br \/>\nlactation<\/td>\n<td data-label=\"Description\">Un suppl\u00e9ment riche en prot\u00e9ines \u00e0 donner aux brebis en lactation en conjonction avec des c\u00e9r\u00e9ales et des fourrages pour cr\u00e9er une ration bien \u00e9quilibr\u00e9e afin de soutenir une production de lait optimale.<\/td>\n<\/tr>\n<tr>\n<td data-label=\"Product\">Pr\u00e9m\u00e9lange pour brebis en lactation<br \/>\nNLM<\/td>\n<td data-label=\"Stage\">Pr\u00e9m\u00e9lange pour brebis en<br \/>\nlactation<\/td>\n<td data-label=\"Description\">Une source compl\u00e8te de min\u00e9raux et de<br \/>\nvitamines con\u00e7ue pour r\u00e9pondre aux besoins des brebis s\u00e8ches et allaitantes.<\/td>\n<\/tr>\n<tr>\n<td data-label=\"Product\">Suppl\u00e9ment pour agneau 36 %<\/td>\n<td data-label=\"Stage\">Suppl\u00e9ments pour agneaux<\/td>\n<td data-label=\"Description\">Un suppl\u00e9ment riche en prot\u00e9ines qui peut \u00eatre utilis\u00e9 pour \u00e9quilibrer les rations pour l&rsquo;engraissement des agneaux accompagn\u00e9 des c\u00e9r\u00e9ales et des fourrages.<\/td>\n<\/tr>\n<\/tbody>\n<\/table>\n<\/div>\n<p><i>*Options m\u00e9dicamenteuses disponibles <\/i><\/p>\n<p><strong class=\"large-top\">Trouvez le meilleur programme pour vous:<\/strong><\/p>\n<p><a class=\"button primary\" href=\"https:\/\/newlifemills.com\/fr\/contactez-nous\/\">Parlez \u00e0 un sp\u00e9cialiste des moutons<\/a><\/p>\n<\/div><\/div>    <\/div>\n<\/section>\n\n\n<section class=\"general white default\">\n    <div class=\"container halves\">\n    <div class=\"column\" style=\"align-items:center; justify-content:flex-start;\"><div class=\"module\"><h3 class=\"highlight\">Une alimentation de qualit\u00e9 soutenue par la science et la s\u00e9curit\u00e9<\/h3>\n<p>Chaque programme pour moutons est soutenu par la certification FeedAssure\u2122, par les normes HACCP et par des pratiques rigoureuses de bios\u00e9curit\u00e9, assurant une alimentation constante qui prot\u00e8ge la sant\u00e9 du troupeau et renforce la confiance des producteurs.<\/p>\n<\/div><\/div><div class=\"column\" style=\"align-items:center; justify-content:flex-start;\"><div class=\"module\"><h3 class=\"highlight\">Des solutions nutritionnelles intelligentes pour les producteurs de moutons canadiens<\/h3>\n<p>Avec des moulins strat\u00e9giquement situ\u00e9s, New-Life Mills assure une livraison rapide et un approvisionnement fiable \u00e0 travers le Canada. Notre int\u00e9gration avec P&amp;H Grain et P&amp;H Milling offre un acc\u00e8s exclusif \u00e0 des ingr\u00e9dients de qualit\u00e9 sup\u00e9rieure et une innovation plus rapide, donnant aux producteurs de moutons canadiens un avantage en efficacit\u00e9 et en performance.<\/p>\n<\/div><\/div>    <\/div>\n<\/section>\n\n\n<section     class=\"accordion dark\">\n\n    <div class=\"container accordion-layout\">\n\n                    <h2 class=\"accordion-heading\">Foire aux questions sur la nutrition des moutons<\/h2>\n        \n        <div class=\"accordionItems \" id=\"accordionItems-2\">\n            \n                    <div class=\"accordionItem\">\n                        <div class=\"accordionTitle accordionTitle-2\" id=\"accordionTitle-1-2\">\n                            <span>Pourquoi la nutrition pr\u00e9coce est-elle importante pour les agneaux?<\/span>\n                        <\/div>\n                        <div class=\"accordionCopy accordionCopy-2\" id=\"accordionCopy-1-2\">\n                            <p>La nutrition pr\u00e9coce est cruciale pour les agneaux car elle influence directement la croissance, le d\u00e9veloppement immunitaire et la productivit\u00e9 \u00e0 long terme. Les aliments de d\u00e9marrage de qualit\u00e9 \u2013 riches en prot\u00e9ines, \u00e9nergie, vitamines et min\u00e9raux \u2013 soutiennent le d\u00e9veloppement musculaire, la sant\u00e9 digestive et la r\u00e9sistance aux maladies. La consommation de colostrum dans les premi\u00e8res heures de vie est particuli\u00e8rement vitale pour l&rsquo;immunit\u00e9 passive et la survie.<\/p>\n                        <\/div>\n                    <\/div>\n\n                \n                    <div class=\"accordionItem\">\n                        <div class=\"accordionTitle accordionTitle-2\" id=\"accordionTitle-2-2\">\n                            <span>Comment soutenez-vous la performance des brebis reproductrices?<\/span>\n                        <\/div>\n                        <div class=\"accordionCopy accordionCopy-2\" id=\"accordionCopy-2-2\">\n                            <p>La performance des brebis reproductrices est soutenue par des rations soigneusement \u00e9quilibr\u00e9es en \u00e9nergie, en prot\u00e9ines et en min\u00e9raux. Pendant la reproduction et le d\u00e9but de la gestation, une nutrition ad\u00e9quate aide \u00e0 am\u00e9liorer les taux de conception et \u00e0 maintenir la condition corporelle. \u00c0 la fin de la gestation, les besoins en nutriments augmentent consid\u00e9rablement pour soutenir la croissance f\u0153tale. Pendant la lactation, l&rsquo;apport \u00e9nerg\u00e9tique doit augmenter pour soutenir la production de lait, surtout pour les brebis qui allaitent des jumeaux ou plus.<\/p>\n                        <\/div>\n                    <\/div>\n\n                \n                    <div class=\"accordionItem\">\n                        <div class=\"accordionTitle accordionTitle-2\" id=\"accordionTitle-3-2\">\n                            <span>Vos programmes peuvent-ils \u00eatre adapt\u00e9s aux syst\u00e8mes bas\u00e9s sur le fourrage?<\/span>\n                        <\/div>\n                        <div class=\"accordionCopy accordionCopy-2\" id=\"accordionCopy-3-2\">\n                            <p>Oui. Les syst\u00e8mes bas\u00e9s sur le fourrage sont hautement adaptables lorsqu&rsquo;ils sont associ\u00e9s \u00e0 une suppl\u00e9mentation strat\u00e9gique. Nous nous sp\u00e9cialisons dans l&rsquo;\u00e9valuation de la qualit\u00e9 des fourrages et leur m\u00e9lange avec des ingr\u00e9dients de grande valeur pour atteindre les objectifs nutritionnels. Les fourrages jouent un r\u00f4le cl\u00e9 dans la sant\u00e9 du rumen et la densit\u00e9 \u00e9nerg\u00e9tique du lait, surtout pendant la fin de la gestation et le d\u00e9but de la lactation. Tester et \u00e9quilibrer le fourrage avec des concentr\u00e9s assure une performance optimale.<\/p>\n                        <\/div>\n                    <\/div>\n\n                \n                    <div class=\"accordionItem\">\n                        <div class=\"accordionTitle accordionTitle-2\" id=\"accordionTitle-4-2\">\n                            <span>Comment am\u00e9liorer l&rsquo;endurance et la condition des b\u00e9liers?<\/span>\n                        <\/div>\n                        <div class=\"accordionCopy accordionCopy-2\" id=\"accordionCopy-4-2\">\n                            <p>L&rsquo;endurance et le succ\u00e8s reproducteur des b\u00e9liers sont am\u00e9lior\u00e9s gr\u00e2ce \u00e0 une nutrition \u00e9lev\u00e9e commen\u00e7ant six \u00e0 huit semaines avant la reproduction. Une augmentation de l&rsquo;apport \u00e9nerg\u00e9tique et prot\u00e9ique am\u00e9liore la qualit\u00e9 du sperme et le d\u00e9veloppement scrotal. Les oligo-\u00e9l\u00e9ments essentiels comme le zinc, le s\u00e9l\u00e9nium et la vitamine E soutiennent la motilit\u00e9 et la viabilit\u00e9 des spermatozo\u00efdes. Les b\u00e9liers devraient entrer en saison de reproduction avec une condition corporelle mod\u00e9r\u00e9e (score 3) pour maintenir leur libido et leur endurance.<\/p>\n                        <\/div>\n                    <\/div>\n\n                        <\/div>\n\n    <\/div>\n<\/section>\n\n\n<section class=\"cta yellow\">\n    <div class=\"container\">\n        <div class=\"left noimage\">\n            <h3>\u00c9levez des moutons plus sains et plus robustes avec New-Life Mills<\/h3>\n<p>Des agneaux aux brebis et aux b\u00e9liers reproducteurs, New-Life Mills offre une nutrition \u00e9prouv\u00e9e et un soutien pratique pour garder votre troupeau en meilleure sant\u00e9 et rendre votre exploitation plus rentable.<\/p>\n\n                            <div class=\"buttons\">\n                                                                <a class=\"button secondary\" href=\"https:\/\/newlifemills.com\/fr\/contactez-nous\/\" target=\"\"><span>Parlez \u00e0 un sp\u00e9cialiste des moutons<\/span><\/a>\n                                    <\/div>\n                    <\/div>\n            <\/div>\n<\/section>","protected":false},"excerpt":{"rendered":"","protected":false},"author":2,"featured_media":0,"parent":2085,"menu_order":5,"comment_status":"closed","ping_status":"closed","template":"","meta":{"_acf_changed":false,"_relevanssi_hide_post":"","_relevanssi_hide_content":"","_relevanssi_pin_for_all":"","_relevanssi_pin_keywords":"","_relevanssi_unpin_keywords":"","_relevanssi_related_keywords":"","_relevanssi_related_include_ids":"","_relevanssi_related_exclude_ids":"","_relevanssi_related_no_append":"","_relevanssi_related_not_related":"","_relevanssi_related_posts":"2510,2520,2514,2517","_relevanssi_noindex_reason":"","footnotes":""},"class_list":["post-2318","page","type-page","status-publish","hentry"],"acf":[],"yoast_head":"<!-- This site is optimized with the Yoast SEO plugin v27.5 - https:\/\/yoast.com\/product\/yoast-seo-wordpress\/ -->\n<title>Programmes de nutrition pour moutons | New-Life Mills<\/title>\n<meta name=\"description\" content=\"Les programmes de nutrition pour moutons de New-Life Mills soutiennent la croissance des agneaux, la fertilit\u00e9des brebis et la performance des b\u00e9liers. Des rations \u00e9quilibr\u00e9es et le soutien d&#039;experts pour des troupeaux plussains et plus rentables.\" \/>\n<meta name=\"robots\" content=\"index, follow, max-snippet:-1, max-image-preview:large, max-video-preview:-1\" \/>\n<link rel=\"canonical\" href=\"https:\/\/newlifemills.com\/fr\/species\/moutons\/\" \/>\n<meta property=\"og:locale\" content=\"fr_FR\" \/>\n<meta property=\"og:type\" content=\"article\" \/>\n<meta property=\"og:title\" content=\"Programmes de nutrition pour moutons | New-Life Mills\" \/>\n<meta property=\"og:description\" content=\"Les programmes de nutrition pour moutons de New-Life Mills soutiennent la croissance des agneaux, la fertilit\u00e9des brebis et la performance des b\u00e9liers. Des rations \u00e9quilibr\u00e9es et le soutien d&#039;experts pour des troupeaux plussains et plus rentables.\" \/>\n<meta property=\"og:url\" content=\"https:\/\/newlifemills.com\/fr\/species\/moutons\/\" \/>\n<meta property=\"og:site_name\" content=\"New Life Mills\" \/>\n<meta property=\"article:modified_time\" content=\"2026-03-12T18:12:51+00:00\" \/>\n<meta name=\"twitter:card\" content=\"summary_large_image\" \/>\n<script type=\"application\/ld+json\" class=\"yoast-schema-graph\">{\"@context\":\"https:\\\/\\\/schema.org\",\"@graph\":[{\"@type\":\"WebPage\",\"@id\":\"https:\\\/\\\/newlifemills.com\\\/fr\\\/species\\\/moutons\\\/\",\"url\":\"https:\\\/\\\/newlifemills.com\\\/fr\\\/species\\\/moutons\\\/\",\"name\":\"Programmes de nutrition pour moutons | New-Life Mills\",\"isPartOf\":{\"@id\":\"https:\\\/\\\/newlifemills.com\\\/fr\\\/#website\"},\"datePublished\":\"2025-11-18T16:12:28+00:00\",\"dateModified\":\"2026-03-12T18:12:51+00:00\",\"description\":\"Les programmes de nutrition pour moutons de New-Life Mills soutiennent la croissance des agneaux, la fertilit\u00e9des brebis et la performance des b\u00e9liers. Des rations \u00e9quilibr\u00e9es et le soutien d'experts pour des troupeaux plussains et plus rentables.\",\"breadcrumb\":{\"@id\":\"https:\\\/\\\/newlifemills.com\\\/fr\\\/species\\\/moutons\\\/#breadcrumb\"},\"inLanguage\":\"fr-FR\",\"potentialAction\":[{\"@type\":\"ReadAction\",\"target\":[\"https:\\\/\\\/newlifemills.com\\\/fr\\\/species\\\/moutons\\\/\"]}]},{\"@type\":\"BreadcrumbList\",\"@id\":\"https:\\\/\\\/newlifemills.com\\\/fr\\\/species\\\/moutons\\\/#breadcrumb\",\"itemListElement\":[{\"@type\":\"ListItem\",\"position\":1,\"name\":\"Home\",\"item\":\"https:\\\/\\\/newlifemills.com\\\/fr\\\/\"},{\"@type\":\"ListItem\",\"position\":2,\"name\":\"Alimentation Animale\",\"item\":\"https:\\\/\\\/newlifemills.com\\\/fr\\\/species\\\/\"},{\"@type\":\"ListItem\",\"position\":3,\"name\":\"Moutons\"}]},{\"@type\":\"WebSite\",\"@id\":\"https:\\\/\\\/newlifemills.com\\\/fr\\\/#website\",\"url\":\"https:\\\/\\\/newlifemills.com\\\/fr\\\/\",\"name\":\"New Life Mills\",\"description\":\"\",\"potentialAction\":[{\"@type\":\"SearchAction\",\"target\":{\"@type\":\"EntryPoint\",\"urlTemplate\":\"https:\\\/\\\/newlifemills.com\\\/fr\\\/?s={search_term_string}\"},\"query-input\":{\"@type\":\"PropertyValueSpecification\",\"valueRequired\":true,\"valueName\":\"search_term_string\"}}],\"inLanguage\":\"fr-FR\"}]}<\/script>\n<!-- \/ Yoast SEO plugin. -->","yoast_head_json":{"title":"Programmes de nutrition pour moutons | New-Life Mills","description":"Les programmes de nutrition pour moutons de New-Life Mills soutiennent la croissance des agneaux, la fertilit\u00e9des brebis et la performance des b\u00e9liers. Des rations \u00e9quilibr\u00e9es et le soutien d'experts pour des troupeaux plussains et plus rentables.","robots":{"index":"index","follow":"follow","max-snippet":"max-snippet:-1","max-image-preview":"max-image-preview:large","max-video-preview":"max-video-preview:-1"},"canonical":"https:\/\/newlifemills.com\/fr\/species\/moutons\/","og_locale":"fr_FR","og_type":"article","og_title":"Programmes de nutrition pour moutons | New-Life Mills","og_description":"Les programmes de nutrition pour moutons de New-Life Mills soutiennent la croissance des agneaux, la fertilit\u00e9des brebis et la performance des b\u00e9liers. Des rations \u00e9quilibr\u00e9es et le soutien d'experts pour des troupeaux plussains et plus rentables.","og_url":"https:\/\/newlifemills.com\/fr\/species\/moutons\/","og_site_name":"New Life Mills","article_modified_time":"2026-03-12T18:12:51+00:00","twitter_card":"summary_large_image","schema":{"@context":"https:\/\/schema.org","@graph":[{"@type":"WebPage","@id":"https:\/\/newlifemills.com\/fr\/species\/moutons\/","url":"https:\/\/newlifemills.com\/fr\/species\/moutons\/","name":"Programmes de nutrition pour moutons | New-Life Mills","isPartOf":{"@id":"https:\/\/newlifemills.com\/fr\/#website"},"datePublished":"2025-11-18T16:12:28+00:00","dateModified":"2026-03-12T18:12:51+00:00","description":"Les programmes de nutrition pour moutons de New-Life Mills soutiennent la croissance des agneaux, la fertilit\u00e9des brebis et la performance des b\u00e9liers. Des rations \u00e9quilibr\u00e9es et le soutien d'experts pour des troupeaux plussains et plus rentables.","breadcrumb":{"@id":"https:\/\/newlifemills.com\/fr\/species\/moutons\/#breadcrumb"},"inLanguage":"fr-FR","potentialAction":[{"@type":"ReadAction","target":["https:\/\/newlifemills.com\/fr\/species\/moutons\/"]}]},{"@type":"BreadcrumbList","@id":"https:\/\/newlifemills.com\/fr\/species\/moutons\/#breadcrumb","itemListElement":[{"@type":"ListItem","position":1,"name":"Home","item":"https:\/\/newlifemills.com\/fr\/"},{"@type":"ListItem","position":2,"name":"Alimentation Animale","item":"https:\/\/newlifemills.com\/fr\/species\/"},{"@type":"ListItem","position":3,"name":"Moutons"}]},{"@type":"WebSite","@id":"https:\/\/newlifemills.com\/fr\/#website","url":"https:\/\/newlifemills.com\/fr\/","name":"New Life Mills","description":"","potentialAction":[{"@type":"SearchAction","target":{"@type":"EntryPoint","urlTemplate":"https:\/\/newlifemills.com\/fr\/?s={search_term_string}"},"query-input":{"@type":"PropertyValueSpecification","valueRequired":true,"valueName":"search_term_string"}}],"inLanguage":"fr-FR"}]}},"_links":{"self":[{"href":"https:\/\/newlifemills.com\/fr\/wp-json\/wp\/v2\/pages\/2318","targetHints":{"allow":["GET"]}}],"collection":[{"href":"https:\/\/newlifemills.com\/fr\/wp-json\/wp\/v2\/pages"}],"about":[{"href":"https:\/\/newlifemills.com\/fr\/wp-json\/wp\/v2\/types\/page"}],"author":[{"embeddable":true,"href":"https:\/\/newlifemills.com\/fr\/wp-json\/wp\/v2\/users\/2"}],"replies":[{"embeddable":true,"href":"https:\/\/newlifemills.com\/fr\/wp-json\/wp\/v2\/comments?post=2318"}],"version-history":[{"count":3,"href":"https:\/\/newlifemills.com\/fr\/wp-json\/wp\/v2\/pages\/2318\/revisions"}],"predecessor-version":[{"id":2605,"href":"https:\/\/newlifemills.com\/fr\/wp-json\/wp\/v2\/pages\/2318\/revisions\/2605"}],"up":[{"embeddable":true,"href":"https:\/\/newlifemills.com\/fr\/wp-json\/wp\/v2\/pages\/2085"}],"wp:attachment":[{"href":"https:\/\/newlifemills.com\/fr\/wp-json\/wp\/v2\/media?parent=2318"}],"curies":[{"name":"wp","href":"https:\/\/api.w.org\/{rel}","templated":true}]}}