{"id":2290,"date":"2025-11-18T16:11:12","date_gmt":"2025-11-18T16:11:12","guid":{"rendered":"https:\/\/newlifemills.com\/?page_id=2290"},"modified":"2026-03-12T18:10:15","modified_gmt":"2026-03-12T18:10:15","slug":"porc","status":"publish","type":"page","link":"https:\/\/newlifemills.com\/fr\/species\/porc\/","title":{"rendered":"Porc"},"content":{"rendered":"\n<section \n        class=\"hero hero-image\"\n    style=\"background-image: url(https:\/\/newlifemills.com\/wp-content\/uploads\/2025\/12\/hero_secondary-1-scaled.webp); background-size: cover; background-position: center;\">\n\n    \n    <div class=\"container hero-content\">\n        <div class=\"content\">                                <div class=\"container breadcrumbWrapper\">\n                        <p id=\"breadcrumbs\"><span><span><a href=\"https:\/\/newlifemills.com\/fr\/\">Home<\/a><\/span><\/span><\/p>                    <\/div>\n\n                                        <h1>Porc<\/h1>\n                        \n            \n                    <\/div>\n\n            <\/div>\n<\/section>\n\n\n<section class=\"general gray default\">\n    <div class=\"container halves\">\n    <div class=\"column\" style=\"align-items:center; justify-content:flex-start;\"><div class=\"module\"><p><img decoding=\"async\" src=\"https:\/\/newlifemills.com\/wp-content\/uploads\/2026\/01\/pacemaker-dark.png\" width=\"200\" \/><\/p>\n<h2>La nutrition porcine Pacemaker pour une performance \u00e9prouv\u00e9e<\/h2>\n<p>\u00c9lever des porcs productifs commence par une nutrition de pr\u00e9cision. Le programme Pacemaker de New-Life Mills est con\u00e7u pour lib\u00e9rer le potentiel g\u00e9n\u00e9tique des troupeaux d&rsquo;aujourd&rsquo;hui \u2014 am\u00e9liorant la reproduction, la sant\u00e9 du troupeau et l&rsquo;efficacit\u00e9 de la truie au porc de march\u00e9. Soutenu par l&rsquo;innovation canadienne, une science \u00e9prouv\u00e9e et une <a href=\"https:\/\/newlifemills.com\/fr\/services\/\">expertise pratique sur le terrain<\/a>, <a href=\"https:\/\/newlifemills.com\/fr\/notre-equipe\/\">notre \u00e9quipe porcine<\/a> aide les producteurs \u00e0 obtenir des r\u00e9sultats pr\u00e9visibles et une croissance durable.<\/p>\n<p class=\"large-top\"><strong>Renseignez-vous sur Pacemaker pour votre troupeau:\u00a0<\/strong><\/p>\n<p><a class=\"button primary\" href=\"https:\/\/newlifemills.com\/fr\/contactez-nous\/\">Parlez \u00e0 un sp\u00e9cialiste porcin<\/a><\/p>\n<\/div><\/div><div class=\"column\" style=\"align-items:center; justify-content:flex-start;\"><div class=\"module image-content\"><img decoding=\"async\" src=\"https:\/\/newlifemills.com\/wp-content\/uploads\/2025\/12\/image_1x1_swine.webp\" alt=\"Image 1x1 Swine\" \/><\/div><\/div>    <\/div>\n<\/section>\n\n\n<section class=\"tabs darkgray\">\n    <div class=\"container\">\n        \n\n        <div class=\"tabItems open side left\" id=\"tabItems-1\">\n                        <div class=\"sideTabs\"><p><img decoding=\"async\" src=\"https:\/\/newlifemills.com\/wp-content\/uploads\/2026\/01\/pacemaker-light.png\" width=\"200\" \/><\/p>\n<h2>Pacemaker : Une nutrition porcine avanc\u00e9e pour chaque \u00e9tape<\/h2>\n<p>Chaque ration Pacemaker est construite avec des ingr\u00e9dients certifi\u00e9s FeedAssure\u2122, des formulations innovantes et le soutien de nos <a href=\"https:\/\/newlifemills.com\/contact-us\/\">sp\u00e9cialistes porcins<\/a>.<\/p>\n\n                    <div class=\"tabTitle tabTitle-1\" id=\"tabTitle-1-1\">\n                        <div class=\"tabTitleContent\">\n                            <span>Truies et cochettes<\/span>\n                            <p>Des rations de pr\u00e9cision qui soutiennent le succ\u00e8s de la reproduction, le d\u00e9veloppement f\u0153tal et la croissance des cochettes. Des port\u00e9es plus grandes, des porcelets en meilleure sant\u00e9 et de meilleurs r\u00e9sultats au sevrage.<\/p>\n                        <\/div>\n                    <\/div>\n                \n                    <div class=\"tabTitle tabTitle-1\" id=\"tabTitle-2-1\">\n                        <div class=\"tabTitleContent\">\n                            <span>Porcelets<\/span>\n                            <p>Des aliments de d\u00e9marrage et de maternit\u00e9 hautement digestibles qui soutiennent la sant\u00e9 intestinale, l&rsquo;immunit\u00e9 et la croissance pr\u00e9coce, mettant les porcs sur la voie de la performance \u00e0 vie.<\/p>\n                        <\/div>\n                    <\/div>\n                \n                    <div class=\"tabTitle tabTitle-1\" id=\"tabTitle-3-1\">\n                        <div class=\"tabTitleContent\">\n                            <span>Croissance-Finition<\/span>\n                            <p>Des rations \u00e9conomiques qui offrent un gain quotidien pr\u00e9visible, une conversion alimentaire efficace et des caract\u00e9ristiques de carcasse maigre pour am\u00e9liorer les rendements du march\u00e9.<\/p>\n                        <\/div>\n                    <\/div>\n                <\/div>                        <div class=\"tabContent side\">\n                    <div class=\"tabCopy tabCopy-1\" id=\"tabCopy-1-1\">\n                        <img decoding=\"async\" src=\"https:\/\/newlifemills.com\/wp-content\/uploads\/2025\/12\/image_carousal01-1.webp\" alt=\"Image Carousal01\" \/>\n                    <\/div>\n                \n                    <div class=\"tabCopy tabCopy-1\" id=\"tabCopy-2-1\">\n                        <img decoding=\"async\" src=\"https:\/\/newlifemills.com\/wp-content\/uploads\/2026\/01\/piglets.jpg\" alt=\"A Curious Pig Looks Through The Fence.\" \/>\n                    <\/div>\n                \n                    <div class=\"tabCopy tabCopy-1\" id=\"tabCopy-3-1\">\n                        <img decoding=\"async\" src=\"https:\/\/newlifemills.com\/wp-content\/uploads\/2025\/12\/image_carousal02-1.webp\" alt=\"Image Carousal02\" \/>\n                    <\/div>\n                <\/div>        <\/div>\n\n                    <div class=\"mobileTabs\">\n                                    <div class=\"mobileIntro\">\n                        <p><img decoding=\"async\" src=\"https:\/\/newlifemills.com\/wp-content\/uploads\/2026\/01\/pacemaker-light.png\" width=\"200\" \/><\/p>\n<h2>Pacemaker : Une nutrition porcine avanc\u00e9e pour chaque \u00e9tape<\/h2>\n<p>Chaque ration Pacemaker est construite avec des ingr\u00e9dients certifi\u00e9s FeedAssure\u2122, des formulations innovantes et le soutien de nos <a href=\"https:\/\/newlifemills.com\/contact-us\/\">sp\u00e9cialistes porcins<\/a>.<\/p>\n                    <\/div>\n                \n                                    <div class=\"mobileTabItem\">\n                                                    <img decoding=\"async\" src=\"https:\/\/newlifemills.com\/wp-content\/uploads\/2025\/12\/image_carousal01-1.webp\" alt=\"Image Carousal01\" \/>\n                        \n                        <h3 class=\"mobileTabTitle\">Truies et cochettes<\/h3>\n\n                        <div class=\"mobileTabContent\">\n                            <p>Des rations de pr\u00e9cision qui soutiennent le succ\u00e8s de la reproduction, le d\u00e9veloppement f\u0153tal et la croissance des cochettes. Des port\u00e9es plus grandes, des porcelets en meilleure sant\u00e9 et de meilleurs r\u00e9sultats au sevrage.<\/p>\n                        <\/div>\n                    <\/div>\n                                    <div class=\"mobileTabItem\">\n                                                    <img decoding=\"async\" src=\"https:\/\/newlifemills.com\/wp-content\/uploads\/2026\/01\/piglets.jpg\" alt=\"A Curious Pig Looks Through The Fence.\" \/>\n                        \n                        <h3 class=\"mobileTabTitle\">Porcelets<\/h3>\n\n                        <div class=\"mobileTabContent\">\n                            <p>Des aliments de d\u00e9marrage et de maternit\u00e9 hautement digestibles qui soutiennent la sant\u00e9 intestinale, l&rsquo;immunit\u00e9 et la croissance pr\u00e9coce, mettant les porcs sur la voie de la performance \u00e0 vie.<\/p>\n                        <\/div>\n                    <\/div>\n                                    <div class=\"mobileTabItem\">\n                                                    <img decoding=\"async\" src=\"https:\/\/newlifemills.com\/wp-content\/uploads\/2025\/12\/image_carousal02-1.webp\" alt=\"Image Carousal02\" \/>\n                        \n                        <h3 class=\"mobileTabTitle\">Croissance-Finition<\/h3>\n\n                        <div class=\"mobileTabContent\">\n                            <p>Des rations \u00e9conomiques qui offrent un gain quotidien pr\u00e9visible, une conversion alimentaire efficace et des caract\u00e9ristiques de carcasse maigre pour am\u00e9liorer les rendements du march\u00e9.<\/p>\n                        <\/div>\n                    <\/div>\n                            <\/div>\n        \n    <\/div>\n<\/section>\n\n\n<section \n        class=\"key-points \"\n>\n    <div class=\"container\">\n\n                    <span class=\"eyebrow\">Porc<\/span>\n        \n                    <h2 class=\"key-points-title\">Caract\u00e9ristiques et avantages du programme porcin<\/h2>\n        \n        <div class=\"key-points-layout\">\n\n            \n                            <div class=\"key-points-container\">\n                                            <div class=\"key-point-item\">\n                                                            <div class=\"key-point-icon\">\n                                    <img decoding=\"async\" src=\"https:\/\/newlifemills.com\/wp-content\/uploads\/2025\/12\/icon-heart-1.svg\" alt=\"Icon Heart\">\n                                <\/div>\n                                                        <div class=\"key-point-content\">\n                                <h4>Optimis\u00e9 pour la g\u00e9n\u00e9tique porcine d&rsquo;aujourd&rsquo;hui gr\u00e2ce aux rations Pacemaker<\/h4>\n                            <\/div>\n                        <\/div>\n                                            <div class=\"key-point-item\">\n                                                            <div class=\"key-point-icon\">\n                                    <img decoding=\"async\" src=\"https:\/\/newlifemills.com\/wp-content\/uploads\/2025\/12\/icon-trustedIngredients.svg\" alt=\"Icon Trustedingredients\">\n                                <\/div>\n                                                        <div class=\"key-point-content\">\n                                <h4>Strat\u00e9gies d&rsquo;alimentation flexibles adapt\u00e9es \u00e0 votre troupeau et \u00e0 vos installations<\/h4>\n                            <\/div>\n                        <\/div>\n                                            <div class=\"key-point-item\">\n                                                            <div class=\"key-point-icon\">\n                                    <img decoding=\"async\" src=\"https:\/\/newlifemills.com\/wp-content\/uploads\/2025\/12\/icon-guthealth-1.svg\" alt=\"Icon Guthealth\">\n                                <\/div>\n                                                        <div class=\"key-point-content\">\n                                <h4>Solutions pour la sant\u00e9 intestinale qui fonctionnent \u00e0 la fois dans les syst\u00e8mes conventionnels et en contexte ESA (\u00e9lev\u00e9s sans antibiotiques)<\/h4>\n                            <\/div>\n                        <\/div>\n                                            <div class=\"key-point-item\">\n                                                            <div class=\"key-point-icon\">\n                                    <img decoding=\"async\" src=\"https:\/\/newlifemills.com\/wp-content\/uploads\/2025\/12\/icon-productEvaluate.svg\" alt=\"Icon Productevaluate\">\n                                <\/div>\n                                                        <div class=\"key-point-content\">\n                                <h4>Formulations \u00e9prouv\u00e9es par la recherche pour une performance et une rentabilit\u00e9 constantes<\/h4>\n                            <\/div>\n                        <\/div>\n                                    <\/div>\n            \n        <\/div><!-- \/.key-points-layout -->\n\n    <\/div>\n<\/section>\n\n\n<section class=\"general white default\">\n    <div class=\"container halves\">\n    <div class=\"column\" style=\"align-items:flex-start; justify-content:flex-start;\"><div class=\"module\"><h3 class=\"highlight\">Une nutrition coh\u00e9rente qui prot\u00e8ge la sant\u00e9 du troupeau<\/h3>\n<p>Chaque ration pour porc est appuy\u00e9e par la certification FeedAssure\u2122, par les normes HACCP et par des pratiques rigoureuses de bios\u00e9curit\u00e9. <a href=\"https:\/\/newlifemills.com\/fr\/about\/notre-engagement\/\">Cet engagement<\/a> garantit une nutrition constante qui prot\u00e8ge la sant\u00e9 du troupeau et soutient la confiance des producteurs.<\/p>\n<\/div><\/div><div class=\"column\" style=\"align-items:flex-start; justify-content:flex-start;\"><div class=\"module\"><h3 class=\"highlight\">Soutenir les producteurs de porc canadiens avec une nutrition \u00e9prouv\u00e9e<\/h3>\n<p>Avec des <a href=\"https:\/\/newlifemills.com\/fr\/contactez-nous\/mill-locations\/\">moulins strat\u00e9giquement situ\u00e9s et sp\u00e9cialis\u00e9s<\/a>, New-Life Mills assure un approvisionnement fiable \u00e0 travers le Canada. Notre int\u00e9gration avec P&amp;H Grain et P&amp;H Milling offre un acc\u00e8s exclusif \u00e0 des ingr\u00e9dients de qualit\u00e9 sup\u00e9rieure et \u00e0 une innovation plus rapide, donnant ainsi aux producteurs de porc canadiens un avantage en termes d&rsquo;efficacit\u00e9 et de performance.<\/p>\n<\/div><\/div>    <\/div>\n<\/section>\n\n\n<section     class=\"accordion dark\">\n\n    <div class=\"container accordion-layout\">\n\n                    <h2 class=\"accordion-heading\">Questions fr\u00e9quemment pos\u00e9es sur la nutrition<\/h2>\n        \n        <div class=\"accordionItems \" id=\"accordionItems-2\">\n            \n                    <div class=\"accordionItem\">\n                        <div class=\"accordionTitle accordionTitle-2\" id=\"accordionTitle-1-2\">\n                            <span>Qu&rsquo;est-ce que le programme Pacemaker?<\/span>\n                        <\/div>\n                        <div class=\"accordionCopy accordionCopy-2\" id=\"accordionCopy-1-2\">\n                            <p>Pacemaker est la solution de nutrition porcine embl\u00e9matique de New-Life Mills, offrant une performance constante de la truie au porc de march\u00e9 avec des rations \u00e9prouv\u00e9es pour chaque \u00e9tape.<\/p>\n                        <\/div>\n                    <\/div>\n\n                \n                    <div class=\"accordionItem\">\n                        <div class=\"accordionTitle accordionTitle-2\" id=\"accordionTitle-2-2\">\n                            <span>Comment la nutrition am\u00e9liore-t-elle la reproduction des truies?<\/span>\n                        <\/div>\n                        <div class=\"accordionCopy accordionCopy-2\" id=\"accordionCopy-2-2\">\n                            <p>Les rations de pr\u00e9cision soutiennent le succ\u00e8s de la reproduction, le d\u00e9veloppement f\u0153tal et la performance des port\u00e9es, ce qui m\u00e8ne \u00e0 des port\u00e9es plus grandes et en meilleure sant\u00e9 ainsi qu&rsquo;\u00e0 des porcelets plus vigoureux au sevrage.<\/p>\n                        <\/div>\n                    <\/div>\n\n                \n                    <div class=\"accordionItem\">\n                        <div class=\"accordionTitle accordionTitle-2\" id=\"accordionTitle-3-2\">\n                            <span>Quels avantages vos aliments de d\u00e9marrage et de pouponni\u00e8re offrent-ils?<\/span>\n                        <\/div>\n                        <div class=\"accordionCopy accordionCopy-2\" id=\"accordionCopy-3-2\">\n                            <p>Nos aliments hautement digestibles favorisent la sant\u00e9 intestinale, renforcent l&rsquo;immunit\u00e9 et acc\u00e9l\u00e8rent la croissance, mettant les porcelets sur la voie de la performance \u00e0 vie.<\/p>\n                        <\/div>\n                    <\/div>\n\n                \n                    <div class=\"accordionItem\">\n                        <div class=\"accordionTitle accordionTitle-2\" id=\"accordionTitle-4-2\">\n                            <span>Offrez-vous des strat\u00e9gies nutritionnelles pour les troupeaux \u00e9lev\u00e9s sans antibiotiques (ESA)?<\/span>\n                        <\/div>\n                        <div class=\"accordionCopy accordionCopy-2\" id=\"accordionCopy-4-2\">\n                            <p>Oui, nous fournissons des rations Pacemaker con\u00e7ues pour les syst\u00e8mes ESA, utilisant des additifs \u00e9prouv\u00e9s qui soutiennent la sant\u00e9 intestinale, l&rsquo;immunit\u00e9 et l&rsquo;efficacit\u00e9 de la croissance. En savoir plus : Maximiser la croissance sans antibiotiques<\/p>\n                        <\/div>\n                    <\/div>\n\n                        <\/div>\n\n    <\/div>\n<\/section>\n\n\n<section class=\"cta yellow\">\n    <div class=\"container\">\n        <div class=\"left noimage\">\n            <h3>Collaborez avec New-Life Mills pour une nutrition porcine \u00e9prouv\u00e9e<\/h3>\n<p>Des truies et porcelets aux porcs de finition, New-Life Mills offre une nutrition Pacemaker \u00e9prouv\u00e9e et un soutien pratique pour aider votre troupeau \u00e0 prosp\u00e9rer et votre exploitation \u00e0 cro\u00eetre de mani\u00e8re rentable.<\/p>\n\n                            <div class=\"buttons\">\n                                                                <a class=\"button secondary\" href=\"https:\/\/newlifemills.com\/fr\/contactez-nous\/\" target=\"\"><span>Parlez \u00e0 un sp\u00e9cialiste porcin<\/span><\/a>\n                                    <\/div>\n                    <\/div>\n            <\/div>\n<\/section>","protected":false},"excerpt":{"rendered":"","protected":false},"author":2,"featured_media":0,"parent":2085,"menu_order":3,"comment_status":"closed","ping_status":"closed","template":"","meta":{"_acf_changed":false,"_relevanssi_hide_post":"","_relevanssi_hide_content":"","_relevanssi_pin_for_all":"","_relevanssi_pin_keywords":"","_relevanssi_unpin_keywords":"","_relevanssi_related_keywords":"","_relevanssi_related_include_ids":"","_relevanssi_related_exclude_ids":"","_relevanssi_related_no_append":"","_relevanssi_related_not_related":"","_relevanssi_related_posts":"","_relevanssi_noindex_reason":"","footnotes":""},"class_list":["post-2290","page","type-page","status-publish","hentry"],"acf":[],"yoast_head":"<!-- This site is optimized with the Yoast SEO plugin v27.5 - https:\/\/yoast.com\/product\/yoast-seo-wordpress\/ -->\n<title>Programmes de nutrition porcine | New-Life Mills<\/title>\n<meta name=\"description\" content=\"Les programmes de nutrition porcine de New-Life Mills optimisent la reproduction des truies, la croissance desporcelets et l&#039;efficacit\u00e9 de la croissance-finition. Des rations Pacemaker \u00e9prouv\u00e9es et le soutien d\u2019experts pourles producteurs canadiens.\" \/>\n<meta name=\"robots\" content=\"index, follow, max-snippet:-1, max-image-preview:large, max-video-preview:-1\" \/>\n<link rel=\"canonical\" href=\"https:\/\/newlifemills.com\/fr\/species\/porc\/\" \/>\n<meta property=\"og:locale\" content=\"fr_FR\" \/>\n<meta property=\"og:type\" content=\"article\" \/>\n<meta property=\"og:title\" content=\"Programmes de nutrition porcine | New-Life Mills\" \/>\n<meta property=\"og:description\" content=\"Les programmes de nutrition porcine de New-Life Mills optimisent la reproduction des truies, la croissance desporcelets et l&#039;efficacit\u00e9 de la croissance-finition. Des rations Pacemaker \u00e9prouv\u00e9es et le soutien d\u2019experts pourles producteurs canadiens.\" \/>\n<meta property=\"og:url\" content=\"https:\/\/newlifemills.com\/fr\/species\/porc\/\" \/>\n<meta property=\"og:site_name\" content=\"New Life Mills\" \/>\n<meta property=\"article:modified_time\" content=\"2026-03-12T18:10:15+00:00\" \/>\n<meta name=\"twitter:card\" content=\"summary_large_image\" \/>\n<script type=\"application\/ld+json\" class=\"yoast-schema-graph\">{\"@context\":\"https:\\\/\\\/schema.org\",\"@graph\":[{\"@type\":\"WebPage\",\"@id\":\"https:\\\/\\\/newlifemills.com\\\/fr\\\/species\\\/porc\\\/\",\"url\":\"https:\\\/\\\/newlifemills.com\\\/fr\\\/species\\\/porc\\\/\",\"name\":\"Programmes de nutrition porcine | New-Life Mills\",\"isPartOf\":{\"@id\":\"https:\\\/\\\/newlifemills.com\\\/fr\\\/#website\"},\"datePublished\":\"2025-11-18T16:11:12+00:00\",\"dateModified\":\"2026-03-12T18:10:15+00:00\",\"description\":\"Les programmes de nutrition porcine de New-Life Mills optimisent la reproduction des truies, la croissance desporcelets et l'efficacit\u00e9 de la croissance-finition. Des rations Pacemaker \u00e9prouv\u00e9es et le soutien d\u2019experts pourles producteurs canadiens.\",\"breadcrumb\":{\"@id\":\"https:\\\/\\\/newlifemills.com\\\/fr\\\/species\\\/porc\\\/#breadcrumb\"},\"inLanguage\":\"fr-FR\",\"potentialAction\":[{\"@type\":\"ReadAction\",\"target\":[\"https:\\\/\\\/newlifemills.com\\\/fr\\\/species\\\/porc\\\/\"]}]},{\"@type\":\"BreadcrumbList\",\"@id\":\"https:\\\/\\\/newlifemills.com\\\/fr\\\/species\\\/porc\\\/#breadcrumb\",\"itemListElement\":[{\"@type\":\"ListItem\",\"position\":1,\"name\":\"Home\",\"item\":\"https:\\\/\\\/newlifemills.com\\\/fr\\\/\"},{\"@type\":\"ListItem\",\"position\":2,\"name\":\"Alimentation Animale\",\"item\":\"https:\\\/\\\/newlifemills.com\\\/fr\\\/species\\\/\"},{\"@type\":\"ListItem\",\"position\":3,\"name\":\"Porc\"}]},{\"@type\":\"WebSite\",\"@id\":\"https:\\\/\\\/newlifemills.com\\\/fr\\\/#website\",\"url\":\"https:\\\/\\\/newlifemills.com\\\/fr\\\/\",\"name\":\"New Life Mills\",\"description\":\"\",\"potentialAction\":[{\"@type\":\"SearchAction\",\"target\":{\"@type\":\"EntryPoint\",\"urlTemplate\":\"https:\\\/\\\/newlifemills.com\\\/fr\\\/?s={search_term_string}\"},\"query-input\":{\"@type\":\"PropertyValueSpecification\",\"valueRequired\":true,\"valueName\":\"search_term_string\"}}],\"inLanguage\":\"fr-FR\"}]}<\/script>\n<!-- \/ Yoast SEO plugin. -->","yoast_head_json":{"title":"Programmes de nutrition porcine | New-Life Mills","description":"Les programmes de nutrition porcine de New-Life Mills optimisent la reproduction des truies, la croissance desporcelets et l'efficacit\u00e9 de la croissance-finition. Des rations Pacemaker \u00e9prouv\u00e9es et le soutien d\u2019experts pourles producteurs canadiens.","robots":{"index":"index","follow":"follow","max-snippet":"max-snippet:-1","max-image-preview":"max-image-preview:large","max-video-preview":"max-video-preview:-1"},"canonical":"https:\/\/newlifemills.com\/fr\/species\/porc\/","og_locale":"fr_FR","og_type":"article","og_title":"Programmes de nutrition porcine | New-Life Mills","og_description":"Les programmes de nutrition porcine de New-Life Mills optimisent la reproduction des truies, la croissance desporcelets et l'efficacit\u00e9 de la croissance-finition. Des rations Pacemaker \u00e9prouv\u00e9es et le soutien d\u2019experts pourles producteurs canadiens.","og_url":"https:\/\/newlifemills.com\/fr\/species\/porc\/","og_site_name":"New Life Mills","article_modified_time":"2026-03-12T18:10:15+00:00","twitter_card":"summary_large_image","schema":{"@context":"https:\/\/schema.org","@graph":[{"@type":"WebPage","@id":"https:\/\/newlifemills.com\/fr\/species\/porc\/","url":"https:\/\/newlifemills.com\/fr\/species\/porc\/","name":"Programmes de nutrition porcine | New-Life Mills","isPartOf":{"@id":"https:\/\/newlifemills.com\/fr\/#website"},"datePublished":"2025-11-18T16:11:12+00:00","dateModified":"2026-03-12T18:10:15+00:00","description":"Les programmes de nutrition porcine de New-Life Mills optimisent la reproduction des truies, la croissance desporcelets et l'efficacit\u00e9 de la croissance-finition. Des rations Pacemaker \u00e9prouv\u00e9es et le soutien d\u2019experts pourles producteurs canadiens.","breadcrumb":{"@id":"https:\/\/newlifemills.com\/fr\/species\/porc\/#breadcrumb"},"inLanguage":"fr-FR","potentialAction":[{"@type":"ReadAction","target":["https:\/\/newlifemills.com\/fr\/species\/porc\/"]}]},{"@type":"BreadcrumbList","@id":"https:\/\/newlifemills.com\/fr\/species\/porc\/#breadcrumb","itemListElement":[{"@type":"ListItem","position":1,"name":"Home","item":"https:\/\/newlifemills.com\/fr\/"},{"@type":"ListItem","position":2,"name":"Alimentation Animale","item":"https:\/\/newlifemills.com\/fr\/species\/"},{"@type":"ListItem","position":3,"name":"Porc"}]},{"@type":"WebSite","@id":"https:\/\/newlifemills.com\/fr\/#website","url":"https:\/\/newlifemills.com\/fr\/","name":"New Life Mills","description":"","potentialAction":[{"@type":"SearchAction","target":{"@type":"EntryPoint","urlTemplate":"https:\/\/newlifemills.com\/fr\/?s={search_term_string}"},"query-input":{"@type":"PropertyValueSpecification","valueRequired":true,"valueName":"search_term_string"}}],"inLanguage":"fr-FR"}]}},"_links":{"self":[{"href":"https:\/\/newlifemills.com\/fr\/wp-json\/wp\/v2\/pages\/2290","targetHints":{"allow":["GET"]}}],"collection":[{"href":"https:\/\/newlifemills.com\/fr\/wp-json\/wp\/v2\/pages"}],"about":[{"href":"https:\/\/newlifemills.com\/fr\/wp-json\/wp\/v2\/types\/page"}],"author":[{"embeddable":true,"href":"https:\/\/newlifemills.com\/fr\/wp-json\/wp\/v2\/users\/2"}],"replies":[{"embeddable":true,"href":"https:\/\/newlifemills.com\/fr\/wp-json\/wp\/v2\/comments?post=2290"}],"version-history":[{"count":8,"href":"https:\/\/newlifemills.com\/fr\/wp-json\/wp\/v2\/pages\/2290\/revisions"}],"predecessor-version":[{"id":2602,"href":"https:\/\/newlifemills.com\/fr\/wp-json\/wp\/v2\/pages\/2290\/revisions\/2602"}],"up":[{"embeddable":true,"href":"https:\/\/newlifemills.com\/fr\/wp-json\/wp\/v2\/pages\/2085"}],"wp:attachment":[{"href":"https:\/\/newlifemills.com\/fr\/wp-json\/wp\/v2\/media?parent=2290"}],"curies":[{"name":"wp","href":"https:\/\/api.w.org\/{rel}","templated":true}]}}