{"id":2275,"date":"2025-11-18T16:09:58","date_gmt":"2025-11-18T16:09:58","guid":{"rendered":"https:\/\/newlifemills.com\/?page_id=2275"},"modified":"2026-03-12T18:06:01","modified_gmt":"2026-03-12T18:06:01","slug":"bovins-de-boucherie","status":"publish","type":"page","link":"https:\/\/newlifemills.com\/fr\/species\/bovins-de-boucherie\/","title":{"rendered":"Bovins de boucherie"},"content":{"rendered":"\n<section \n        class=\"hero hero-image\"\n    style=\"background-image: url(https:\/\/newlifemills.com\/wp-content\/uploads\/2025\/11\/hero-cow.png); background-size: cover; background-position: center;\">\n\n    \n    <div class=\"container hero-content\">\n        <div class=\"content\">                                <div class=\"container breadcrumbWrapper\">\n                        <p id=\"breadcrumbs\"><span><span><a href=\"https:\/\/newlifemills.com\/fr\/\">Home<\/a><\/span><\/span><\/p>                    <\/div>\n\n                                        <h1>Bovins de boucherie<\/h1>\n                        \n            \n                    <\/div>\n\n            <\/div>\n<\/section>\n\n\n<section class=\"general gray default\">\n    <div class=\"container halves\">\n    <div class=\"column\" style=\"align-items:center; justify-content:flex-start;\"><div class=\"module\"><h2>Une nutrition \u00e9prouv\u00e9e pour des troupeaux en meilleure sant\u00e9 et pour un rendement sup\u00e9rieur<\/h2>\n<p>Une nutrition \u00e9quilibr\u00e9e est la base des op\u00e9rations d&rsquo;alimentation productives. New-Life Mills offre des programmes cibl\u00e9s pour soutenir chaque \u00e9tape, de l&rsquo;\u00e9levage des vaches et la croissance des veaux \u00e0 la finition des bovins. Soutenus par une science \u00e9prouv\u00e9e, une innovation canadienne et <a href=\"https:\/\/newlifemills.com\/fr\/services\/\">une expertise sur le terrain<\/a>, <a href=\"https:\/\/newlifemills.com\/fr\/notre-equipe\/\">nos sp\u00e9cialistes<\/a> aident les producteurs \u00e0 b\u00e2tir des troupeaux en meilleure sant\u00e9 et des r\u00e9sultats financiers plus solides.<\/p>\n<p class=\"large-top\"><strong>Trouvez le meilleur programme pour vous:<\/strong><\/p>\n<p><a class=\"button primary\" href=\"https:\/\/newlifemills.com\/contact-us\/\">Parlez \u00e0 un sp\u00e9cialiste du secteur laitier<\/a><\/p>\n<\/div><\/div><div class=\"column\" style=\"align-items:center; justify-content:flex-start;\"><div class=\"module image-content\"><img decoding=\"async\" src=\"https:\/\/newlifemills.com\/wp-content\/uploads\/2025\/12\/image-beef.png\" alt=\"Image Beef\" \/><\/div><\/div>    <\/div>\n<\/section>\n\n\n<section class=\"tabs darkgray\">\n    <div class=\"container\">\n        \n\n        <div class=\"tabItems open side left\" id=\"tabItems-1\">\n                        <div class=\"sideTabs\"><h2>Des programmes d&rsquo;alimentation con\u00e7us pour l&rsquo;ensemble du cycle bovin<\/h2>\n\n                    <div class=\"tabTitle tabTitle-1\" id=\"tabTitle-1-1\">\n                        <div class=\"tabTitleContent\">\n                            <span>Vaches de boucherie<\/span>\n                            <p>Une nutrition qui soutient la reproduction, la gestation et la lactation \u2013 constituant des vaches en meilleure sant\u00e9 et des veaux prosp\u00e8res d\u00e8s le d\u00e9part.<\/p>\n                        <\/div>\n                    <\/div>\n                \n                    <div class=\"tabTitle tabTitle-1\" id=\"tabTitle-2-1\">\n                        <div class=\"tabTitleContent\">\n                            <span>Veaux<\/span>\n                            <p>Une nutrition pr\u00e9coce qui renforce l&rsquo;immunit\u00e9, am\u00e9liore l&rsquo;efficacit\u00e9 de la croissance et pose les bases d&rsquo;une productivit\u00e9 et d&rsquo;une rentabilit\u00e9 \u00e0 vie.<\/p>\n                        <\/div>\n                    <\/div>\n                \n                    <div class=\"tabTitle tabTitle-1\" id=\"tabTitle-3-1\">\n                        <div class=\"tabTitleContent\">\n                            <span>G\u00e9nisses de remplacement<\/span>\n                            <p>Des programmes \u00e9quilibr\u00e9s qui pr\u00e9parent les g\u00e9nisses \u00e0 l&rsquo;\u00e9levage et au v\u00ealage, tout en maximisant l&rsquo;utilisation des fourrages et en soutenant la productivit\u00e9 future.<\/p>\n                        <\/div>\n                    <\/div>\n                \n                    <div class=\"tabTitle tabTitle-1\" id=\"tabTitle-4-1\">\n                        <div class=\"tabTitleContent\">\n                            <span>Bouvillons et g\u00e9nisses en parc d&rsquo;engraissement<\/span>\n                            <p>Des rations rentables qui stimulent le gain, am\u00e9liorent la conversion alimentation-poids et soutiennent des marges b\u00e9n\u00e9ficiaires plus solides.<\/p>\n                        <\/div>\n                    <\/div>\n                <\/div>                        <div class=\"tabContent side\">\n                    <div class=\"tabCopy tabCopy-1\" id=\"tabCopy-1-1\">\n                        <img decoding=\"async\" src=\"https:\/\/newlifemills.com\/wp-content\/uploads\/2025\/12\/image-carousal02.png\" alt=\"Image Carousal02\" \/>\n                    <\/div>\n                \n                    <div class=\"tabCopy tabCopy-1\" id=\"tabCopy-2-1\">\n                        <img decoding=\"async\" src=\"https:\/\/newlifemills.com\/wp-content\/uploads\/2026\/01\/Calves-scaled.jpg\" alt=\"Cute Angus Calf\" \/>\n                    <\/div>\n                \n                    <div class=\"tabCopy tabCopy-1\" id=\"tabCopy-3-1\">\n                        <img decoding=\"async\" src=\"https:\/\/newlifemills.com\/wp-content\/uploads\/2026\/01\/Replacement-Heifers-scaled.jpg\" alt=\"Black Angus Calf Close Up\" \/>\n                    <\/div>\n                \n                    <div class=\"tabCopy tabCopy-1\" id=\"tabCopy-4-1\">\n                        <img decoding=\"async\" src=\"https:\/\/newlifemills.com\/wp-content\/uploads\/2026\/01\/Feedlot-scaled.jpg\" alt=\"Close Up Of Calves On Animal Farm Eating Food. Meat Industry Concept.\" \/>\n                    <\/div>\n                <\/div>        <\/div>\n\n                    <div class=\"mobileTabs\">\n                                    <div class=\"mobileIntro\">\n                        <h2>Des programmes d&rsquo;alimentation con\u00e7us pour l&rsquo;ensemble du cycle bovin<\/h2>\n                    <\/div>\n                \n                                    <div class=\"mobileTabItem\">\n                                                    <img decoding=\"async\" src=\"https:\/\/newlifemills.com\/wp-content\/uploads\/2025\/12\/image-carousal02.png\" alt=\"Image Carousal02\" \/>\n                        \n                        <h3 class=\"mobileTabTitle\">Vaches de boucherie<\/h3>\n\n                        <div class=\"mobileTabContent\">\n                            <p>Une nutrition qui soutient la reproduction, la gestation et la lactation \u2013 constituant des vaches en meilleure sant\u00e9 et des veaux prosp\u00e8res d\u00e8s le d\u00e9part.<\/p>\n                        <\/div>\n                    <\/div>\n                                    <div class=\"mobileTabItem\">\n                                                    <img decoding=\"async\" src=\"https:\/\/newlifemills.com\/wp-content\/uploads\/2026\/01\/Calves-scaled.jpg\" alt=\"Cute Angus Calf\" \/>\n                        \n                        <h3 class=\"mobileTabTitle\">Veaux<\/h3>\n\n                        <div class=\"mobileTabContent\">\n                            <p>Une nutrition pr\u00e9coce qui renforce l&rsquo;immunit\u00e9, am\u00e9liore l&rsquo;efficacit\u00e9 de la croissance et pose les bases d&rsquo;une productivit\u00e9 et d&rsquo;une rentabilit\u00e9 \u00e0 vie.<\/p>\n                        <\/div>\n                    <\/div>\n                                    <div class=\"mobileTabItem\">\n                                                    <img decoding=\"async\" src=\"https:\/\/newlifemills.com\/wp-content\/uploads\/2026\/01\/Replacement-Heifers-scaled.jpg\" alt=\"Black Angus Calf Close Up\" \/>\n                        \n                        <h3 class=\"mobileTabTitle\">G\u00e9nisses de remplacement<\/h3>\n\n                        <div class=\"mobileTabContent\">\n                            <p>Des programmes \u00e9quilibr\u00e9s qui pr\u00e9parent les g\u00e9nisses \u00e0 l&rsquo;\u00e9levage et au v\u00ealage, tout en maximisant l&rsquo;utilisation des fourrages et en soutenant la productivit\u00e9 future.<\/p>\n                        <\/div>\n                    <\/div>\n                                    <div class=\"mobileTabItem\">\n                                                    <img decoding=\"async\" src=\"https:\/\/newlifemills.com\/wp-content\/uploads\/2026\/01\/Feedlot-scaled.jpg\" alt=\"Close Up Of Calves On Animal Farm Eating Food. Meat Industry Concept.\" \/>\n                        \n                        <h3 class=\"mobileTabTitle\">Bouvillons et g\u00e9nisses en parc d&rsquo;engraissement<\/h3>\n\n                        <div class=\"mobileTabContent\">\n                            <p>Des rations rentables qui stimulent le gain, am\u00e9liorent la conversion alimentation-poids et soutiennent des marges b\u00e9n\u00e9ficiaires plus solides.<\/p>\n                        <\/div>\n                    <\/div>\n                            <\/div>\n        \n    <\/div>\n<\/section>\n\n\n<section class=\"general white default\">\n    <div class=\"container halves\">\n    <div class=\"column\" style=\"align-items:center; justify-content:flex-start;\"><div class=\"module\"><h3 class=\"highlight\">Des troupeaux plus forts commencent par une nutrition coh\u00e9rente<\/h3>\n<p>Chaque programme de nutrition bovine est soutenu par la certification FeedAssure\u2122, par les normes HACCP et par des pratiques rigoureuses de bios\u00e9curit\u00e9. Notre engagement envers la qualit\u00e9 garantit une alimentation s\u00fbre et coh\u00e9rente qui prot\u00e8ge la sant\u00e9 du troupeau et renforce la confiance des producteurs.<\/p>\n<\/div><\/div><div class=\"column\" style=\"align-items:center; justify-content:flex-start;\"><div class=\"module\"><h3 class=\"highlight\">Alimenter la croissance des producteurs de b\u0153uf canadiens<\/h3>\n<p>Avec des installations strat\u00e9giquement situ\u00e9es, New-Life Mills assure une livraison fiable et un approvisionnement constant en aliments \u00e0 travers le Canada. En tant que division de Parrish &amp; Heimbecker, nous b\u00e9n\u00e9ficions de l&rsquo;acc\u00e8s \u00e0 leur vaste r\u00e9seau de grains et de meunerie \u2014 ainsi qu&rsquo;\u00e0 d&rsquo;autres sources fiables \u2014 pour obtenir des ingr\u00e9dients de haute qualit\u00e9 qui s&rsquo;alignent avec notre engagement envers la s\u00e9curit\u00e9 alimentaire et l&rsquo;excellence nutritionnelle.<\/p>\n<\/div><\/div>    <\/div>\n<\/section>\n\n\n<section     class=\"accordion dark\">\n\n    <div class=\"container accordion-layout\">\n\n                    <h2 class=\"accordion-heading\">Questions fr\u00e9quemment pos\u00e9es sur la nutrition bovine<\/h2>\n        \n        <div class=\"accordionItems \" id=\"accordionItems-2\">\n            \n                    <div class=\"accordionItem\">\n                        <div class=\"accordionTitle accordionTitle-2\" id=\"accordionTitle-1-2\">\n                            <span>Comment la nutrition peut-elle am\u00e9liorer la sant\u00e9 et la croissance des veaux?<\/span>\n                        <\/div>\n                        <div class=\"accordionCopy accordionCopy-2\" id=\"accordionCopy-1-2\">\n                            <p>La nutrition en d\u00e9but de vie joue un r\u00f4le crucial dans le renforcement de l&rsquo;immunit\u00e9, dans le soutien au d\u00e9veloppement du rumen et dans la promotion d&rsquo;une croissance efficace. Un r\u00e9gime bien \u00e9quilibr\u00e9 pendant les \u00e9tapes d&rsquo;alimentation au lait et de sevrage am\u00e9liore la r\u00e9silience aux maladies et pr\u00e9pare les veaux \u00e0 une productivit\u00e9 \u00e0 long terme.<\/p>\n                        <\/div>\n                    <\/div>\n\n                \n                    <div class=\"accordionItem\">\n                        <div class=\"accordionTitle accordionTitle-2\" id=\"accordionTitle-2-2\">\n                            <span>Personnalisez-vous les rations de b\u0153uf pour diff\u00e9rentes op\u00e9rations?<\/span>\n                        <\/div>\n                        <div class=\"accordionCopy accordionCopy-2\" id=\"accordionCopy-2-2\">\n                            <p>Oui, nos sp\u00e9cialistes adaptent les rations pour les op\u00e9rations de vaches-veaux, de semi-finition et de parcs d&rsquo;engraissement, en \u00e9quilibrant les fourrages de la ferme avec des suppl\u00e9ments pour correspondre aux objectifs du troupeau en mati\u00e8re de croissance, de reproduction et d&rsquo;efficacit\u00e9.<\/p>\n                        <\/div>\n                    <\/div>\n\n                \n                    <div class=\"accordionItem\">\n                        <div class=\"accordionTitle accordionTitle-2\" id=\"accordionTitle-3-2\">\n                            <span>Quel r\u00f4le jouent les min\u00e9raux dans la performance des bovins de boucherie?<\/span>\n                        <\/div>\n                        <div class=\"accordionCopy accordionCopy-2\" id=\"accordionCopy-3-2\">\n                            <p>Une nutrition min\u00e9rale \u00e9quilibr\u00e9e soutient la reproduction, le d\u00e9veloppement osseux, la fonction immunitaire et la vitalit\u00e9 des veaux. Des min\u00e9raux cl\u00e9s comme le phosphore, le cuivre, le mangan\u00e8se, le zinc et le s\u00e9l\u00e9nium sont essentiels pour la fertilit\u00e9, la croissance et la r\u00e9sistance aux maladies.<\/p>\n                        <\/div>\n                    <\/div>\n\n                \n                    <div class=\"accordionItem\">\n                        <div class=\"accordionTitle accordionTitle-2\" id=\"accordionTitle-4-2\">\n                            <span>Comment soutenez-vous la rentabilit\u00e9 des parcs d&rsquo;engraissement?<\/span>\n                        <\/div>\n                        <div class=\"accordionCopy accordionCopy-2\" id=\"accordionCopy-4-2\">\n                            <p>Nos rations sont formul\u00e9es pour optimiser la conversion alimentaire, en utilisant des niveaux \u00e9quilibr\u00e9s d&rsquo;\u00e9nergie et de prot\u00e9ines, des techniques de transformation des grains et des additifs alimentaires approuv\u00e9s comme les ionophores. Ces strat\u00e9gies aident le b\u00e9tail \u00e0 atteindre efficacement les poids cibles tout en prot\u00e9geant les marges.<\/p>\n                        <\/div>\n                    <\/div>\n\n                        <\/div>\n\n    <\/div>\n<\/section>\n\n\n<section class=\"cta yellow\">\n    <div class=\"container\">\n        <div class=\"left noimage\">\n            <h3>Collaborez avec New-Life Mills pour une nutrition bovine \u00e9prouv\u00e9e<\/h3>\n<p>De l&rsquo;\u00e9levage des vaches \u00e0 la finition du b\u00e9tail, New-Life Mills offre une nutrition fond\u00e9e sur la science et un\u00a0 soutien pratique pour garder votre troupeau en sant\u00e9 et votre exploitation rentable.<\/p>\n\n                            <div class=\"buttons\">\n                                                                <a class=\"button secondary\" href=\"https:\/\/newlifemills.com\/fr\/contactez-nous\/\" target=\"\"><span>Parlez \u00e0 un sp\u00e9cialiste du b\u0153uf<\/span><\/a>\n                                    <\/div>\n                    <\/div>\n            <\/div>\n<\/section>","protected":false},"excerpt":{"rendered":"","protected":false},"author":2,"featured_media":0,"parent":2085,"menu_order":1,"comment_status":"closed","ping_status":"closed","template":"","meta":{"_acf_changed":false,"_relevanssi_hide_post":"","_relevanssi_hide_content":"","_relevanssi_pin_for_all":"","_relevanssi_pin_keywords":"","_relevanssi_unpin_keywords":"","_relevanssi_related_keywords":"","_relevanssi_related_include_ids":"","_relevanssi_related_exclude_ids":"","_relevanssi_related_no_append":"","_relevanssi_related_not_related":"","_relevanssi_related_posts":"2510,2517,2520,2514","_relevanssi_noindex_reason":"","footnotes":""},"class_list":["post-2275","page","type-page","status-publish","hentry"],"acf":[],"yoast_head":"<!-- This site is optimized with the Yoast SEO plugin v27.5 - https:\/\/yoast.com\/product\/yoast-seo-wordpress\/ -->\n<title>Nutrition des bovins de boucherie | New-Life Mills<\/title>\n<meta name=\"description\" content=\"Les programmes de nutrition pour bovins de New-Life Mills optimisent la sant\u00e9, la croissance et la rentabilit\u00e9du troupeau. Des solutions canadiennes \u00e9prouv\u00e9es pour vaches, veaux, g\u00e9nisses et parcs d&#039;engraissement.\" \/>\n<meta name=\"robots\" content=\"index, follow, max-snippet:-1, max-image-preview:large, max-video-preview:-1\" \/>\n<link rel=\"canonical\" href=\"https:\/\/newlifemills.com\/fr\/species\/bovins-de-boucherie\/\" \/>\n<meta property=\"og:locale\" content=\"fr_FR\" \/>\n<meta property=\"og:type\" content=\"article\" \/>\n<meta property=\"og:title\" content=\"Nutrition des bovins de boucherie | New-Life Mills\" \/>\n<meta property=\"og:description\" content=\"Les programmes de nutrition pour bovins de New-Life Mills optimisent la sant\u00e9, la croissance et la rentabilit\u00e9du troupeau. Des solutions canadiennes \u00e9prouv\u00e9es pour vaches, veaux, g\u00e9nisses et parcs d&#039;engraissement.\" \/>\n<meta property=\"og:url\" content=\"https:\/\/newlifemills.com\/fr\/species\/bovins-de-boucherie\/\" \/>\n<meta property=\"og:site_name\" content=\"New Life Mills\" \/>\n<meta property=\"article:modified_time\" content=\"2026-03-12T18:06:01+00:00\" \/>\n<meta name=\"twitter:card\" content=\"summary_large_image\" \/>\n<script type=\"application\/ld+json\" class=\"yoast-schema-graph\">{\"@context\":\"https:\\\/\\\/schema.org\",\"@graph\":[{\"@type\":\"WebPage\",\"@id\":\"https:\\\/\\\/newlifemills.com\\\/fr\\\/species\\\/bovins-de-boucherie\\\/\",\"url\":\"https:\\\/\\\/newlifemills.com\\\/fr\\\/species\\\/bovins-de-boucherie\\\/\",\"name\":\"Nutrition des bovins de boucherie | New-Life Mills\",\"isPartOf\":{\"@id\":\"https:\\\/\\\/newlifemills.com\\\/fr\\\/#website\"},\"datePublished\":\"2025-11-18T16:09:58+00:00\",\"dateModified\":\"2026-03-12T18:06:01+00:00\",\"description\":\"Les programmes de nutrition pour bovins de New-Life Mills optimisent la sant\u00e9, la croissance et la rentabilit\u00e9du troupeau. Des solutions canadiennes \u00e9prouv\u00e9es pour vaches, veaux, g\u00e9nisses et parcs d'engraissement.\",\"breadcrumb\":{\"@id\":\"https:\\\/\\\/newlifemills.com\\\/fr\\\/species\\\/bovins-de-boucherie\\\/#breadcrumb\"},\"inLanguage\":\"fr-FR\",\"potentialAction\":[{\"@type\":\"ReadAction\",\"target\":[\"https:\\\/\\\/newlifemills.com\\\/fr\\\/species\\\/bovins-de-boucherie\\\/\"]}]},{\"@type\":\"BreadcrumbList\",\"@id\":\"https:\\\/\\\/newlifemills.com\\\/fr\\\/species\\\/bovins-de-boucherie\\\/#breadcrumb\",\"itemListElement\":[{\"@type\":\"ListItem\",\"position\":1,\"name\":\"Home\",\"item\":\"https:\\\/\\\/newlifemills.com\\\/fr\\\/\"},{\"@type\":\"ListItem\",\"position\":2,\"name\":\"Alimentation Animale\",\"item\":\"https:\\\/\\\/newlifemills.com\\\/fr\\\/species\\\/\"},{\"@type\":\"ListItem\",\"position\":3,\"name\":\"Bovins de boucherie\"}]},{\"@type\":\"WebSite\",\"@id\":\"https:\\\/\\\/newlifemills.com\\\/fr\\\/#website\",\"url\":\"https:\\\/\\\/newlifemills.com\\\/fr\\\/\",\"name\":\"New Life Mills\",\"description\":\"\",\"potentialAction\":[{\"@type\":\"SearchAction\",\"target\":{\"@type\":\"EntryPoint\",\"urlTemplate\":\"https:\\\/\\\/newlifemills.com\\\/fr\\\/?s={search_term_string}\"},\"query-input\":{\"@type\":\"PropertyValueSpecification\",\"valueRequired\":true,\"valueName\":\"search_term_string\"}}],\"inLanguage\":\"fr-FR\"}]}<\/script>\n<!-- \/ Yoast SEO plugin. -->","yoast_head_json":{"title":"Nutrition des bovins de boucherie | New-Life Mills","description":"Les programmes de nutrition pour bovins de New-Life Mills optimisent la sant\u00e9, la croissance et la rentabilit\u00e9du troupeau. Des solutions canadiennes \u00e9prouv\u00e9es pour vaches, veaux, g\u00e9nisses et parcs d'engraissement.","robots":{"index":"index","follow":"follow","max-snippet":"max-snippet:-1","max-image-preview":"max-image-preview:large","max-video-preview":"max-video-preview:-1"},"canonical":"https:\/\/newlifemills.com\/fr\/species\/bovins-de-boucherie\/","og_locale":"fr_FR","og_type":"article","og_title":"Nutrition des bovins de boucherie | New-Life Mills","og_description":"Les programmes de nutrition pour bovins de New-Life Mills optimisent la sant\u00e9, la croissance et la rentabilit\u00e9du troupeau. Des solutions canadiennes \u00e9prouv\u00e9es pour vaches, veaux, g\u00e9nisses et parcs d'engraissement.","og_url":"https:\/\/newlifemills.com\/fr\/species\/bovins-de-boucherie\/","og_site_name":"New Life Mills","article_modified_time":"2026-03-12T18:06:01+00:00","twitter_card":"summary_large_image","schema":{"@context":"https:\/\/schema.org","@graph":[{"@type":"WebPage","@id":"https:\/\/newlifemills.com\/fr\/species\/bovins-de-boucherie\/","url":"https:\/\/newlifemills.com\/fr\/species\/bovins-de-boucherie\/","name":"Nutrition des bovins de boucherie | New-Life Mills","isPartOf":{"@id":"https:\/\/newlifemills.com\/fr\/#website"},"datePublished":"2025-11-18T16:09:58+00:00","dateModified":"2026-03-12T18:06:01+00:00","description":"Les programmes de nutrition pour bovins de New-Life Mills optimisent la sant\u00e9, la croissance et la rentabilit\u00e9du troupeau. Des solutions canadiennes \u00e9prouv\u00e9es pour vaches, veaux, g\u00e9nisses et parcs d'engraissement.","breadcrumb":{"@id":"https:\/\/newlifemills.com\/fr\/species\/bovins-de-boucherie\/#breadcrumb"},"inLanguage":"fr-FR","potentialAction":[{"@type":"ReadAction","target":["https:\/\/newlifemills.com\/fr\/species\/bovins-de-boucherie\/"]}]},{"@type":"BreadcrumbList","@id":"https:\/\/newlifemills.com\/fr\/species\/bovins-de-boucherie\/#breadcrumb","itemListElement":[{"@type":"ListItem","position":1,"name":"Home","item":"https:\/\/newlifemills.com\/fr\/"},{"@type":"ListItem","position":2,"name":"Alimentation Animale","item":"https:\/\/newlifemills.com\/fr\/species\/"},{"@type":"ListItem","position":3,"name":"Bovins de boucherie"}]},{"@type":"WebSite","@id":"https:\/\/newlifemills.com\/fr\/#website","url":"https:\/\/newlifemills.com\/fr\/","name":"New Life Mills","description":"","potentialAction":[{"@type":"SearchAction","target":{"@type":"EntryPoint","urlTemplate":"https:\/\/newlifemills.com\/fr\/?s={search_term_string}"},"query-input":{"@type":"PropertyValueSpecification","valueRequired":true,"valueName":"search_term_string"}}],"inLanguage":"fr-FR"}]}},"_links":{"self":[{"href":"https:\/\/newlifemills.com\/fr\/wp-json\/wp\/v2\/pages\/2275","targetHints":{"allow":["GET"]}}],"collection":[{"href":"https:\/\/newlifemills.com\/fr\/wp-json\/wp\/v2\/pages"}],"about":[{"href":"https:\/\/newlifemills.com\/fr\/wp-json\/wp\/v2\/types\/page"}],"author":[{"embeddable":true,"href":"https:\/\/newlifemills.com\/fr\/wp-json\/wp\/v2\/users\/2"}],"replies":[{"embeddable":true,"href":"https:\/\/newlifemills.com\/fr\/wp-json\/wp\/v2\/comments?post=2275"}],"version-history":[{"count":5,"href":"https:\/\/newlifemills.com\/fr\/wp-json\/wp\/v2\/pages\/2275\/revisions"}],"predecessor-version":[{"id":2596,"href":"https:\/\/newlifemills.com\/fr\/wp-json\/wp\/v2\/pages\/2275\/revisions\/2596"}],"up":[{"embeddable":true,"href":"https:\/\/newlifemills.com\/fr\/wp-json\/wp\/v2\/pages\/2085"}],"wp:attachment":[{"href":"https:\/\/newlifemills.com\/fr\/wp-json\/wp\/v2\/media?parent=2275"}],"curies":[{"name":"wp","href":"https:\/\/api.w.org\/{rel}","templated":true}]}}