{"id":2259,"date":"2025-11-18T16:11:00","date_gmt":"2025-11-18T16:11:00","guid":{"rendered":"https:\/\/newlifemills.com\/?page_id=2259"},"modified":"2026-03-12T18:07:44","modified_gmt":"2026-03-12T18:07:44","slug":"vaches-laitieres","status":"publish","type":"page","link":"https:\/\/newlifemills.com\/fr\/species\/vaches-laitieres\/","title":{"rendered":"Vaches Laiti\u00e8res"},"content":{"rendered":"\n<section \n        class=\"hero hero-image\"\n    style=\"background-image: url(https:\/\/newlifemills.com\/wp-content\/uploads\/2025\/12\/hero_secondary-scaled.webp); background-size: cover; background-position: center;\">\n\n    \n    <div class=\"container hero-content\">\n        <div class=\"content\">                                <div class=\"container breadcrumbWrapper\">\n                        <p id=\"breadcrumbs\"><span><span><a href=\"https:\/\/newlifemills.com\/fr\/\">Home<\/a><\/span><\/span><\/p>                    <\/div>\n\n                                        <h1>Vaches Laiti\u00e8res<\/h1>\n                        \n            \n                    <\/div>\n\n            <\/div>\n<\/section>\n\n\n<section class=\"general gray default\">\n    <div class=\"container halves\">\n    <div class=\"column\" style=\"align-items:center; justify-content:flex-start;\"><div class=\"module\"><p><span class=\"eyebrow\">Vaches laiti\u00e8res<\/span><\/p>\n<h2>Nutrition laiti\u00e8re pour des troupeaux en meilleure sant\u00e9 et une<\/h2>\n<p>La performance laiti\u00e8re commence par une nutrition \u00e9quilibr\u00e9e. Les programmes laitiers de New-Life Mills sont con\u00e7us pour renforcer la sant\u00e9 du troupeau, soutenir des rendements laitiers plus \u00e9lev\u00e9s et am\u00e9liorer la<br \/>\nrentabilit\u00e9. Nos <a href=\"https:\/\/newlifemills.com\/fr\/notre-equipe\/\">nutritionnistes laitiers<\/a> combinent une science \u00e9prouv\u00e9e avec des <a href=\"https:\/\/newlifemills.com\/fr\/services\/\">services de soutien \u00e0 la ferme<\/a> pour aligner les rations avec les objectifs de production de fourrage et de lait de votre ferme.<\/p>\n<p class=\"large-top\"><strong>Trouvez le meilleur programme pour vous:<\/strong><\/p>\n<p><a class=\"button primary\" href=\"https:\/\/newlifemills.com\/fr\/contactez-nous\/\">Parlez \u00e0 un sp\u00e9cialiste du secteur laitier<\/a><\/p>\n<\/div><\/div><div class=\"column\" style=\"align-items:center; justify-content:flex-start;\"><div class=\"module image-content\"><img decoding=\"async\" src=\"https:\/\/newlifemills.com\/wp-content\/uploads\/2025\/12\/image_1x1_dairy.webp\" alt=\"Image 1x1 Dairy\" \/><\/div><\/div>    <\/div>\n<\/section>\n\n\n<section class=\"tabs darkgray\">\n    <div class=\"container\">\n        \n\n        <div class=\"tabItems open side left\" id=\"tabItems-1\">\n                        <div class=\"sideTabs\"><h2>Programmes d&rsquo;alimentation laiti\u00e8re<\/h2>\n\n                    <div class=\"tabTitle tabTitle-1\" id=\"tabTitle-1-1\">\n                        <div class=\"tabTitleContent\">\n                            <span>Veaux et g\u00e9nisses<\/span>\n                            <p>Soutenir un bon d\u00e9part pour une croissance plus rapide, un \u00e9levage plus pr\u00e9coce et une productivit\u00e9 \u00e0 long terme plus saine.<\/p>\n                        <\/div>\n                    <\/div>\n                \n                    <div class=\"tabTitle tabTitle-1\" id=\"tabTitle-2-1\">\n                        <div class=\"tabTitleContent\">\n                            <span>Vaches taries<\/span>\n                            <p>Nutrition con\u00e7ue pour soutenir les vaches pendant le v\u00ealage et assurer un bon d\u00e9but de lactation.<\/p>\n                        <\/div>\n                    <\/div>\n                \n                    <div class=\"tabTitle tabTitle-1\" id=\"tabTitle-3-1\">\n                        <div class=\"tabTitleContent\">\n                            <span>Vaches en lactation<\/span>\n                            <p>Programmes de nutrition \u00e9quilibr\u00e9e qui augmentent le rendement laitier, am\u00e9liorent les composants et soutiennent la sant\u00e9 \u00e0 long terme des vaches.<\/p>\n                        <\/div>\n                    <\/div>\n                <\/div>                        <div class=\"tabContent side\">\n                    <div class=\"tabCopy tabCopy-1\" id=\"tabCopy-1-1\">\n                        <img decoding=\"async\" src=\"https:\/\/newlifemills.com\/wp-content\/uploads\/2025\/12\/image_carousal01.webp\" alt=\"Image Carousal01\" \/>\n                    <\/div>\n                \n                    <div class=\"tabCopy tabCopy-1\" id=\"tabCopy-2-1\">\n                        <img decoding=\"async\" src=\"https:\/\/newlifemills.com\/wp-content\/uploads\/2026\/01\/JerseyCow-scaled-e1769017674436.png\" alt=\"Jerseycow\" \/>\n                    <\/div>\n                \n                    <div class=\"tabCopy tabCopy-1\" id=\"tabCopy-3-1\">\n                        <img decoding=\"async\" src=\"https:\/\/newlifemills.com\/wp-content\/uploads\/2025\/12\/image_carousal03.webp\" alt=\"Image Carousal03\" \/>\n                    <\/div>\n                <\/div>        <\/div>\n\n                    <div class=\"mobileTabs\">\n                                    <div class=\"mobileIntro\">\n                        <h2>Programmes d&rsquo;alimentation laiti\u00e8re<\/h2>\n                    <\/div>\n                \n                                    <div class=\"mobileTabItem\">\n                                                    <img decoding=\"async\" src=\"https:\/\/newlifemills.com\/wp-content\/uploads\/2025\/12\/image_carousal01.webp\" alt=\"Image Carousal01\" \/>\n                        \n                        <h3 class=\"mobileTabTitle\">Veaux et g\u00e9nisses<\/h3>\n\n                        <div class=\"mobileTabContent\">\n                            <p>Soutenir un bon d\u00e9part pour une croissance plus rapide, un \u00e9levage plus pr\u00e9coce et une productivit\u00e9 \u00e0 long terme plus saine.<\/p>\n                        <\/div>\n                    <\/div>\n                                    <div class=\"mobileTabItem\">\n                                                    <img decoding=\"async\" src=\"https:\/\/newlifemills.com\/wp-content\/uploads\/2026\/01\/JerseyCow-scaled-e1769017674436.png\" alt=\"Jerseycow\" \/>\n                        \n                        <h3 class=\"mobileTabTitle\">Vaches taries<\/h3>\n\n                        <div class=\"mobileTabContent\">\n                            <p>Nutrition con\u00e7ue pour soutenir les vaches pendant le v\u00ealage et assurer un bon d\u00e9but de lactation.<\/p>\n                        <\/div>\n                    <\/div>\n                                    <div class=\"mobileTabItem\">\n                                                    <img decoding=\"async\" src=\"https:\/\/newlifemills.com\/wp-content\/uploads\/2025\/12\/image_carousal03.webp\" alt=\"Image Carousal03\" \/>\n                        \n                        <h3 class=\"mobileTabTitle\">Vaches en lactation<\/h3>\n\n                        <div class=\"mobileTabContent\">\n                            <p>Programmes de nutrition \u00e9quilibr\u00e9e qui augmentent le rendement laitier, am\u00e9liorent les composants et soutiennent la sant\u00e9 \u00e0 long terme des vaches.<\/p>\n                        <\/div>\n                    <\/div>\n                            <\/div>\n        \n    <\/div>\n<\/section>\n\n\n<section class=\"general white default\">\n    <div class=\"container\">\n    <div class=\"column\" style=\"align-items:center; justify-content:flex-start;\"><div class=\"module\"><h2>Programme de laiterie robotis\u00e9e<\/h2>\n<h3>Conduisez votre troupeau vers le robot \u2014 augmentez les visites, augmentez la production.<\/h3>\n<p>L\u2019alimentation par robots de New-Life Mills est con\u00e7ue pour maximiser l&rsquo;efficacit\u00e9 et la rentabilit\u00e9 gr\u00e2ce \u00e0 une alimentation pr\u00e9cise et des formulations \u00e9quilibr\u00e9es en nutriments adapt\u00e9es aux syst\u00e8mes de traite automatis\u00e9s. Nos nutritionnistes s\u00e9lectionnent uniquement des ingr\u00e9dients de la plus haute qualit\u00e9, rigoureusement test\u00e9s pour assurer la palatabilit\u00e9, le confort des vaches et la sati\u00e9t\u00e9 pendant la traite.<\/p>\n<p>Chaque granul\u00e9 est personnalis\u00e9 pour votre eploitation laiti\u00e8re et formul\u00e9 pour une qualit\u00e9 excellente afin de r\u00e9duire les fines et maintenir la stabilit\u00e9 \u00e0 travers les silos, les vis sans fin et la livraison finale. Une saveur am\u00e9lior\u00e9e encourage des visites plus fr\u00e9quentes et aide \u00e0 r\u00e9duire les vaches errantes, soutenant une<br \/>\nconsommation et une performance constantes.<\/p>\n<p>Un granul\u00e9 \u00e0 faible d\u00e9chet et \u00e0 haute performance est juste une autre fa\u00e7on dont New-Life Mills nourrit votre avenir.<br \/>\n<img decoding=\"async\" src=\"https:\/\/newlifemills.com\/wp-content\/uploads\/2026\/01\/Milktech-Logo.png\" width=\"300\" \/><\/p>\n<div class=\"responsive-table\">\n<table>\n<thead>\n<tr>\n<th>Nom<\/th>\n<th>MilkTech\u2122 Power Match<\/th>\n<th>MilkTech\u2122 \u00c9nergie<\/th>\n<th>MilkTech\u2122 Extra Touch<\/th>\n<\/tr>\n<\/thead>\n<tbody>\n<tr>\n<td data-label=\"Name\">Syst\u00e8me robotis\u00e9<\/td>\n<td data-label=\"MilkTech\u2122 Power Match\">Flux libre<\/td>\n<td data-label=\"MilkTech\u2122 Energy\">Flux dirig\u00e9*<\/td>\n<td data-label=\"MilkTech\u2122 Extra Touch\">Tous les syst\u00e8mes<\/td>\n<\/tr>\n<tr>\n<td data-label=\"Name\">Taux d&rsquo;inclusion<\/td>\n<td data-label=\"MilkTech\u2122 Power Match\">Large gamme<\/td>\n<td data-label=\"MilkTech\u2122 Energy\">Contr\u00f4l\u00e9<\/td>\n<td data-label=\"MilkTech\u2122 Extra Touch\">0,5 \u00e0 2,5 kg\/h\/j<\/td>\n<\/tr>\n<tr>\n<td data-label=\"Name\">Caract\u00e9ristiques<\/td>\n<td data-label=\"MilkTech\u2122 Power Match\">Granul\u00e9s \u00e9quilibr\u00e9s en prot\u00e9ines et en \u00e9nergie<\/td>\n<td data-label=\"MilkTech\u2122 Energy\">Granul\u00e9s \u00e0 \u00e9nergie \u00e9lev\u00e9e<\/td>\n<td data-label=\"MilkTech\u2122 Extra Touch\">Compl\u00e9ment de prot\u00e9ines &amp;<br \/>\nsucres pour les grands producteurs<\/td>\n<\/tr>\n<\/tbody>\n<\/table>\n<\/div>\n<p><i>*ou flux libre sous des taux d&rsquo;inclusion contr\u00f4l\u00e9s <\/i><\/p>\n<p class=\"large-top\"><strong>Trouvez le meilleur programme pour vous:<\/strong><\/p>\n<p><a class=\"button primary\" href=\"https:\/\/newlifemills.com\/fr\/contactez-nous\/\">Parlez \u00e0 un sp\u00e9cialiste du secteur laitier<\/a><\/p>\n<\/div><\/div>    <\/div>\n<\/section>\n\n\n<section \n        class=\"key-points \"\n>\n    <div class=\"container\">\n\n                    <span class=\"eyebrow\">Vaches Laiti\u00e8res<\/span>\n        \n                    <h2 class=\"key-points-title\">Une performance soutenue par la recherche et l&#039;exp\u00e9rience sur le terrain<\/h2>\n        \n        <div class=\"key-points-layout\">\n\n            \n                            <div class=\"key-points-container\">\n                                            <div class=\"key-point-item\">\n                                                            <div class=\"key-point-icon\">\n                                    <img decoding=\"async\" src=\"https:\/\/newlifemills.com\/wp-content\/uploads\/2025\/12\/icon-cow.svg\" alt=\"Icon Cow\">\n                                <\/div>\n                                                        <div class=\"key-point-content\">\n                                <h4>Sant\u00e9 du troupeau renforc\u00e9e<\/h4>\n<p>Nutrition con\u00e7ue pour am\u00e9liorer l&rsquo;immunit\u00e9, la reproduction et la long\u00e9vit\u00e9 des vaches.<\/p>\n                            <\/div>\n                        <\/div>\n                                            <div class=\"key-point-item\">\n                                                            <div class=\"key-point-icon\">\n                                    <img decoding=\"async\" src=\"https:\/\/newlifemills.com\/wp-content\/uploads\/2025\/12\/icon-milking.svg\" alt=\"Icon Milking\">\n                                <\/div>\n                                                        <div class=\"key-point-content\">\n                                <h4>Production laiti\u00e8re rentable<\/h4>\n<p>Conversion alimentaire efficace qui entra\u00eene des rendements laitiers \u00e9lev\u00e9s, am\u00e9liore les composants et augmente vos marges.<\/p>\n                            <\/div>\n                        <\/div>\n                                            <div class=\"key-point-item\">\n                                                            <div class=\"key-point-icon\">\n                                    <img decoding=\"async\" src=\"https:\/\/newlifemills.com\/wp-content\/uploads\/2025\/12\/icon-tailoredPrograms.svg\" alt=\"Icon Tailoredprograms\">\n                                <\/div>\n                                                        <div class=\"key-point-content\">\n                                <h4>Programmes personnalis\u00e9s<\/h4>\n<p>Adapt\u00e9s \u00e0 la taille de votre troupeau, \u00e0 son stade de production et \u00e0 la qualit\u00e9 du fourrage, car nous comprenons qu&rsquo;une seule solution ne convient pas \u00e0 tous.<\/p>\n                            <\/div>\n                        <\/div>\n                                            <div class=\"key-point-item\">\n                                                            <div class=\"key-point-icon\">\n                                    <img decoding=\"async\" src=\"https:\/\/newlifemills.com\/wp-content\/uploads\/2025\/12\/icon-farmer.svg\" alt=\"Icon Farmer\">\n                                <\/div>\n                                                        <div class=\"key-point-content\">\n                                <h4>Soutien d&rsquo;experts<\/h4>\n<p>Nos sp\u00e9cialistes offrent un soutien pratique sur la ferme pour r\u00e9soudre les d\u00e9fis et affiner la nutrition pour une performance optimale.<\/p>\n                            <\/div>\n                        <\/div>\n                                    <\/div>\n            \n        <\/div><!-- \/.key-points-layout -->\n\n    <\/div>\n<\/section>\n\n\n<section class=\"general white default\">\n    <div class=\"container halves\">\n    <div class=\"column\" style=\"align-items:flex-start; justify-content:flex-start;\"><div class=\"module\"><h3 class=\"highlight\">Une nutrition fiable et constante pour votre troupeau<\/h3>\n<p>Chaque programme alimentaire est soutenu par la certification FeedAssure\u2122, par les normes HACCP et par des pratiques rigoureuses de bios\u00e9curit\u00e9. Cet <a href=\"https:\/\/newlifemills.com\/fr\/about\/notre-engagement\/\">engagement envers la qualit\u00e9<\/a> prot\u00e8ge la sant\u00e9 du troupeau et stimule la rentabilit\u00e9 de la ferme.<\/p>\n<\/div><\/div><div class=\"column\" style=\"align-items:flex-start; justify-content:flex-start;\"><div class=\"module\"><h3 class=\"highlight\">Soutenir les fermes laiti\u00e8res canadiennes avec une nutrition \u00e9prouv\u00e9e<\/h3>\n<p>Avec des installations strat\u00e9giquement situ\u00e9es, New-Life Mills assure une livraison fiable et un approvisionnement constant en aliments \u00e0 travers le Canada. En tant que division de Parrish &amp; Heimbecker, nous b\u00e9n\u00e9ficions de l&rsquo;acc\u00e8s \u00e0 leur vaste r\u00e9seau de grains et de meunerie \u2014 ainsi qu&rsquo;\u00e0 d&rsquo;autres sources fiables \u2014 pour obtenir des ingr\u00e9dients de haute qualit\u00e9 qui s&rsquo;alignent avec notre engagement envers la s\u00e9curit\u00e9 alimentaire et l&rsquo;excellence nutritionnelle.<\/p>\n<\/div><\/div>    <\/div>\n<\/section>\n\n\n<section class=\"cta yellow\">\n    <div class=\"container\">\n        <div class=\"left noimage\">\n            <h3>Collaborez avec New-Life Mills pour une nutrition laiti\u00e8re \u00e9prouv\u00e9e<\/h3>\n<p>Des veaux aux vaches en lactation, New-Life Mills offre une nutrition \u00e9prouv\u00e9e et le soutien d&rsquo;experts pour vous aider \u00e0 b\u00e2tir un troupeau en meilleure sant\u00e9 et une exploitation laiti\u00e8re plus rentable.<\/p>\n\n                            <div class=\"buttons\">\n                                                                <a class=\"button secondary\" href=\"https:\/\/newlifemills.com\/fr\/contactez-nous\/\" target=\"\"><span>Parlez \u00e0 un sp\u00e9cialiste du secteur laitier<\/span><\/a>\n                                    <\/div>\n                    <\/div>\n            <\/div>\n<\/section>","protected":false},"excerpt":{"rendered":"","protected":false},"author":2,"featured_media":0,"parent":2085,"menu_order":2,"comment_status":"closed","ping_status":"closed","template":"","meta":{"_acf_changed":false,"_relevanssi_hide_post":"","_relevanssi_hide_content":"","_relevanssi_pin_for_all":"","_relevanssi_pin_keywords":"","_relevanssi_unpin_keywords":"","_relevanssi_related_keywords":"","_relevanssi_related_include_ids":"","_relevanssi_related_exclude_ids":"","_relevanssi_related_no_append":"","_relevanssi_related_not_related":"","_relevanssi_related_posts":"2514,2520,2517,2510","_relevanssi_noindex_reason":"","footnotes":""},"class_list":["post-2259","page","type-page","status-publish","hentry"],"acf":[],"yoast_head":"<!-- This site is optimized with the Yoast SEO plugin v27.5 - https:\/\/yoast.com\/product\/yoast-seo-wordpress\/ -->\n<title>Nutrition des vaches laiti\u00e8res | New-Life Mills<\/title>\n<meta name=\"description\" content=\"Les programmes de nutrition laiti\u00e8re de New-Life Mills soutiennent la sant\u00e9 du troupeau, la production de laitet la rentabilit\u00e9. Une science \u00e9prouv\u00e9e et des conseils d&#039;experts pour les fermes canadiennes.\" \/>\n<meta name=\"robots\" content=\"index, follow, max-snippet:-1, max-image-preview:large, max-video-preview:-1\" \/>\n<link rel=\"canonical\" href=\"https:\/\/newlifemills.com\/fr\/species\/vaches-laitieres\/\" \/>\n<meta property=\"og:locale\" content=\"fr_FR\" \/>\n<meta property=\"og:type\" content=\"article\" \/>\n<meta property=\"og:title\" content=\"Nutrition des vaches laiti\u00e8res | New-Life Mills\" \/>\n<meta property=\"og:description\" content=\"Les programmes de nutrition laiti\u00e8re de New-Life Mills soutiennent la sant\u00e9 du troupeau, la production de laitet la rentabilit\u00e9. Une science \u00e9prouv\u00e9e et des conseils d&#039;experts pour les fermes canadiennes.\" \/>\n<meta property=\"og:url\" content=\"https:\/\/newlifemills.com\/fr\/species\/vaches-laitieres\/\" \/>\n<meta property=\"og:site_name\" content=\"New Life Mills\" \/>\n<meta property=\"article:modified_time\" content=\"2026-03-12T18:07:44+00:00\" \/>\n<meta name=\"twitter:card\" content=\"summary_large_image\" \/>\n<script type=\"application\/ld+json\" class=\"yoast-schema-graph\">{\"@context\":\"https:\\\/\\\/schema.org\",\"@graph\":[{\"@type\":\"WebPage\",\"@id\":\"https:\\\/\\\/newlifemills.com\\\/fr\\\/species\\\/vaches-laitieres\\\/\",\"url\":\"https:\\\/\\\/newlifemills.com\\\/fr\\\/species\\\/vaches-laitieres\\\/\",\"name\":\"Nutrition des vaches laiti\u00e8res | New-Life Mills\",\"isPartOf\":{\"@id\":\"https:\\\/\\\/newlifemills.com\\\/fr\\\/#website\"},\"datePublished\":\"2025-11-18T16:11:00+00:00\",\"dateModified\":\"2026-03-12T18:07:44+00:00\",\"description\":\"Les programmes de nutrition laiti\u00e8re de New-Life Mills soutiennent la sant\u00e9 du troupeau, la production de laitet la rentabilit\u00e9. Une science \u00e9prouv\u00e9e et des conseils d'experts pour les fermes canadiennes.\",\"breadcrumb\":{\"@id\":\"https:\\\/\\\/newlifemills.com\\\/fr\\\/species\\\/vaches-laitieres\\\/#breadcrumb\"},\"inLanguage\":\"fr-FR\",\"potentialAction\":[{\"@type\":\"ReadAction\",\"target\":[\"https:\\\/\\\/newlifemills.com\\\/fr\\\/species\\\/vaches-laitieres\\\/\"]}]},{\"@type\":\"BreadcrumbList\",\"@id\":\"https:\\\/\\\/newlifemills.com\\\/fr\\\/species\\\/vaches-laitieres\\\/#breadcrumb\",\"itemListElement\":[{\"@type\":\"ListItem\",\"position\":1,\"name\":\"Home\",\"item\":\"https:\\\/\\\/newlifemills.com\\\/fr\\\/\"},{\"@type\":\"ListItem\",\"position\":2,\"name\":\"Alimentation Animale\",\"item\":\"https:\\\/\\\/newlifemills.com\\\/fr\\\/species\\\/\"},{\"@type\":\"ListItem\",\"position\":3,\"name\":\"Vaches Laiti\u00e8res\"}]},{\"@type\":\"WebSite\",\"@id\":\"https:\\\/\\\/newlifemills.com\\\/fr\\\/#website\",\"url\":\"https:\\\/\\\/newlifemills.com\\\/fr\\\/\",\"name\":\"New Life Mills\",\"description\":\"\",\"potentialAction\":[{\"@type\":\"SearchAction\",\"target\":{\"@type\":\"EntryPoint\",\"urlTemplate\":\"https:\\\/\\\/newlifemills.com\\\/fr\\\/?s={search_term_string}\"},\"query-input\":{\"@type\":\"PropertyValueSpecification\",\"valueRequired\":true,\"valueName\":\"search_term_string\"}}],\"inLanguage\":\"fr-FR\"}]}<\/script>\n<!-- \/ Yoast SEO plugin. -->","yoast_head_json":{"title":"Nutrition des vaches laiti\u00e8res | New-Life Mills","description":"Les programmes de nutrition laiti\u00e8re de New-Life Mills soutiennent la sant\u00e9 du troupeau, la production de laitet la rentabilit\u00e9. Une science \u00e9prouv\u00e9e et des conseils d'experts pour les fermes canadiennes.","robots":{"index":"index","follow":"follow","max-snippet":"max-snippet:-1","max-image-preview":"max-image-preview:large","max-video-preview":"max-video-preview:-1"},"canonical":"https:\/\/newlifemills.com\/fr\/species\/vaches-laitieres\/","og_locale":"fr_FR","og_type":"article","og_title":"Nutrition des vaches laiti\u00e8res | New-Life Mills","og_description":"Les programmes de nutrition laiti\u00e8re de New-Life Mills soutiennent la sant\u00e9 du troupeau, la production de laitet la rentabilit\u00e9. Une science \u00e9prouv\u00e9e et des conseils d'experts pour les fermes canadiennes.","og_url":"https:\/\/newlifemills.com\/fr\/species\/vaches-laitieres\/","og_site_name":"New Life Mills","article_modified_time":"2026-03-12T18:07:44+00:00","twitter_card":"summary_large_image","schema":{"@context":"https:\/\/schema.org","@graph":[{"@type":"WebPage","@id":"https:\/\/newlifemills.com\/fr\/species\/vaches-laitieres\/","url":"https:\/\/newlifemills.com\/fr\/species\/vaches-laitieres\/","name":"Nutrition des vaches laiti\u00e8res | New-Life Mills","isPartOf":{"@id":"https:\/\/newlifemills.com\/fr\/#website"},"datePublished":"2025-11-18T16:11:00+00:00","dateModified":"2026-03-12T18:07:44+00:00","description":"Les programmes de nutrition laiti\u00e8re de New-Life Mills soutiennent la sant\u00e9 du troupeau, la production de laitet la rentabilit\u00e9. Une science \u00e9prouv\u00e9e et des conseils d'experts pour les fermes canadiennes.","breadcrumb":{"@id":"https:\/\/newlifemills.com\/fr\/species\/vaches-laitieres\/#breadcrumb"},"inLanguage":"fr-FR","potentialAction":[{"@type":"ReadAction","target":["https:\/\/newlifemills.com\/fr\/species\/vaches-laitieres\/"]}]},{"@type":"BreadcrumbList","@id":"https:\/\/newlifemills.com\/fr\/species\/vaches-laitieres\/#breadcrumb","itemListElement":[{"@type":"ListItem","position":1,"name":"Home","item":"https:\/\/newlifemills.com\/fr\/"},{"@type":"ListItem","position":2,"name":"Alimentation Animale","item":"https:\/\/newlifemills.com\/fr\/species\/"},{"@type":"ListItem","position":3,"name":"Vaches Laiti\u00e8res"}]},{"@type":"WebSite","@id":"https:\/\/newlifemills.com\/fr\/#website","url":"https:\/\/newlifemills.com\/fr\/","name":"New Life Mills","description":"","potentialAction":[{"@type":"SearchAction","target":{"@type":"EntryPoint","urlTemplate":"https:\/\/newlifemills.com\/fr\/?s={search_term_string}"},"query-input":{"@type":"PropertyValueSpecification","valueRequired":true,"valueName":"search_term_string"}}],"inLanguage":"fr-FR"}]}},"_links":{"self":[{"href":"https:\/\/newlifemills.com\/fr\/wp-json\/wp\/v2\/pages\/2259","targetHints":{"allow":["GET"]}}],"collection":[{"href":"https:\/\/newlifemills.com\/fr\/wp-json\/wp\/v2\/pages"}],"about":[{"href":"https:\/\/newlifemills.com\/fr\/wp-json\/wp\/v2\/types\/page"}],"author":[{"embeddable":true,"href":"https:\/\/newlifemills.com\/fr\/wp-json\/wp\/v2\/users\/2"}],"replies":[{"embeddable":true,"href":"https:\/\/newlifemills.com\/fr\/wp-json\/wp\/v2\/comments?post=2259"}],"version-history":[{"count":4,"href":"https:\/\/newlifemills.com\/fr\/wp-json\/wp\/v2\/pages\/2259\/revisions"}],"predecessor-version":[{"id":2598,"href":"https:\/\/newlifemills.com\/fr\/wp-json\/wp\/v2\/pages\/2259\/revisions\/2598"}],"up":[{"embeddable":true,"href":"https:\/\/newlifemills.com\/fr\/wp-json\/wp\/v2\/pages\/2085"}],"wp:attachment":[{"href":"https:\/\/newlifemills.com\/fr\/wp-json\/wp\/v2\/media?parent=2259"}],"curies":[{"name":"wp","href":"https:\/\/api.w.org\/{rel}","templated":true}]}}