{"id":2241,"date":"2025-12-10T16:54:40","date_gmt":"2025-12-10T16:54:40","guid":{"rendered":"https:\/\/newlifemills.com\/?page_id=2241"},"modified":"2026-03-12T18:04:50","modified_gmt":"2026-03-12T18:04:50","slug":"dindes","status":"publish","type":"page","link":"https:\/\/newlifemills.com\/fr\/species\/volaille\/dindes\/","title":{"rendered":"Dindes"},"content":{"rendered":"\n<section \n        class=\"hero hero-image hero-internal\"\n    style=\"background-image: url(https:\/\/newlifemills.com\/wp-content\/uploads\/2025\/11\/background-gold2.png); background-size: cover; background-position: center;\">\n\n    \n    <div class=\"container hero-content\">\n        <div class=\"content\">                                <div class=\"container breadcrumbWrapper\">\n                        <p id=\"breadcrumbs\"><span><span><a href=\"https:\/\/newlifemills.com\/fr\/\">Home<\/a><\/span><\/span><\/p>                    <\/div>\n\n                                        <h1>Dindes<\/h1>\n                        \n            \n                    <\/div>\n\n            <\/div>\n<\/section>\n\n\n<section class=\"general gray default\">\n    <div class=\"container halves\">\n    <div class=\"column\" style=\"align-items:center; justify-content:flex-start;\"><div class=\"module\"><p><span class=\"eyebrow\">Dindes<\/span><\/p>\n<h2>Nutrition pour dindes pour des troupeaux plus forts et plus rentables<\/h2>\n<p>\u00c9lever des dindes exige une gestion pr\u00e9cise du dindonneau \u00e0 l&rsquo;\u00e2ge de mise en march\u00e9. Les programmes de nutrition pour dindes de New-Life Mills offrent un bon d\u00e9part, favorisent une croissance efficace et aident les troupeaux \u00e0 atteindre les poids de march\u00e9 selon le calendrier. Soutenus par une science \u00e9prouv\u00e9e et une assistance sur le terrain, nos sp\u00e9cialistes travaillent avec les producteurs pour \u00e9lever des oiseaux en meilleure sant\u00e9 et d\u00e9velopper des fermes plus rentables.<\/p>\n<p><strong class=\"large-top\">Trouvez le meilleur programme pour vous:<\/strong><\/p>\n<p><a class=\"button primary\" href=\"https:\/\/newlifemills.com\/fr\/contactez-nous\/\">Parlez \u00e0 un sp\u00e9cialiste des dindes<\/a><\/p>\n<\/div><\/div><div class=\"column\" style=\"align-items:center; justify-content:flex-start;\"><div class=\"module image-content\"><img decoding=\"async\" src=\"https:\/\/newlifemills.com\/wp-content\/uploads\/2026\/01\/turkey.jpg\" alt=\"Turkey\" \/><\/div><\/div>    <\/div>\n<\/section>\n\n\n<section class=\"cards card2 none gray\">\n    <div class=\"container\">\n        <div class=\"intro\"><h2>Des oiseaux plus forts, des r\u00e9sultats plus pr\u00e9visibles<\/h2>\n<\/div>        \n                <div class=\"card\">                                                                <div class=\"image\"><img decoding=\"async\" src=\"https:\/\/newlifemills.com\/wp-content\/uploads\/2026\/01\/icon-poults2.svg\" alt=\"Icon Poults2\"><\/div>\n                                        <div class=\"content\">\n                                                    <h4>D\u00e9parts en sant\u00e9<\/h4>    \n                                            \n                        <p>Des programmes de d\u00e9marrage sp\u00e9cialis\u00e9s r\u00e9duisent les risques et soutiennent le d\u00e9veloppement pr\u00e9coce.<\/p>                                            <\/div>\n                <\/div>            \n                <div class=\"card\">                                                                <div class=\"image\"><img decoding=\"async\" src=\"https:\/\/newlifemills.com\/wp-content\/uploads\/2026\/01\/icon-turkeyTom2.svg\" alt=\"Icon Turkeytom2\"><\/div>\n                                        <div class=\"content\">\n                                                    <h4>Croissance efficace<\/h4>    \n                                            \n                        <p>Des rations \u00e9quilibr\u00e9es aident les poules et les dindons \u00e0 atteindre les poids cibles avec une conversion alimentaire efficace.<\/p>                                            <\/div>\n                <\/div>            \n                <div class=\"card\">                                                                <div class=\"image\"><img decoding=\"async\" src=\"https:\/\/newlifemills.com\/wp-content\/uploads\/2025\/12\/icon-farmer2.svg\" alt=\"Icon Farmer2\"><\/div>\n                                        <div class=\"content\">\n                                                    <h4>Soutien \u00e0 la ferme<\/h4>    \n                                            \n                        <p><a href=\"https:\/\/newlifemills.com\/fr\/notre-equipe\/\">Nos sp\u00e9cialistes<\/a> offrent des <a href=\"\/services\">conseils \u00e0 la ferme<\/a> pour optimiser la nutrition et relever les d\u00e9fis du troupeau en temps r\u00e9el.<\/p>                                            <\/div>\n                <\/div>                <\/div>\n<\/section>\n\n\n<section \n        class=\"key-points \"\n>\n    <div class=\"container\">\n\n                    <span class=\"eyebrow\">Programme Turquie<\/span>\n        \n                    <h2 class=\"key-points-title\">Des strat\u00e9gies nutritionnelles pour chaque \u00e9tape de croissance des dindes<\/h2>\n        \n        <div class=\"key-points-layout\">\n\n            \n                            <div class=\"key-points-container\">\n                                            <div class=\"key-point-item\">\n                                                            <div class=\"key-point-icon\">\n                                    <img decoding=\"async\" src=\"https:\/\/newlifemills.com\/wp-content\/uploads\/2025\/12\/icon-poults.svg\" alt=\"Icon Poults\">\n                                <\/div>\n                                                        <div class=\"key-point-content\">\n                                <h4>Dindonneaux<\/h4>\n<p>Les dindonneaux ont besoin de soins suppl\u00e9mentaires apr\u00e8s l&rsquo;\u00e9closion, avec des r\u00e9gimes qui renforcent l&rsquo;immunit\u00e9, soutiennent le d\u00e9veloppement digestif et r\u00e9duisent les risques de sant\u00e9 pr\u00e9coces. Les rations de d\u00e9marrage fournissent la base pour une croissance saine et une performance pr\u00e9visible.<\/p>\n                            <\/div>\n                        <\/div>\n                                            <div class=\"key-point-item\">\n                                                            <div class=\"key-point-icon\">\n                                    <img decoding=\"async\" src=\"https:\/\/newlifemills.com\/wp-content\/uploads\/2025\/12\/icon-youngHen.svg\" alt=\"Icon Younghen\">\n                                <\/div>\n                                                        <div class=\"key-point-content\">\n                                <h4>Poules l\u00e9g\u00e8res de chair<\/h4>\n<p>Avec un objectif de croissance plus rapide, les poules l\u00e9g\u00e8res de chair n\u00e9cessitent une nutrition pr\u00e9cise et bien formul\u00e9e pour atteindre efficacement les poids de march\u00e9. Les programmes de croissance \u00e9quilibr\u00e9e et de finition sont con\u00e7us pour offrir une performance constante selon le calendrier.<\/p>\n                            <\/div>\n                        <\/div>\n                                            <div class=\"key-point-item\">\n                                                            <div class=\"key-point-icon\">\n                                    <img decoding=\"async\" src=\"https:\/\/newlifemills.com\/wp-content\/uploads\/2025\/12\/icon-turkeyhen.svg\" alt=\"Icon Turkeyhen\">\n                                <\/div>\n                                                        <div class=\"key-point-content\">\n                                <h4>Dindes<\/h4>\n<p>Les dindes ont besoin d&rsquo;une nutrition qui \u00e9quilibre l&rsquo;efficacit\u00e9 de la croissance avec la sant\u00e9<br \/>\nreproductive. Nos rations sur mesure soutiennent un gain de poids r\u00e9gulier, une conversion<br \/>\nalimentaire efficace et l&rsquo;uniformit\u00e9 du troupeau pour atteindre les objectifs de march\u00e9 en toute<br \/>\nconfiance.<\/p>\n                            <\/div>\n                        <\/div>\n                                            <div class=\"key-point-item\">\n                                                            <div class=\"key-point-icon\">\n                                    <img decoding=\"async\" src=\"https:\/\/newlifemills.com\/wp-content\/uploads\/2025\/12\/icon-turkeyTom.svg\" alt=\"Icon Turkeytom\">\n                                <\/div>\n                                                        <div class=\"key-point-content\">\n                                <h4>Dindons<\/h4>\n<p>Les dindons ont des besoins nutritionnels plus \u00e9lev\u00e9s et des p\u00e9riodes de finition plus longues. Nos programmes sont con\u00e7us pour favoriser un gain quotidien efficace, optimiser les caract\u00e9ristiques de la carcasse et soutenir une performance pr\u00e9visible pour des poids de march\u00e9 plus lourds.<\/p>\n                            <\/div>\n                        <\/div>\n                                    <\/div>\n            \n        <\/div><!-- \/.key-points-layout -->\n\n    <\/div>\n<\/section>\n\n\n<section class=\"general white full notop nobottom\">\n    <div class=\"container\">\n    <div class=\"column\" style=\"align-items:center; justify-content:flex-start;\"><div class=\"module image-content\"><img decoding=\"async\" src=\"https:\/\/newlifemills.com\/wp-content\/uploads\/2026\/01\/turkey_banner.jpg\" alt=\"Growing,conditions,of,turkey,on,a,poultry,farm,in,a\" \/><\/div><\/div>    <\/div>\n<\/section>\n\n\n<section class=\"general white default\">\n    <div class=\"container halves\">\n    <div class=\"column\" style=\"align-items:flex-start; justify-content:flex-start;\"><div class=\"module\"><h3 class=\"highlight\">Une nutrition s\u00e9curitaire et constante pour chaque troupeau de dindes<\/h3>\n<p>Chaque programme d&rsquo;alimentation pour dindes est soutenu par la certification FeedAssure\u2122, par les normes HACCP et par des pratiques rigoureuses de bios\u00e9curit\u00e9. <a href=\"https:\/\/newlifemills.com\/fr\/about\/notre-engagement\/\">Cet engagement<\/a> [notre engagement] garantit une alimentation s\u00e9curitaire et constante qui prot\u00e8ge la sant\u00e9 du troupeau et soutient la rentabilit\u00e9 du d\u00e9but \u00e0 la fin.<\/p>\n<\/div><\/div><div class=\"column\" style=\"align-items:flex-start; justify-content:flex-start;\"><div class=\"module\"><h3 class=\"highlight\">Servir les producteurs de dindes canadiens avec confiance<\/h3>\n<p>Avec des installations strat\u00e9giquement situ\u00e9es, New-Life Mills assure une livraison fiable d&rsquo;aliments \u00e0 travers le Canada. En tant que division de Parrish &amp; Heimbecker, nous b\u00e9n\u00e9ficions de l&rsquo;acc\u00e8s \u00e0 leur vaste r\u00e9seau de grains et de meunerie \u2014 ainsi qu&rsquo;\u00e0 d&rsquo;autres sources fiable s\u2014 pour soutenir la croissance pr\u00e9coce et la performance de ponte \u00e0 long terme gr\u00e2ce \u00e0 une nutrition constante et de haute qualit\u00e9.<\/p>\n<\/div><\/div>    <\/div>\n<\/section>\n\n\n<section class=\"cta yellow\">\n    <div class=\"container\">\n        <div class=\"left noimage\">\n            <h3>Construisez des troupeaux de dindes plus sains et plus rentables<\/h3>\n<p>De l&rsquo;\u00e9levage des dindonneaux \u00e0 la finition des dindons, New-Life Mills offre une nutrition \u00e9prouv\u00e9e pour les dindes et le soutien d\u2019experts pour aider votre troupeau \u00e0 cro\u00eetre avec confiance et rentabilit\u00e9.<\/p>\n\n                            <div class=\"buttons\">\n                                                                <a class=\"button secondary\" href=\"https:\/\/newlifemills.com\/fr\/contactez-nous\/\" target=\"\"><span>Parlez \u00e0 un sp\u00e9cialiste des dindes<\/span><\/a>\n                                    <\/div>\n                    <\/div>\n            <\/div>\n<\/section>","protected":false},"excerpt":{"rendered":"","protected":false},"author":2,"featured_media":0,"parent":2103,"menu_order":4,"comment_status":"closed","ping_status":"closed","template":"","meta":{"_acf_changed":false,"_relevanssi_hide_post":"","_relevanssi_hide_content":"","_relevanssi_pin_for_all":"","_relevanssi_pin_keywords":"","_relevanssi_unpin_keywords":"","_relevanssi_related_keywords":"","_relevanssi_related_include_ids":"","_relevanssi_related_exclude_ids":"","_relevanssi_related_no_append":"","_relevanssi_related_not_related":"","_relevanssi_related_posts":"2510,2514,2517,2520","_relevanssi_noindex_reason":"","footnotes":""},"class_list":["post-2241","page","type-page","status-publish","hentry"],"acf":[],"yoast_head":"<!-- This site is optimized with the Yoast SEO plugin v27.5 - https:\/\/yoast.com\/product\/yoast-seo-wordpress\/ -->\n<title>Dindes - New Life Mills<\/title>\n<meta name=\"robots\" content=\"index, follow, max-snippet:-1, max-image-preview:large, max-video-preview:-1\" \/>\n<link rel=\"canonical\" href=\"https:\/\/newlifemills.com\/fr\/species\/volaille\/dindes\/\" \/>\n<meta property=\"og:locale\" content=\"fr_FR\" \/>\n<meta property=\"og:type\" content=\"article\" \/>\n<meta property=\"og:title\" content=\"Dindes - New Life Mills\" \/>\n<meta property=\"og:url\" content=\"https:\/\/newlifemills.com\/fr\/species\/volaille\/dindes\/\" \/>\n<meta property=\"og:site_name\" content=\"New Life Mills\" \/>\n<meta property=\"article:modified_time\" content=\"2026-03-12T18:04:50+00:00\" \/>\n<meta name=\"twitter:card\" content=\"summary_large_image\" \/>\n<script type=\"application\/ld+json\" class=\"yoast-schema-graph\">{\"@context\":\"https:\\\/\\\/schema.org\",\"@graph\":[{\"@type\":\"WebPage\",\"@id\":\"https:\\\/\\\/newlifemills.com\\\/fr\\\/species\\\/volaille\\\/dindes\\\/\",\"url\":\"https:\\\/\\\/newlifemills.com\\\/fr\\\/species\\\/volaille\\\/dindes\\\/\",\"name\":\"Dindes - New Life Mills\",\"isPartOf\":{\"@id\":\"https:\\\/\\\/newlifemills.com\\\/fr\\\/#website\"},\"datePublished\":\"2025-12-10T16:54:40+00:00\",\"dateModified\":\"2026-03-12T18:04:50+00:00\",\"breadcrumb\":{\"@id\":\"https:\\\/\\\/newlifemills.com\\\/fr\\\/species\\\/volaille\\\/dindes\\\/#breadcrumb\"},\"inLanguage\":\"fr-FR\",\"potentialAction\":[{\"@type\":\"ReadAction\",\"target\":[\"https:\\\/\\\/newlifemills.com\\\/fr\\\/species\\\/volaille\\\/dindes\\\/\"]}]},{\"@type\":\"BreadcrumbList\",\"@id\":\"https:\\\/\\\/newlifemills.com\\\/fr\\\/species\\\/volaille\\\/dindes\\\/#breadcrumb\",\"itemListElement\":[{\"@type\":\"ListItem\",\"position\":1,\"name\":\"Home\",\"item\":\"https:\\\/\\\/newlifemills.com\\\/fr\\\/\"},{\"@type\":\"ListItem\",\"position\":2,\"name\":\"Alimentation Animale\",\"item\":\"https:\\\/\\\/newlifemills.com\\\/fr\\\/species\\\/\"},{\"@type\":\"ListItem\",\"position\":3,\"name\":\"Volaille\",\"item\":\"https:\\\/\\\/newlifemills.com\\\/fr\\\/species-we-feed\\\/poultry\\\/\"},{\"@type\":\"ListItem\",\"position\":4,\"name\":\"Dindes\"}]},{\"@type\":\"WebSite\",\"@id\":\"https:\\\/\\\/newlifemills.com\\\/fr\\\/#website\",\"url\":\"https:\\\/\\\/newlifemills.com\\\/fr\\\/\",\"name\":\"New Life Mills\",\"description\":\"\",\"potentialAction\":[{\"@type\":\"SearchAction\",\"target\":{\"@type\":\"EntryPoint\",\"urlTemplate\":\"https:\\\/\\\/newlifemills.com\\\/fr\\\/?s={search_term_string}\"},\"query-input\":{\"@type\":\"PropertyValueSpecification\",\"valueRequired\":true,\"valueName\":\"search_term_string\"}}],\"inLanguage\":\"fr-FR\"}]}<\/script>\n<!-- \/ Yoast SEO plugin. -->","yoast_head_json":{"title":"Dindes - New Life Mills","robots":{"index":"index","follow":"follow","max-snippet":"max-snippet:-1","max-image-preview":"max-image-preview:large","max-video-preview":"max-video-preview:-1"},"canonical":"https:\/\/newlifemills.com\/fr\/species\/volaille\/dindes\/","og_locale":"fr_FR","og_type":"article","og_title":"Dindes - New Life Mills","og_url":"https:\/\/newlifemills.com\/fr\/species\/volaille\/dindes\/","og_site_name":"New Life Mills","article_modified_time":"2026-03-12T18:04:50+00:00","twitter_card":"summary_large_image","schema":{"@context":"https:\/\/schema.org","@graph":[{"@type":"WebPage","@id":"https:\/\/newlifemills.com\/fr\/species\/volaille\/dindes\/","url":"https:\/\/newlifemills.com\/fr\/species\/volaille\/dindes\/","name":"Dindes - New Life Mills","isPartOf":{"@id":"https:\/\/newlifemills.com\/fr\/#website"},"datePublished":"2025-12-10T16:54:40+00:00","dateModified":"2026-03-12T18:04:50+00:00","breadcrumb":{"@id":"https:\/\/newlifemills.com\/fr\/species\/volaille\/dindes\/#breadcrumb"},"inLanguage":"fr-FR","potentialAction":[{"@type":"ReadAction","target":["https:\/\/newlifemills.com\/fr\/species\/volaille\/dindes\/"]}]},{"@type":"BreadcrumbList","@id":"https:\/\/newlifemills.com\/fr\/species\/volaille\/dindes\/#breadcrumb","itemListElement":[{"@type":"ListItem","position":1,"name":"Home","item":"https:\/\/newlifemills.com\/fr\/"},{"@type":"ListItem","position":2,"name":"Alimentation Animale","item":"https:\/\/newlifemills.com\/fr\/species\/"},{"@type":"ListItem","position":3,"name":"Volaille","item":"https:\/\/newlifemills.com\/fr\/species-we-feed\/poultry\/"},{"@type":"ListItem","position":4,"name":"Dindes"}]},{"@type":"WebSite","@id":"https:\/\/newlifemills.com\/fr\/#website","url":"https:\/\/newlifemills.com\/fr\/","name":"New Life Mills","description":"","potentialAction":[{"@type":"SearchAction","target":{"@type":"EntryPoint","urlTemplate":"https:\/\/newlifemills.com\/fr\/?s={search_term_string}"},"query-input":{"@type":"PropertyValueSpecification","valueRequired":true,"valueName":"search_term_string"}}],"inLanguage":"fr-FR"}]}},"_links":{"self":[{"href":"https:\/\/newlifemills.com\/fr\/wp-json\/wp\/v2\/pages\/2241","targetHints":{"allow":["GET"]}}],"collection":[{"href":"https:\/\/newlifemills.com\/fr\/wp-json\/wp\/v2\/pages"}],"about":[{"href":"https:\/\/newlifemills.com\/fr\/wp-json\/wp\/v2\/types\/page"}],"author":[{"embeddable":true,"href":"https:\/\/newlifemills.com\/fr\/wp-json\/wp\/v2\/users\/2"}],"replies":[{"embeddable":true,"href":"https:\/\/newlifemills.com\/fr\/wp-json\/wp\/v2\/comments?post=2241"}],"version-history":[{"count":6,"href":"https:\/\/newlifemills.com\/fr\/wp-json\/wp\/v2\/pages\/2241\/revisions"}],"predecessor-version":[{"id":2595,"href":"https:\/\/newlifemills.com\/fr\/wp-json\/wp\/v2\/pages\/2241\/revisions\/2595"}],"up":[{"embeddable":true,"href":"https:\/\/newlifemills.com\/fr\/wp-json\/wp\/v2\/pages\/2103"}],"wp:attachment":[{"href":"https:\/\/newlifemills.com\/fr\/wp-json\/wp\/v2\/media?parent=2241"}],"curies":[{"name":"wp","href":"https:\/\/api.w.org\/{rel}","templated":true}]}}