{"id":2225,"date":"2025-12-10T16:35:15","date_gmt":"2025-12-10T16:35:15","guid":{"rendered":"https:\/\/newlifemills.com\/?page_id=2225"},"modified":"2026-03-12T18:03:06","modified_gmt":"2026-03-12T18:03:06","slug":"poulettes","status":"publish","type":"page","link":"https:\/\/newlifemills.com\/fr\/species\/volaille\/poulettes\/","title":{"rendered":"Poulettes"},"content":{"rendered":"\n<section \n        class=\"hero hero-image hero-internal\"\n    style=\"background-image: url(https:\/\/newlifemills.com\/wp-content\/uploads\/2025\/11\/background-gold2.png); background-size: cover; background-position: center;\">\n\n    \n    <div class=\"container hero-content\">\n        <div class=\"content\">                                <div class=\"container breadcrumbWrapper\">\n                        <p id=\"breadcrumbs\"><span><span><a href=\"https:\/\/newlifemills.com\/fr\/\">Home<\/a><\/span><\/span><\/p>                    <\/div>\n\n                                        <h1>Poulettes<\/h1>\n                        \n            \n                    <\/div>\n\n            <\/div>\n<\/section>\n\n\n<section class=\"general gray default\">\n    <div class=\"container halves\">\n    <div class=\"column\" style=\"align-items:center; justify-content:flex-start;\"><div class=\"module\"><p><span class=\"eyebrow\">Poulettes<\/span><\/p>\n<h2>Une nutrition des poulettes pour des d\u00e9buts solides et un succ\u00e8s de ponte durable<\/h2>\n<p>La production de pondeuses r\u00e9ussie commence par une poulette robuste. Les programmes de nutrition pour poulettes de New-Life Mills sont con\u00e7us pour soutenir une croissance rapide, renforcer la solidit\u00e9 osseuse et am\u00e9liorer l&rsquo;uniformit\u00e9 du troupeau. Gr\u00e2ce \u00e0 des rations cibl\u00e9es de d\u00e9marrage, de croissance et de pr\u00e9-ponte, nos sp\u00e9cialistes aident les producteurs \u00e0 pr\u00e9parer les poulettes pour une transition en douceur vers le poulailler de ponte et une production d&rsquo;\u0153ufs constante tout au long du cycle.<\/p>\n<p class=\"large-top\"><strong>Trouvez le meilleur programme pour vous:<\/strong><\/p>\n<p><a class=\"button primary\" href=\"https:\/\/newlifemills.com\/fr\/contactez-nous\/\">Parlez \u00e0 un sp\u00e9cialiste des poulettes<\/a><\/p>\n<\/div><\/div><div class=\"column\" style=\"align-items:center; justify-content:flex-start;\"><div class=\"module image-content\"><img decoding=\"async\" src=\"https:\/\/newlifemills.com\/wp-content\/uploads\/2026\/01\/image_1x1_lay.webp\" alt=\"Image 1x1 Lay\" \/><\/div><\/div>    <\/div>\n<\/section>\n\n\n<section class=\"cards card2 none gray\">\n    <div class=\"container\">\n        <div class=\"intro\"><h2>Des d\u00e9buts plus forts pour des troupeaux en meilleure sant\u00e9<\/h2>\n<\/div>        \n                <div class=\"card\">                                                                <div class=\"image\"><img decoding=\"async\" src=\"https:\/\/newlifemills.com\/wp-content\/uploads\/2025\/12\/icon-guthealth.svg\" alt=\"Icon Guthealth\"><\/div>\n                                        <div class=\"content\">\n                                                    <h4>Croissance et d\u00e9veloppement pr\u00e9coces<\/h4>    \n                                            \n                        <p>Les aliments de d\u00e9marrage favorisent le d\u00e9veloppement rapide des os, du syst\u00e8me digestif et des muscles pour des poulettes plus robustes.<\/p>                                            <\/div>\n                <\/div>            \n                <div class=\"card\">                                                                <div class=\"image\"><img decoding=\"async\" src=\"https:\/\/newlifemills.com\/wp-content\/uploads\/2025\/12\/icon-reproductive.svg\" alt=\"Icon Reproductive\"><\/div>\n                                        <div class=\"content\">\n                                                    <h4>Pr\u00e9paration \u00e0 la reproduction<\/h4>    \n                                            \n                        <p>Les rations de pr\u00e9-ponte contiennent 17 % de prot\u00e9ines avec 2,0 % ou 2,5 % de calcium et un phosphore \u00e9lev\u00e9 pour construire l&rsquo;os m\u00e9dullaire et compl\u00e9ter le d\u00e9veloppement de l&rsquo;appareil reproducteur environ trois semaines avant le premier \u0153uf.<\/p>                                            <\/div>\n                <\/div>            \n                <div class=\"card\">                                                                <div class=\"image\"><img decoding=\"async\" src=\"https:\/\/newlifemills.com\/wp-content\/uploads\/2025\/12\/icon-farmer2.svg\" alt=\"Icon Farmer2\"><\/div>\n                                        <div class=\"content\">\n                                                    <h4>Soutien d&rsquo;experts<\/h4>    \n                                            \n                        <p>Nos sp\u00e9cialistes fournissent des <a href=\"\/services\">conseils<\/a> ur place pour optimiser les strat\u00e9gies d&rsquo;alimentation<br \/>\r\net soutenir des transitions de troupeau en douceur.<\/p>                                            <\/div>\n                <\/div>                <\/div>\n<\/section>\n\n\n<section class=\"general white default\">\n    <div class=\"container\">\n    <div class=\"column\" style=\"align-items:center; justify-content:flex-start;\"><div class=\"module\"><h2>Des programmes con\u00e7us pour chaque \u00e9tape de croissance des poulettes<\/h2>\n<p>Les poulettes d&rsquo;aujourd&rsquo;hui sont \u00e9lev\u00e9es pour la performance. Pour lib\u00e9rer leur potentiel g\u00e9n\u00e9tique, la nutrition doit \u00eatre pr\u00e9cise, constante et adapt\u00e9e \u00e0 chaque \u00e9tape de d\u00e9veloppement. Chez New-Life Mills, notre programme d&rsquo;alimentation pour poulettes est con\u00e7u pour soutenir la croissance, l&rsquo;uniformit\u00e9 et le d\u00e9veloppement squelettique, afin que vos oiseaux entrent dans le poulailler de ponte pr\u00eats \u00e0 performer.<\/p>\n<div class=\"responsive-table\">\n<table>\n<thead>\n<tr>\n<th>\u00c9tape du programme<\/th>\n<th>But<\/th>\n<th>Caract\u00e9ristiques<\/th>\n<\/tr>\n<\/thead>\n<tbody>\n<tr>\n<td data-label=\"Program Stage\">Aliments de d\u00e9marrage<\/td>\n<td data-label=\"Purpose\">Favoriser le d\u00e9veloppement pr\u00e9coce du syst\u00e8me digestif, squelettique et musculaire.<\/td>\n<td data-label=\"Key Features\">Construire une base pour la productivit\u00e9 et l\u2019uniformit\u00e9 du troupeau \u00e0 long terme<\/td>\n<\/tr>\n<tr>\n<td data-label=\"Program Stage\">Aliments Flexibles pour Cultivateurs<\/td>\n<td data-label=\"Purpose\">Quatre rations adapt\u00e9es \u00e0 l&rsquo;\u00e9nergie et aux besoins en prot\u00e9ines.<\/td>\n<td data-label=\"Key Features\">Soutien le d\u00e9veloppement de l\u2019ossature et g\u00e8re les gains de poids.<\/td>\n<\/tr>\n<tr>\n<td data-label=\"Program Stage\">Strat\u00e9gie de calcium \u00e0 grosses particules<\/td>\n<td data-label=\"Purpose\">Introduction graduelle \u00e0 partir de 14 semaines.<\/td>\n<td data-label=\"Key Features\">Construit des r\u00e9serves osseuses et soutient l&rsquo;autor\u00e9gulation de l\u2019absorption du calcium.<\/td>\n<\/tr>\n<tr>\n<td data-label=\"Program Stage\">Nutrition pr\u00e9-ponte<\/td>\n<td data-label=\"Purpose\">\u00c9quilibre de calcium, de phosphore et de prot\u00e9ines avec Hy-D\u2122 et la phytase.<\/td>\n<td data-label=\"Key Features\">Soutient le d\u00e9veloppement reproductif et la transition en douceur vers la ponte.<\/td>\n<\/tr>\n<\/tbody>\n<\/table>\n<\/div>\n<p><strong>Trouvez le meilleur programme pour vous:<\/strong><\/p>\n<p><a class=\"button primary\" href=\"https:\/\/newlifemills.com\/fr\/contactez-nous\/\">Parlez \u00e0 un sp\u00e9cialiste des poulettes<\/a><\/p>\n<\/div><\/div>    <\/div>\n<\/section>\n\n\n<section \n        class=\"key-points \"\n>\n    <div class=\"container\">\n\n                    <span class=\"eyebrow\">Programmes pour poulettes<\/span>\n        \n                    <h2 class=\"key-points-title\">Une performance soutenue par la recherche et l&#039;expertise<\/h2>\n        \n        <div class=\"key-points-layout\">\n\n            \n                            <div class=\"key-points-container\">\n                                            <div class=\"key-point-item\">\n                                                            <div class=\"key-point-icon\">\n                                    <img decoding=\"async\" src=\"https:\/\/newlifemills.com\/wp-content\/uploads\/2025\/12\/icon-guthealth-1.svg\" alt=\"Icon Guthealth\">\n                                <\/div>\n                                                        <div class=\"key-point-content\">\n                                <h4>Meilleure sant\u00e9 intestinale et conversion alimentaire<\/h4>\n<p>Nos programmes de nutrition pr\u00e9coce favorisent le d\u00e9veloppement intestinal, aidant ainsi les poussins \u00e0 absorber les nutriments plus efficacement, \u00e0 cro\u00eetre de mani\u00e8re uniforme et \u00e0 passer en douceur \u00e0 l&rsquo;\u00e9tape suivante.<\/p>\n                            <\/div>\n                        <\/div>\n                                            <div class=\"key-point-item\">\n                                                            <div class=\"key-point-icon\">\n                                    <img decoding=\"async\" src=\"https:\/\/newlifemills.com\/wp-content\/uploads\/2025\/12\/icon-trustedIngredients.svg\" alt=\"Icon Trustedingredients\">\n                                <\/div>\n                                                        <div class=\"key-point-content\">\n                                <h4>Solutions compl\u00e8tes d&rsquo;aliments et de pr\u00e9m\u00e9langes<\/h4>\n<p>Nos rations de d\u00e9marrage, de croissance et de pr\u00e9-ponte sont \u00e9quilibr\u00e9es pour s&rsquo;aligner avec la g\u00e9n\u00e9tique moderne et les objectifs de production, assurant que les poulettes sont pr\u00eates pour r\u00e9ussir la ponte. Tous les programmes sont continuellement affin\u00e9s gr\u00e2ce \u00e0 la <a href=\"https:\/\/newlifemills.com\/fr\/services\/\">recherche et \u00e0 l&rsquo;innovation<\/a> pour correspondre \u00e0 la g\u00e9n\u00e9tique moderne.<\/p>\n                            <\/div>\n                        <\/div>\n                                    <\/div>\n            \n        <\/div><!-- \/.key-points-layout -->\n\n    <\/div>\n<\/section>\n\n\n<section class=\"general white full notop nobottom\">\n    <div class=\"container\">\n    <div class=\"column\" style=\"align-items:center; justify-content:flex-start;\"><div class=\"module image-content\"><img decoding=\"async\" src=\"https:\/\/newlifemills.com\/wp-content\/uploads\/2025\/12\/image_banner_pull-scaled.webp\" alt=\"Image Banner Pull\" \/><\/div><\/div>    <\/div>\n<\/section>\n\n\n<section class=\"general white default\">\n    <div class=\"container halves\">\n    <div class=\"column\" style=\"align-items:flex-start; justify-content:flex-start;\"><div class=\"module\"><h3 class=\"highlight\">Une nutrition fiable \u00e0 laquelle vous pouvez vous fier<\/h3>\n<p>Chaque programme de poulettes est soutenu par la certification FeedAssure\u2122, par les normes HACCP et par des pratiques rigoureuses de bios\u00e9curit\u00e9. Cet <a href=\"https:\/\/newlifemills.com\/fr\/about\/notre-engagement\/\">engagement envers la qualit\u00e9<\/a> garantit une alimentation s\u00fbre et constante qui prot\u00e8ge la sant\u00e9 pr\u00e9coce du troupeau et pr\u00e9pare les poulettes \u00e0 une transition en douceur vers la ponte.<\/p>\n<\/div><\/div><div class=\"column\" style=\"align-items:flex-start; justify-content:flex-start;\"><div class=\"module\"><h3 class=\"highlight\">Nourrir vos poulettes en toute confiance<\/h3>\n<p>Avec des installations strat\u00e9giquement situ\u00e9es, New-Life Mills assure une livraison fiable d&rsquo;aliments \u00e0 travers le Canada. En tant que division de Parrish &amp; Heimbecker, nous b\u00e9n\u00e9ficions de l&rsquo;acc\u00e8s \u00e0 leur vaste r\u00e9seau de grains et de meunerie \u2014 ainsi qu&rsquo;\u00e0 d&rsquo;autres sources de confiance \u2014 pour soutenir la croissance pr\u00e9coce et la performance de ponte \u00e0 long terme gr\u00e2ce \u00e0 une nutrition constante et de haute qualit\u00e9.<\/p>\n<\/div><\/div>    <\/div>\n<\/section>\n\n\n<section class=\"cta yellow\">\n    <div class=\"container\">\n        <div class=\"left noimage\">\n            <h3>Pr\u00e9parez vos poulettes pour r\u00e9ussir la ponte<\/h3>\n<p>New-Life Mills offre une nutrition \u00e9prouv\u00e9e pour les poulettes et le soutien d&rsquo;experts pour favoriser une croissance uniforme, prot\u00e9ger la sant\u00e9 du troupeau et pr\u00e9parer les poulettes \u00e0 une ponte productive.<\/p>\n\n                            <div class=\"buttons\">\n                                                                <a class=\"button secondary\" href=\"https:\/\/newlifemills.com\/fr\/contactez-nous\/\" target=\"\"><span>Parlez \u00e0 un sp\u00e9cialiste des poulettes<\/span><\/a>\n                                    <\/div>\n                    <\/div>\n            <\/div>\n<\/section>","protected":false},"excerpt":{"rendered":"","protected":false},"author":2,"featured_media":0,"parent":2103,"menu_order":3,"comment_status":"closed","ping_status":"closed","template":"","meta":{"_acf_changed":false,"_relevanssi_hide_post":"","_relevanssi_hide_content":"","_relevanssi_pin_for_all":"","_relevanssi_pin_keywords":"","_relevanssi_unpin_keywords":"","_relevanssi_related_keywords":"","_relevanssi_related_include_ids":"","_relevanssi_related_exclude_ids":"","_relevanssi_related_no_append":"","_relevanssi_related_not_related":"","_relevanssi_related_posts":"2517,2514,2510,2520","_relevanssi_noindex_reason":"","footnotes":""},"class_list":["post-2225","page","type-page","status-publish","hentry"],"acf":[],"yoast_head":"<!-- This site is optimized with the Yoast SEO plugin v27.5 - https:\/\/yoast.com\/product\/yoast-seo-wordpress\/ -->\n<title>Programmes de nutrition pour poulettes | New-Life Mills<\/title>\n<meta name=\"description\" content=\"Les programmes de nutrition pour poulettes de New-Life Mills favorisent l&#039;uniformit\u00e9, la solidit\u00e9 du squelette etla pr\u00e9paration \u00e0 la reproduction. Des aliments scientifiques con\u00e7us pour un succ\u00e8s futur de ponte.\" \/>\n<meta name=\"robots\" content=\"index, follow, max-snippet:-1, max-image-preview:large, max-video-preview:-1\" \/>\n<link rel=\"canonical\" href=\"https:\/\/newlifemills.com\/fr\/species\/volaille\/poulettes\/\" \/>\n<meta property=\"og:locale\" content=\"fr_FR\" \/>\n<meta property=\"og:type\" content=\"article\" \/>\n<meta property=\"og:title\" content=\"Programmes de nutrition pour poulettes | New-Life Mills\" \/>\n<meta property=\"og:description\" content=\"Les programmes de nutrition pour poulettes de New-Life Mills favorisent l&#039;uniformit\u00e9, la solidit\u00e9 du squelette etla pr\u00e9paration \u00e0 la reproduction. Des aliments scientifiques con\u00e7us pour un succ\u00e8s futur de ponte.\" \/>\n<meta property=\"og:url\" content=\"https:\/\/newlifemills.com\/fr\/species\/volaille\/poulettes\/\" \/>\n<meta property=\"og:site_name\" content=\"New Life Mills\" \/>\n<meta property=\"article:modified_time\" content=\"2026-03-12T18:03:06+00:00\" \/>\n<meta name=\"twitter:card\" content=\"summary_large_image\" \/>\n<script type=\"application\/ld+json\" class=\"yoast-schema-graph\">{\"@context\":\"https:\\\/\\\/schema.org\",\"@graph\":[{\"@type\":\"WebPage\",\"@id\":\"https:\\\/\\\/newlifemills.com\\\/fr\\\/species\\\/volaille\\\/poulettes\\\/\",\"url\":\"https:\\\/\\\/newlifemills.com\\\/fr\\\/species\\\/volaille\\\/poulettes\\\/\",\"name\":\"Programmes de nutrition pour poulettes | New-Life Mills\",\"isPartOf\":{\"@id\":\"https:\\\/\\\/newlifemills.com\\\/fr\\\/#website\"},\"datePublished\":\"2025-12-10T16:35:15+00:00\",\"dateModified\":\"2026-03-12T18:03:06+00:00\",\"description\":\"Les programmes de nutrition pour poulettes de New-Life Mills favorisent l'uniformit\u00e9, la solidit\u00e9 du squelette etla pr\u00e9paration \u00e0 la reproduction. Des aliments scientifiques con\u00e7us pour un succ\u00e8s futur de ponte.\",\"breadcrumb\":{\"@id\":\"https:\\\/\\\/newlifemills.com\\\/fr\\\/species\\\/volaille\\\/poulettes\\\/#breadcrumb\"},\"inLanguage\":\"fr-FR\",\"potentialAction\":[{\"@type\":\"ReadAction\",\"target\":[\"https:\\\/\\\/newlifemills.com\\\/fr\\\/species\\\/volaille\\\/poulettes\\\/\"]}]},{\"@type\":\"BreadcrumbList\",\"@id\":\"https:\\\/\\\/newlifemills.com\\\/fr\\\/species\\\/volaille\\\/poulettes\\\/#breadcrumb\",\"itemListElement\":[{\"@type\":\"ListItem\",\"position\":1,\"name\":\"Home\",\"item\":\"https:\\\/\\\/newlifemills.com\\\/fr\\\/\"},{\"@type\":\"ListItem\",\"position\":2,\"name\":\"Alimentation Animale\",\"item\":\"https:\\\/\\\/newlifemills.com\\\/fr\\\/species\\\/\"},{\"@type\":\"ListItem\",\"position\":3,\"name\":\"Volaille\",\"item\":\"https:\\\/\\\/newlifemills.com\\\/fr\\\/species-we-feed\\\/poultry\\\/\"},{\"@type\":\"ListItem\",\"position\":4,\"name\":\"Poulettes\"}]},{\"@type\":\"WebSite\",\"@id\":\"https:\\\/\\\/newlifemills.com\\\/fr\\\/#website\",\"url\":\"https:\\\/\\\/newlifemills.com\\\/fr\\\/\",\"name\":\"New Life Mills\",\"description\":\"\",\"potentialAction\":[{\"@type\":\"SearchAction\",\"target\":{\"@type\":\"EntryPoint\",\"urlTemplate\":\"https:\\\/\\\/newlifemills.com\\\/fr\\\/?s={search_term_string}\"},\"query-input\":{\"@type\":\"PropertyValueSpecification\",\"valueRequired\":true,\"valueName\":\"search_term_string\"}}],\"inLanguage\":\"fr-FR\"}]}<\/script>\n<!-- \/ Yoast SEO plugin. -->","yoast_head_json":{"title":"Programmes de nutrition pour poulettes | New-Life Mills","description":"Les programmes de nutrition pour poulettes de New-Life Mills favorisent l'uniformit\u00e9, la solidit\u00e9 du squelette etla pr\u00e9paration \u00e0 la reproduction. Des aliments scientifiques con\u00e7us pour un succ\u00e8s futur de ponte.","robots":{"index":"index","follow":"follow","max-snippet":"max-snippet:-1","max-image-preview":"max-image-preview:large","max-video-preview":"max-video-preview:-1"},"canonical":"https:\/\/newlifemills.com\/fr\/species\/volaille\/poulettes\/","og_locale":"fr_FR","og_type":"article","og_title":"Programmes de nutrition pour poulettes | New-Life Mills","og_description":"Les programmes de nutrition pour poulettes de New-Life Mills favorisent l'uniformit\u00e9, la solidit\u00e9 du squelette etla pr\u00e9paration \u00e0 la reproduction. Des aliments scientifiques con\u00e7us pour un succ\u00e8s futur de ponte.","og_url":"https:\/\/newlifemills.com\/fr\/species\/volaille\/poulettes\/","og_site_name":"New Life Mills","article_modified_time":"2026-03-12T18:03:06+00:00","twitter_card":"summary_large_image","schema":{"@context":"https:\/\/schema.org","@graph":[{"@type":"WebPage","@id":"https:\/\/newlifemills.com\/fr\/species\/volaille\/poulettes\/","url":"https:\/\/newlifemills.com\/fr\/species\/volaille\/poulettes\/","name":"Programmes de nutrition pour poulettes | New-Life Mills","isPartOf":{"@id":"https:\/\/newlifemills.com\/fr\/#website"},"datePublished":"2025-12-10T16:35:15+00:00","dateModified":"2026-03-12T18:03:06+00:00","description":"Les programmes de nutrition pour poulettes de New-Life Mills favorisent l'uniformit\u00e9, la solidit\u00e9 du squelette etla pr\u00e9paration \u00e0 la reproduction. Des aliments scientifiques con\u00e7us pour un succ\u00e8s futur de ponte.","breadcrumb":{"@id":"https:\/\/newlifemills.com\/fr\/species\/volaille\/poulettes\/#breadcrumb"},"inLanguage":"fr-FR","potentialAction":[{"@type":"ReadAction","target":["https:\/\/newlifemills.com\/fr\/species\/volaille\/poulettes\/"]}]},{"@type":"BreadcrumbList","@id":"https:\/\/newlifemills.com\/fr\/species\/volaille\/poulettes\/#breadcrumb","itemListElement":[{"@type":"ListItem","position":1,"name":"Home","item":"https:\/\/newlifemills.com\/fr\/"},{"@type":"ListItem","position":2,"name":"Alimentation Animale","item":"https:\/\/newlifemills.com\/fr\/species\/"},{"@type":"ListItem","position":3,"name":"Volaille","item":"https:\/\/newlifemills.com\/fr\/species-we-feed\/poultry\/"},{"@type":"ListItem","position":4,"name":"Poulettes"}]},{"@type":"WebSite","@id":"https:\/\/newlifemills.com\/fr\/#website","url":"https:\/\/newlifemills.com\/fr\/","name":"New Life Mills","description":"","potentialAction":[{"@type":"SearchAction","target":{"@type":"EntryPoint","urlTemplate":"https:\/\/newlifemills.com\/fr\/?s={search_term_string}"},"query-input":{"@type":"PropertyValueSpecification","valueRequired":true,"valueName":"search_term_string"}}],"inLanguage":"fr-FR"}]}},"_links":{"self":[{"href":"https:\/\/newlifemills.com\/fr\/wp-json\/wp\/v2\/pages\/2225","targetHints":{"allow":["GET"]}}],"collection":[{"href":"https:\/\/newlifemills.com\/fr\/wp-json\/wp\/v2\/pages"}],"about":[{"href":"https:\/\/newlifemills.com\/fr\/wp-json\/wp\/v2\/types\/page"}],"author":[{"embeddable":true,"href":"https:\/\/newlifemills.com\/fr\/wp-json\/wp\/v2\/users\/2"}],"replies":[{"embeddable":true,"href":"https:\/\/newlifemills.com\/fr\/wp-json\/wp\/v2\/comments?post=2225"}],"version-history":[{"count":7,"href":"https:\/\/newlifemills.com\/fr\/wp-json\/wp\/v2\/pages\/2225\/revisions"}],"predecessor-version":[{"id":2593,"href":"https:\/\/newlifemills.com\/fr\/wp-json\/wp\/v2\/pages\/2225\/revisions\/2593"}],"up":[{"embeddable":true,"href":"https:\/\/newlifemills.com\/fr\/wp-json\/wp\/v2\/pages\/2103"}],"wp:attachment":[{"href":"https:\/\/newlifemills.com\/fr\/wp-json\/wp\/v2\/media?parent=2225"}],"curies":[{"name":"wp","href":"https:\/\/api.w.org\/{rel}","templated":true}]}}