{"id":2195,"date":"2025-12-10T16:19:05","date_gmt":"2025-12-10T16:19:05","guid":{"rendered":"https:\/\/newlifemills.com\/?page_id=2195"},"modified":"2026-03-12T18:01:30","modified_gmt":"2026-03-12T18:01:30","slug":"poules-pondeuses","status":"publish","type":"page","link":"https:\/\/newlifemills.com\/fr\/species\/volaille\/poules-pondeuses\/","title":{"rendered":"Poules Pondeuses"},"content":{"rendered":"\n<section \n        class=\"hero hero-image hero-internal\"\n    style=\"background-image: url(https:\/\/newlifemills.com\/wp-content\/uploads\/2025\/11\/background-gold2.png); background-size: cover; background-position: center;\">\n\n    \n    <div class=\"container hero-content\">\n        <div class=\"content\">                                <div class=\"container breadcrumbWrapper\">\n                        <p id=\"breadcrumbs\"><span><span><a href=\"https:\/\/newlifemills.com\/fr\/\">Home<\/a><\/span><\/span><\/p>                    <\/div>\n\n                                        <h1>Poules Pondeuses<\/h1>\n                        \n            \n                    <\/div>\n\n            <\/div>\n<\/section>\n\n\n<section class=\"general gray default\">\n    <div class=\"container halves\">\n    <div class=\"column\" style=\"align-items:center; justify-content:flex-start;\"><div class=\"module\"><p><span class=\"eyebrow\">Poules pondeuses<\/span><\/p>\n<h2>Une nutrition pour poules pondeuses pour des coquilles plus solides, une production constante et de la rentabilit\u00e9<\/h2>\n<p>La qualit\u00e9 des \u0153ufs et la persistance de la ponte d\u00e9finissent le succ\u00e8s dans la production de pondeuses. Les programmes de nutrition de New-Life Mills r\u00e9pondent aux besoins pr\u00e9cis des poules \u00e0 chaque \u00e9tape. Avec des strat\u00e9gies d&rsquo;alimentation par phases, des formulations appuy\u00e9es par la recherche et une expertise sur le terrain, nous aidons les producteurs \u00e0 maximiser le nombre d&rsquo;\u0153ufs, \u00e0 renforcer les coquilles et \u00e0 prot\u00e9ger la rentabilit\u00e9.<\/p>\n<p class=\"large-top\"><strong>Trouvez le meilleur programme pour vous :<\/strong><\/p>\n<p><a class=\"button primary\" href=\"https:\/\/newlifemills.com\/fr\/contactez-nous\/\">Parlez \u00e0 un sp\u00e9cialiste en pondeuses<\/a><\/p>\n<\/div><\/div><div class=\"column\" style=\"align-items:center; justify-content:flex-start;\"><div class=\"module image-content\"><img decoding=\"async\" src=\"https:\/\/newlifemills.com\/wp-content\/uploads\/2026\/01\/ChickenImage.jpeg\" alt=\"Closeup Portrait Of Dekalb White Hen At Poultry Farm. Layer Farm\" \/><\/div><\/div>    <\/div>\n<\/section>\n\n\n<section class=\"cards card2 none gray\">\n    <div class=\"container\">\n        <div class=\"intro\"><h2>Des r\u00e9sultats constants soutenus par la science et l&rsquo;exp\u00e9rience<\/h2>\n<\/div>        \n                <div class=\"card\">                                                                <div class=\"image\"><img decoding=\"async\" src=\"https:\/\/newlifemills.com\/wp-content\/uploads\/2025\/12\/icon-strongshell.svg\" alt=\"Icon Strongshell\"><\/div>\n                                        <div class=\"content\">\n                                                    <h4>Coquilles plus solides<\/h4>    \n                                            \n                        <p>Des min\u00e9raux et vitamines \u00e9quilibr\u00e9s prot\u00e8gent la qualit\u00e9 des coquilles tout au long du cycle de ponte.<\/p>                                            <\/div>\n                <\/div>            \n                <div class=\"card\">                                                                <div class=\"image\"><img decoding=\"async\" src=\"https:\/\/newlifemills.com\/wp-content\/uploads\/2025\/12\/icon-production.svg\" alt=\"Icon Production\"><\/div>\n                                        <div class=\"content\">\n                                                    <h4>Production stable<\/h4>    \n                                            \n                        <p>Nos programmes de nutrition sont soutenus pour maintenir la qualit\u00e9 et la production des \u0153ufs constantes.<\/p>                                            <\/div>\n                <\/div>            \n                <div class=\"card\">                                                                <div class=\"image\"><img decoding=\"async\" src=\"https:\/\/newlifemills.com\/wp-content\/uploads\/2025\/12\/icon-customfeed-1.svg\" alt=\"Icon Customfeed\"><\/div>\n                                        <div class=\"content\">\n                                                    <h4>Conversion alimentaire efficace<\/h4>    \n                                            \n                        <p>Les formulations optimis\u00e9es aident \u00e0 contr\u00f4ler la taille des \u0153ufs, \u00e0 r\u00e9duire le gaspillage et \u00e0 soutenir la<br \/>\r\nproduction.<\/p>                                            <\/div>\n                <\/div>                <\/div>\n<\/section>\n\n\n<section class=\"general white default\">\n    <div class=\"container\">\n    <div class=\"column\" style=\"align-items:center; justify-content:flex-start;\"><div class=\"module\"><h2>Programmes d&rsquo;alimentation pour pondeuses<\/h2>\n<div class=\"responsive-table\">\n<table>\n<thead>\n<tr>\n<th>Nom du programme<\/th>\n<th>Objectif<\/th>\n<th>Caract\u00e9ristiques cl\u00e9s<\/th>\n<\/tr>\n<\/thead>\n<tbody>\n<tr>\n<td data-label=\"Program Name\"><img decoding=\"async\" src=\"https:\/\/newlifemills.com\/wp-content\/uploads\/2026\/01\/NLM_EQP-Logo.png\" width=\"200\" \/><\/td>\n<td data-label=\"What It Means\">Le programme NLM EQP offre un profil nutritionnel \u00e9quilibr\u00e9 pour soutenir une production d&rsquo;\u0153ufs r\u00e9guli\u00e8re, des tailles d&rsquo;\u0153ufs ad\u00e9quates et le bien-\u00eatre g\u00e9n\u00e9ral des poules.<br \/>\nEn utilisant une approche multiphasique, ce programme offre la flexibilit\u00e9 n\u00e9cessaire pour soutenir une gamme d&rsquo;objectifs de production.<\/td>\n<td data-label=\"Key Features\">\n<ul>\n<li>Ingr\u00e9dients rentables pour r\u00e9duire les co\u00fbts d&rsquo;entr\u00e9e des aliments.<\/li>\n<li>Programme \u00e0 densit\u00e9 \u00e9nerg\u00e9tique moyenne pour soutenir la<br \/>\nproduction.<\/li>\n<li>Contenu complet en micronutriments pour soutenir la sant\u00e9 des poules.<\/li>\n<li>Inclusion de calcium \u00e0 grosses particules et de vitamine D pour maintenir la sant\u00e9 osseuse et la qualit\u00e9 de la coquille d&rsquo;\u0153uf.<\/li>\n<\/ul>\n<\/td>\n<\/tr>\n<tr>\n<td data-label=\"Program Name\"><img decoding=\"async\" src=\"https:\/\/newlifemills.com\/wp-content\/uploads\/2026\/01\/nlm-precision.png\" width=\"200\" \/><\/td>\n<td data-label=\"What It Means\">Le programme de pr\u00e9cision NLM offre un ensemble nutritionnel complet pour promouvoir une forte production d&rsquo;\u0153ufs, des tailles d&rsquo;\u0153ufs plus grandes et le maintien d\u2019une sant\u00e9 optimale des poules.<br \/>\nEn utilisant une approche multiphasique, ce programme offre la flexibilit\u00e9 de soutenir une gamme d&rsquo;objectifs de production.<\/td>\n<td data-label=\"Key Features\">\n<ul>\n<li>Ingr\u00e9dients cibl\u00e9s pour une meilleure digestibilit\u00e9.<\/li>\n<li>Programme \u00e0 haute densit\u00e9 \u00e9nerg\u00e9tique pour am\u00e9liorer la production<\/li>\n<li>Contenu accru en micronutriments pour optimiser la sant\u00e9 des poules.<\/li>\n<li>Niveaux \u00e9lev\u00e9s de calcium \u00e0 grosses particules et de vitamine D pour am\u00e9liorer l&rsquo;absorption du calcium et renforcer la sant\u00e9 osseuse et la qualit\u00e9 de la coquille d&rsquo;\u0153uf.<\/li>\n<\/ul>\n<\/td>\n<\/tr>\n<\/tbody>\n<\/table>\n<\/div>\n<p><strong>Trouvez le meilleur programme pour vous:<\/strong><\/p>\n<p><a class=\"button primary\" href=\"https:\/\/newlifemills.com\/fr\/contactez-nous\/\">Parlez \u00e0 un sp\u00e9cialiste en pondeuses<\/a><\/p>\n<\/div><\/div>    <\/div>\n<\/section>\n\n\n<section \n        class=\"key-points \"\n>\n    <div class=\"container\">\n\n                    <span class=\"eyebrow\">Programme de calques<\/span>\n        \n                    <h2 class=\"key-points-title\">Des strat\u00e9gies d&#039;alimentation pour chaque \u00e9tape de ponte<\/h2>\n        \n        <div class=\"key-points-layout\">\n\n            \n                            <div class=\"key-points-container\">\n                                            <div class=\"key-point-item\">\n                                                            <div class=\"key-point-icon\">\n                                    <img decoding=\"async\" src=\"https:\/\/newlifemills.com\/wp-content\/uploads\/2025\/12\/icon-19weeks.svg\" alt=\"Icon 19weeks\">\n                                <\/div>\n                                                        <div class=\"key-point-content\">\n                                <h4>Pr\u00e9-pic<\/h4>\n<p>Les poules sont encore en maturation, avec une consommation d&rsquo;aliments plus faible. Les r\u00e9gimes se concentrent sur l&rsquo;\u00e9nergie, les prot\u00e9ines et le calcium pour soutenir la croissance et le d\u00e9veloppement reproductif.<\/p>\n                            <\/div>\n                        <\/div>\n                                            <div class=\"key-point-item\">\n                                                            <div class=\"key-point-icon\">\n                                    <img decoding=\"async\" src=\"https:\/\/newlifemills.com\/wp-content\/uploads\/2025\/12\/icon-21weeks.svg\" alt=\"Icon 21weeks\">\n                                <\/div>\n                                                        <div class=\"key-point-content\">\n                                <h4>Pic<\/h4>\n<p>Les poules atteignent la maturit\u00e9 sexuelle. Les aliments sont formul\u00e9s pour maintenir une production \u00e9lev\u00e9e d&rsquo;\u0153ufs et soutenir l&rsquo;augmentation de la taille des \u0153ufs<\/p>\n                            <\/div>\n                        <\/div>\n                                            <div class=\"key-point-item\">\n                                                            <div class=\"key-point-icon\">\n                                    <img decoding=\"async\" src=\"https:\/\/newlifemills.com\/wp-content\/uploads\/2025\/12\/icon-43weeks.svg\" alt=\"Icon 43weeks\">\n                                <\/div>\n                                                        <div class=\"key-point-content\">\n                                <h4>Post-pic<\/h4>\n<p>La production d&rsquo;\u0153ufs commence \u00e0 diminuer. La nutrition s&rsquo;ajuste pour g\u00e9rer la taille des \u0153ufs et maintenir la performance, aidant \u00e0 r\u00e9duire les fissures et les d\u00e9classements.<\/p>\n                            <\/div>\n                        <\/div>\n                                            <div class=\"key-point-item\">\n                                                            <div class=\"key-point-icon\">\n                                    <img decoding=\"async\" src=\"https:\/\/newlifemills.com\/wp-content\/uploads\/2025\/12\/icon-51weeks.svg\" alt=\"Icon 51weeks\">\n                                <\/div>\n                                                        <div class=\"key-point-content\">\n                                <h4>Mi-ponte<\/h4>\n<p>L&rsquo;accent est mis sur le maintien des taux de ponte sans encourager une taille excessive des \u0153ufs. Les niveaux de prot\u00e9ines sont ajust\u00e9s pour correspondre \u00e0 la consommation d&rsquo;aliments et aux besoins de production.<\/p>\n                            <\/div>\n                        <\/div>\n                                    <\/div>\n            \n        <\/div><!-- \/.key-points-layout -->\n\n    <\/div>\n<\/section>\n\n\n<section class=\"general white full notop nobottom\">\n    <div class=\"container\">\n    <div class=\"column\" style=\"align-items:center; justify-content:flex-start;\"><div class=\"module image-content\"><img decoding=\"async\" src=\"https:\/\/newlifemills.com\/wp-content\/uploads\/2025\/12\/image_banner_lay-scaled.webp\" alt=\"Image Banner Lay\" \/><\/div><\/div>    <\/div>\n<\/section>\n\n\n<section class=\"general white default\">\n    <div class=\"container halves\">\n    <div class=\"column\" style=\"align-items:flex-start; justify-content:flex-start;\"><div class=\"module\"><h3 class=\"highlight\">Une nutrition s\u00fbre et constante \u00e0 chaque livraison<\/h3>\n<p>Chaque aliment est soutenu par la certification FeedAssure\u2122, par les normes HACCP et par des pratiques rigoureuses de bios\u00e9curit\u00e9. <a href=\"https:\/\/newlifemills.com\/fr\/about\/notre-engagement\/\">Lisez-en plus<\/a> sur notre engagement envers la s\u00e9curit\u00e9 et la qualit\u00e9.<\/p>\n<\/div><\/div><div class=\"column\" style=\"align-items:flex-start; justify-content:flex-start;\"><div class=\"module\"><h3 class=\"highlight\">Nourrir les producteurs de volaille canadiens en toute confiance<\/h3>\n<p>Avec des installations strat\u00e9giquement situ\u00e9es, New-Life Mills assure une livraison fiable d&rsquo;aliments \u00e0 travers le Canada. En tant que division de Parrish &amp; Heimbecker, nous b\u00e9n\u00e9ficions de l&rsquo;acc\u00e8s \u00e0 leur vaste r\u00e9seau de grains et de meunerie \u2014 ainsi qu&rsquo;\u00e0 d&rsquo;autres sources fiables \u2014 pour soutenir des programmes nutritionnels qui am\u00e9liorent la qualit\u00e9 et la constance des \u0153ufs.<\/p>\n<\/div><\/div>    <\/div>\n<\/section>\n\n\n<section class=\"cta yellow\">\n    <div class=\"container\">\n        <div class=\"left noimage\">\n            <h3>Renforcez votre programme de ponte aujourd&rsquo;hui<\/h3>\n<p>De coquilles plus solides \u00e0 une production plus stable, New-Life Mills offre la nutrition \u00e9prouv\u00e9e et le soutien d&rsquo;experts dont vous avez besoin pour optimiser votre exploitation.<\/p>\n\n                            <div class=\"buttons\">\n                                                                <a class=\"button secondary\" href=\"https:\/\/newlifemills.com\/fr\/contactez-nous\/\" target=\"\"><span>Parlez \u00e0 un sp\u00e9cialiste des pondeuses<\/span><\/a>\n                                    <\/div>\n                    <\/div>\n            <\/div>\n<\/section>","protected":false},"excerpt":{"rendered":"","protected":false},"author":2,"featured_media":0,"parent":2103,"menu_order":2,"comment_status":"closed","ping_status":"closed","template":"","meta":{"_acf_changed":false,"_relevanssi_hide_post":"","_relevanssi_hide_content":"","_relevanssi_pin_for_all":"","_relevanssi_pin_keywords":"","_relevanssi_unpin_keywords":"","_relevanssi_related_keywords":"","_relevanssi_related_include_ids":"","_relevanssi_related_exclude_ids":"","_relevanssi_related_no_append":"","_relevanssi_related_not_related":"","_relevanssi_related_posts":"2514,2520,2510,2517","_relevanssi_noindex_reason":"","footnotes":""},"class_list":["post-2195","page","type-page","status-publish","hentry"],"acf":[],"yoast_head":"<!-- This site is optimized with the Yoast SEO plugin v27.5 - https:\/\/yoast.com\/product\/yoast-seo-wordpress\/ -->\n<title>Programmes de nutrition pour poules pondeuses | New-Life Mills<\/title>\n<meta name=\"description\" content=\"Les programmes de nutrition pour poules pondeuses de New-Life Mills soutiennent la qualit\u00e9 des \u0153ufs, lar\u00e9sistance des coquilles et la persistance de la ponte. Soutenus par l&#039;innovation canadienne et des conseilsd&#039;experts.\" \/>\n<meta name=\"robots\" content=\"index, follow, max-snippet:-1, max-image-preview:large, max-video-preview:-1\" \/>\n<link rel=\"canonical\" href=\"https:\/\/newlifemills.com\/fr\/species\/volaille\/poules-pondeuses\/\" \/>\n<meta property=\"og:locale\" content=\"fr_FR\" \/>\n<meta property=\"og:type\" content=\"article\" \/>\n<meta property=\"og:title\" content=\"Programmes de nutrition pour poules pondeuses | New-Life Mills\" \/>\n<meta property=\"og:description\" content=\"Les programmes de nutrition pour poules pondeuses de New-Life Mills soutiennent la qualit\u00e9 des \u0153ufs, lar\u00e9sistance des coquilles et la persistance de la ponte. Soutenus par l&#039;innovation canadienne et des conseilsd&#039;experts.\" \/>\n<meta property=\"og:url\" content=\"https:\/\/newlifemills.com\/fr\/species\/volaille\/poules-pondeuses\/\" \/>\n<meta property=\"og:site_name\" content=\"New Life Mills\" \/>\n<meta property=\"article:modified_time\" content=\"2026-03-12T18:01:30+00:00\" \/>\n<meta name=\"twitter:card\" content=\"summary_large_image\" \/>\n<script type=\"application\/ld+json\" class=\"yoast-schema-graph\">{\"@context\":\"https:\\\/\\\/schema.org\",\"@graph\":[{\"@type\":\"WebPage\",\"@id\":\"https:\\\/\\\/newlifemills.com\\\/fr\\\/species\\\/volaille\\\/poules-pondeuses\\\/\",\"url\":\"https:\\\/\\\/newlifemills.com\\\/fr\\\/species\\\/volaille\\\/poules-pondeuses\\\/\",\"name\":\"Programmes de nutrition pour poules pondeuses | New-Life Mills\",\"isPartOf\":{\"@id\":\"https:\\\/\\\/newlifemills.com\\\/fr\\\/#website\"},\"datePublished\":\"2025-12-10T16:19:05+00:00\",\"dateModified\":\"2026-03-12T18:01:30+00:00\",\"description\":\"Les programmes de nutrition pour poules pondeuses de New-Life Mills soutiennent la qualit\u00e9 des \u0153ufs, lar\u00e9sistance des coquilles et la persistance de la ponte. Soutenus par l'innovation canadienne et des conseilsd'experts.\",\"breadcrumb\":{\"@id\":\"https:\\\/\\\/newlifemills.com\\\/fr\\\/species\\\/volaille\\\/poules-pondeuses\\\/#breadcrumb\"},\"inLanguage\":\"fr-FR\",\"potentialAction\":[{\"@type\":\"ReadAction\",\"target\":[\"https:\\\/\\\/newlifemills.com\\\/fr\\\/species\\\/volaille\\\/poules-pondeuses\\\/\"]}]},{\"@type\":\"BreadcrumbList\",\"@id\":\"https:\\\/\\\/newlifemills.com\\\/fr\\\/species\\\/volaille\\\/poules-pondeuses\\\/#breadcrumb\",\"itemListElement\":[{\"@type\":\"ListItem\",\"position\":1,\"name\":\"Home\",\"item\":\"https:\\\/\\\/newlifemills.com\\\/fr\\\/\"},{\"@type\":\"ListItem\",\"position\":2,\"name\":\"Alimentation Animale\",\"item\":\"https:\\\/\\\/newlifemills.com\\\/fr\\\/species\\\/\"},{\"@type\":\"ListItem\",\"position\":3,\"name\":\"Volaille\",\"item\":\"https:\\\/\\\/newlifemills.com\\\/fr\\\/species-we-feed\\\/poultry\\\/\"},{\"@type\":\"ListItem\",\"position\":4,\"name\":\"Poules Pondeuses\"}]},{\"@type\":\"WebSite\",\"@id\":\"https:\\\/\\\/newlifemills.com\\\/fr\\\/#website\",\"url\":\"https:\\\/\\\/newlifemills.com\\\/fr\\\/\",\"name\":\"New Life Mills\",\"description\":\"\",\"potentialAction\":[{\"@type\":\"SearchAction\",\"target\":{\"@type\":\"EntryPoint\",\"urlTemplate\":\"https:\\\/\\\/newlifemills.com\\\/fr\\\/?s={search_term_string}\"},\"query-input\":{\"@type\":\"PropertyValueSpecification\",\"valueRequired\":true,\"valueName\":\"search_term_string\"}}],\"inLanguage\":\"fr-FR\"}]}<\/script>\n<!-- \/ Yoast SEO plugin. -->","yoast_head_json":{"title":"Programmes de nutrition pour poules pondeuses | New-Life Mills","description":"Les programmes de nutrition pour poules pondeuses de New-Life Mills soutiennent la qualit\u00e9 des \u0153ufs, lar\u00e9sistance des coquilles et la persistance de la ponte. Soutenus par l'innovation canadienne et des conseilsd'experts.","robots":{"index":"index","follow":"follow","max-snippet":"max-snippet:-1","max-image-preview":"max-image-preview:large","max-video-preview":"max-video-preview:-1"},"canonical":"https:\/\/newlifemills.com\/fr\/species\/volaille\/poules-pondeuses\/","og_locale":"fr_FR","og_type":"article","og_title":"Programmes de nutrition pour poules pondeuses | New-Life Mills","og_description":"Les programmes de nutrition pour poules pondeuses de New-Life Mills soutiennent la qualit\u00e9 des \u0153ufs, lar\u00e9sistance des coquilles et la persistance de la ponte. Soutenus par l'innovation canadienne et des conseilsd'experts.","og_url":"https:\/\/newlifemills.com\/fr\/species\/volaille\/poules-pondeuses\/","og_site_name":"New Life Mills","article_modified_time":"2026-03-12T18:01:30+00:00","twitter_card":"summary_large_image","schema":{"@context":"https:\/\/schema.org","@graph":[{"@type":"WebPage","@id":"https:\/\/newlifemills.com\/fr\/species\/volaille\/poules-pondeuses\/","url":"https:\/\/newlifemills.com\/fr\/species\/volaille\/poules-pondeuses\/","name":"Programmes de nutrition pour poules pondeuses | New-Life Mills","isPartOf":{"@id":"https:\/\/newlifemills.com\/fr\/#website"},"datePublished":"2025-12-10T16:19:05+00:00","dateModified":"2026-03-12T18:01:30+00:00","description":"Les programmes de nutrition pour poules pondeuses de New-Life Mills soutiennent la qualit\u00e9 des \u0153ufs, lar\u00e9sistance des coquilles et la persistance de la ponte. Soutenus par l'innovation canadienne et des conseilsd'experts.","breadcrumb":{"@id":"https:\/\/newlifemills.com\/fr\/species\/volaille\/poules-pondeuses\/#breadcrumb"},"inLanguage":"fr-FR","potentialAction":[{"@type":"ReadAction","target":["https:\/\/newlifemills.com\/fr\/species\/volaille\/poules-pondeuses\/"]}]},{"@type":"BreadcrumbList","@id":"https:\/\/newlifemills.com\/fr\/species\/volaille\/poules-pondeuses\/#breadcrumb","itemListElement":[{"@type":"ListItem","position":1,"name":"Home","item":"https:\/\/newlifemills.com\/fr\/"},{"@type":"ListItem","position":2,"name":"Alimentation Animale","item":"https:\/\/newlifemills.com\/fr\/species\/"},{"@type":"ListItem","position":3,"name":"Volaille","item":"https:\/\/newlifemills.com\/fr\/species-we-feed\/poultry\/"},{"@type":"ListItem","position":4,"name":"Poules Pondeuses"}]},{"@type":"WebSite","@id":"https:\/\/newlifemills.com\/fr\/#website","url":"https:\/\/newlifemills.com\/fr\/","name":"New Life Mills","description":"","potentialAction":[{"@type":"SearchAction","target":{"@type":"EntryPoint","urlTemplate":"https:\/\/newlifemills.com\/fr\/?s={search_term_string}"},"query-input":{"@type":"PropertyValueSpecification","valueRequired":true,"valueName":"search_term_string"}}],"inLanguage":"fr-FR"}]}},"_links":{"self":[{"href":"https:\/\/newlifemills.com\/fr\/wp-json\/wp\/v2\/pages\/2195","targetHints":{"allow":["GET"]}}],"collection":[{"href":"https:\/\/newlifemills.com\/fr\/wp-json\/wp\/v2\/pages"}],"about":[{"href":"https:\/\/newlifemills.com\/fr\/wp-json\/wp\/v2\/types\/page"}],"author":[{"embeddable":true,"href":"https:\/\/newlifemills.com\/fr\/wp-json\/wp\/v2\/users\/2"}],"replies":[{"embeddable":true,"href":"https:\/\/newlifemills.com\/fr\/wp-json\/wp\/v2\/comments?post=2195"}],"version-history":[{"count":13,"href":"https:\/\/newlifemills.com\/fr\/wp-json\/wp\/v2\/pages\/2195\/revisions"}],"predecessor-version":[{"id":2591,"href":"https:\/\/newlifemills.com\/fr\/wp-json\/wp\/v2\/pages\/2195\/revisions\/2591"}],"up":[{"embeddable":true,"href":"https:\/\/newlifemills.com\/fr\/wp-json\/wp\/v2\/pages\/2103"}],"wp:attachment":[{"href":"https:\/\/newlifemills.com\/fr\/wp-json\/wp\/v2\/media?parent=2195"}],"curies":[{"name":"wp","href":"https:\/\/api.w.org\/{rel}","templated":true}]}}