{"id":2136,"date":"2025-12-09T21:03:55","date_gmt":"2025-12-09T21:03:55","guid":{"rendered":"https:\/\/newlifemills.com\/?page_id=2136"},"modified":"2026-03-12T17:58:36","modified_gmt":"2026-03-12T17:58:36","slug":"poulets-de-chair","status":"publish","type":"page","link":"https:\/\/newlifemills.com\/fr\/species\/volaille\/poulets-de-chair\/","title":{"rendered":"Poulets de chair"},"content":{"rendered":"\n<section \n        class=\"hero hero-image hero-internal\"\n    style=\"background-image: url(https:\/\/newlifemills.com\/wp-content\/uploads\/2025\/11\/background-gold2.png); background-size: cover; background-position: center;\">\n\n    \n    <div class=\"container hero-content\">\n        <div class=\"content\">                                <div class=\"container breadcrumbWrapper\">\n                        <p id=\"breadcrumbs\"><span><span><a href=\"https:\/\/newlifemills.com\/fr\/\">Home<\/a><\/span><\/span><\/p>                    <\/div>\n\n                                        <h1>Poulets de chair<\/h1>\n                        \n            \n                    <\/div>\n\n            <\/div>\n<\/section>\n\n\n<section class=\"general gray default\">\n    <div class=\"container halves\">\n    <div class=\"column\" style=\"align-items:center; justify-content:flex-start;\"><div class=\"module\"><p><span class=\"eyebrow\">Poulets de chair<\/span><\/p>\n<h2>Les oiseaux \u00e0 croissance rapide ont besoin d&rsquo;une nutrition intelligente<\/h2>\n<p>Les poulets de chair d&rsquo;aujourd&rsquo;hui sont plus maigres, croissent plus rapidement et sont plus efficaces que jamais.Les programmes de nutrition pour poulets de chair de New-Life Mills sont con\u00e7us pour r\u00e9pondre \u00e0 ces exigences avec pr\u00e9cision. De l&rsquo;entr\u00e9e au finisseur, nos aliments am\u00e9liorent la croissance, optimisent la conversion alimentaire et soutiennent la rentabilit\u00e9 \u00e0 long terme de votre troupeau. Soutenus par l&rsquo;innovation canadienne et une science \u00e9prouv\u00e9e, nous aidons les producteurs \u00e0 \u00e9lever des oiseaux en meilleure sant\u00e9 et \u00e0 renforcer<br \/>\nleurs entreprises.<\/p>\n<p class=\"large-top\"><strong>Trouvez le meilleur programme pour vous:<\/strong><\/p>\n<p><a class=\"button primary\" href=\"https:\/\/newlifemills.com\/fr\/contactez-nous\/\">Parlez \u00e0 un sp\u00e9cialiste des poulets de chair<\/a><\/p>\n<\/div><\/div><div class=\"column\" style=\"align-items:center; justify-content:flex-start;\"><div class=\"module image-content\"><img decoding=\"async\" src=\"https:\/\/newlifemills.com\/wp-content\/uploads\/2026\/01\/Broilers.jpg\" alt=\"Big Indoors Modern Chicken Farm, Chicken Feeding.\" \/><\/div><\/div>    <\/div>\n<\/section>\n\n\n<section class=\"cards card2 none gray\">\n    <div class=\"container\">\n        <div class=\"intro\"><h2>Une performance soutenue par la recherche et l&rsquo;expertise<\/h2>\n<\/div>        \n                <div class=\"card\">                                                                <div class=\"image\"><img decoding=\"async\" src=\"https:\/\/newlifemills.com\/wp-content\/uploads\/2025\/12\/icon-guthealth.svg\" alt=\"Icon Guthealth\"><\/div>\n                                        <div class=\"content\">\n                                                    <h4>Sant\u00e9 intestinale prouv\u00e9e et conversion alimentaire<\/h4>    \n                                            \n                        <p>Nous nous concentrons sur une nutrition pr\u00e9coce qui favorise le d\u00e9veloppement d&rsquo;un intestin fort, aidant les poussins \u00e0 absorber les nutriments efficacement et \u00e0 cro\u00eetre de mani\u00e8re uniforme.<\/p>                                            <\/div>\n                <\/div>            \n                <div class=\"card\">                                                                <div class=\"image\"><img decoding=\"async\" src=\"https:\/\/newlifemills.com\/wp-content\/uploads\/2025\/12\/icon-customfeed-1.svg\" alt=\"Icon Customfeed\"><\/div>\n                                        <div class=\"content\">\n                                                    <h4>Programmes d&rsquo;alimentation compl\u00e8te<\/h4>    \n                                            \n                        <p>Nos rations de d\u00e9marrage, de croissance et de finition sont soigneusement \u00e9quilibr\u00e9es pour s&rsquo;aligner avec la g\u00e9n\u00e9tique moderne des poulets de chair et les \u00e9ch\u00e9anciers du march\u00e9. Toutes les formulations sont soutenues par des recherches et des innovations continues [soutien], test\u00e9es dans des conditions r\u00e9elles de grange pour garantir une performance pr\u00e9visible.<\/p>                                            <\/div>\n                <\/div>                <\/div>\n<\/section>\n\n\n<section class=\"general white default\">\n    <div class=\"container\">\n    <div class=\"column\" style=\"align-items:center; justify-content:flex-start;\"><div class=\"module\"><h2>Broiler Feed Programs<\/h2>\n<div class=\"responsive-table\">\n<table>\n<thead>\n<tr>\n<th>Type de programme<\/th>\n<th>Ce que cela signifie<\/th>\n<th>Caract\u00e9ristiques principales<\/th>\n<\/tr>\n<\/thead>\n<tbody>\n<tr>\n<td data-label=\"Program Type\">Conventionnel<\/td>\n<td data-label=\"What It Means\">Les oiseaux sont \u00e9lev\u00e9s avec un acc\u00e8s \u00e0 des ionophores, des coccidiostatiques chimiques et certains antibiotiques pour pr\u00e9venir les probl\u00e8mes de sant\u00e9 courants comme la coccidiose et la n\u00e9crose ent\u00e9rite.<\/td>\n<td data-label=\"Key Features\">\n<ul>\n<li>Favorise un gain de poids important et la performance du troupeau<\/li>\n<li>Ingr\u00e9dients de haute qualit\u00e9<\/li>\n<li>Soutien cibl\u00e9 en vitamines et min\u00e9raux<\/li>\n<\/ul>\n<\/td>\n<\/tr>\n<tr>\n<td data-label=\"Program Type\">Programme de r\u00e9duction de l&rsquo;utilisation des antibiotiques (RUA)<\/p>\n<p>Pas d&rsquo;antibiotiques importants pour la m\u00e9decine humaine (NAIHM<\/td>\n<td>Les oiseaux sont \u00e9lev\u00e9s avec une utilisation limit\u00e9e d&rsquo;antibiotiques.<br \/>\nLes ionophores et les coccidiostats chimiques sont permis.<\/td>\n<td data-label=\"Key Features\">\n<ul>\n<li>Utilise des additifs alimentaires fonctionnels pour soutenir la sant\u00e9 intestinale<\/li>\n<li>Enrichi en nutriments essentiels<\/li>\n<li>Con\u00e7u pour la croissance et la performance<\/li>\n<\/ul>\n<\/td>\n<\/tr>\n<tr>\n<td data-label=\"Program Type\">\u00c9lev\u00e9 sans antibiotiques (ESA)<\/td>\n<td data-label=\"What It Means\">Aucun antibiotique de quelque nature que ce soit n&rsquo;est utilis\u00e9. Au Canada, cela inclut les ionophores. Les coccidiostats chimiques sont permis.<\/td>\n<td data-label=\"Key Features\">\n<ul>\n<li>S&rsquo;appuie sur des additifs fonctionnels pour maintenir la sant\u00e9 intestinale<\/li>\n<li>Favorise un microbiome \u00e9quilibr\u00e9<\/li>\n<li>Aucun apport antibiotique<\/li>\n<\/ul>\n<\/td>\n<\/tr>\n<\/tbody>\n<\/table>\n<\/div>\n<p><strong>Trouvez le programme qui vous convient le mieux.:<\/strong><\/p>\n<p><a class=\"button primary\" href=\"https:\/\/newlifemills.com\/fr\/contactez-nous\/\">Parlez \u00e0 un sp\u00e9cialiste des poulets de chair<\/a><\/p>\n<\/div><\/div>    <\/div>\n<\/section>\n\n\n<section \n        class=\"key-points \"\n>\n    <div class=\"container\">\n\n                    <span class=\"eyebrow\"> Programmes d&#039;\u00e9levage de poulets de chair<\/span>\n        \n                    <h2 class=\"key-points-title\">Programmes de poulets de chair con\u00e7us pour chaque \u00e9tape de la production<\/h2>\n        \n        <div class=\"key-points-layout\">\n\n            \n                            <div class=\"key-points-container\">\n                                            <div class=\"key-point-item\">\n                                                            <div class=\"key-point-icon\">\n                                    <img decoding=\"async\" src=\"https:\/\/newlifemills.com\/wp-content\/uploads\/2025\/12\/icon-chicklets.svg\" alt=\"Icon Chicklets\">\n                                <\/div>\n                                                        <div class=\"key-point-content\">\n                                <h4>Aliments de d\u00e9marrage<\/h4>\n<p>Une nutrition de haute qualit\u00e9 pour donner aux poussins le meilleur d\u00e9part, am\u00e9liorant la croissance pr\u00e9coce et la sant\u00e9 digestive.<\/p>\n                            <\/div>\n                        <\/div>\n                                            <div class=\"key-point-item\">\n                                                            <div class=\"key-point-icon\">\n                                    <img decoding=\"async\" src=\"https:\/\/newlifemills.com\/wp-content\/uploads\/2025\/12\/icon-performance.svg\" alt=\"Icon Performance\">\n                                <\/div>\n                                                        <div class=\"key-point-content\">\n                                <h4>Aliments de croissance<\/h4>\n<p>Con\u00e7us pour des gains de poids corporel rapides et efficaces tout en soutenant la sant\u00e9 et le bien-\u00eatre des oiseaux.<\/p>\n                            <\/div>\n                        <\/div>\n                                            <div class=\"key-point-item\">\n                                                            <div class=\"key-point-icon\">\n                                    <img decoding=\"async\" src=\"https:\/\/newlifemills.com\/wp-content\/uploads\/2025\/12\/icon-chickens.svg\" alt=\"Icon Chickens\">\n                                <\/div>\n                                                        <div class=\"key-point-content\">\n                                <h4>Aliments de finition<\/h4>\n<p>Soutiennent des poids de march\u00e9 pr\u00e9visibles, le d\u00e9veloppement de tissus maigres et un meilleur rendement en viande de poitrine.<\/p>\n                            <\/div>\n                        <\/div>\n                                    <\/div>\n            \n        <\/div><!-- \/.key-points-layout -->\n\n    <\/div>\n<\/section>\n\n\n<section class=\"general white full notop nobottom\">\n    <div class=\"container\">\n    <div class=\"column\" style=\"align-items:center; justify-content:flex-start;\"><div class=\"module image-content\"><img decoding=\"async\" src=\"https:\/\/newlifemills.com\/wp-content\/uploads\/2025\/12\/Image-6.png\" alt=\"Image\" \/><\/div><\/div>    <\/div>\n<\/section>\n\n\n<section class=\"general white default\">\n    <div class=\"container halves\">\n    <div class=\"column\" style=\"align-items:flex-start; justify-content:flex-start;\"><div class=\"module\"><h3 class=\"highlight\">Une nutrition s\u00fbre et fiable sur laquelle vous pouvez compter<\/h3>\n<p>Chaque aliment pour poulets de chair que nous livrons est soutenu par la certification FeedAssure\u2122, des normes HACCP strictes et des pratiques rigoureuses de bios\u00e9curit\u00e9. Notre engagement envers la qualit\u00e9 garantit une alimentation s\u00fbre et constante qui prot\u00e8ge votre investissement et soutient la sant\u00e9 du troupeau.<\/p>\n<\/div><\/div><div class=\"column\" style=\"align-items:flex-start; justify-content:flex-start;\"><div class=\"module\"><h3 class=\"highlight\">Nourrir votre avenir avec l&rsquo;innovation canadienne<\/h3>\n<p>Avec des installations strat\u00e9giquement situ\u00e9es, New-Life Mills assure un approvisionnement en aliments pour volaille rapide et constant \u00e0 travers le Canada. En tant que division de Parrish &amp; Heimbecker, nous b\u00e9n\u00e9ficions de l&rsquo;acc\u00e8s \u00e0 leur vaste r\u00e9seau de grains et de meunerie \u2014 ainsi qu&rsquo;\u00e0 d&rsquo;autres sources fiables \u2014 pour soutenir des programmes de nutrition efficaces, flexibles et \u00e9prouv\u00e9s dans des fermes r\u00e9elles.<\/p>\n<\/div><\/div>    <\/div>\n<\/section>\n\n\n<section class=\"cta yellow\">\n    <div class=\"container\">\n        <div class=\"left noimage\">\n            <h3>Commencez avec la nutrition des poulets de chair de New-Life Mills<\/h3>\n<p>Faisons cro\u00eetre ensemble un troupeau plus sain et plus rentable. Communiquez avec notre \u00e9quipe avicole pour explorer un programme de poulets de chair adapt\u00e9 aux objectifs de votre ferme.<\/p>\n\n                            <div class=\"buttons\">\n                                                                <a class=\"button secondary\" href=\"https:\/\/newlifemills.com\/fr\/contactez-nous\/\" target=\"\"><span>Parlez \u00e0 un sp\u00e9cialiste des poulets de chair<\/span><\/a>\n                                    <\/div>\n                    <\/div>\n            <\/div>\n<\/section>","protected":false},"excerpt":{"rendered":"","protected":false},"author":2,"featured_media":0,"parent":2103,"menu_order":0,"comment_status":"closed","ping_status":"closed","template":"","meta":{"_acf_changed":false,"_relevanssi_hide_post":"","_relevanssi_hide_content":"","_relevanssi_pin_for_all":"","_relevanssi_pin_keywords":"","_relevanssi_unpin_keywords":"","_relevanssi_related_keywords":"","_relevanssi_related_include_ids":"","_relevanssi_related_exclude_ids":"","_relevanssi_related_no_append":"","_relevanssi_related_not_related":"","_relevanssi_related_posts":"2517,2510,2514,2520","_relevanssi_noindex_reason":"","footnotes":""},"class_list":["post-2136","page","type-page","status-publish","hentry"],"acf":[],"yoast_head":"<!-- This site is optimized with the Yoast SEO plugin v27.5 - https:\/\/yoast.com\/product\/yoast-seo-wordpress\/ -->\n<title>Nutrition des poulets de chair | New-Life Mills<\/title>\n<meta name=\"description\" content=\"Les programmes de nutrition pour poulets de chair de New-Life Mills offrent une croissance \u00e9prouv\u00e9e, uneefficacit\u00e9 alimentaire et une rentabilit\u00e9. Tout cela est soutenu par l&#039;innovation canadienne et des conseilsd&#039;experts.\" \/>\n<meta name=\"robots\" content=\"index, follow, max-snippet:-1, max-image-preview:large, max-video-preview:-1\" \/>\n<link rel=\"canonical\" href=\"https:\/\/newlifemills.com\/fr\/species\/volaille\/poulets-de-chair\/\" \/>\n<meta property=\"og:locale\" content=\"fr_FR\" \/>\n<meta property=\"og:type\" content=\"article\" \/>\n<meta property=\"og:title\" content=\"Nutrition des poulets de chair | New-Life Mills\" \/>\n<meta property=\"og:description\" content=\"Les programmes de nutrition pour poulets de chair de New-Life Mills offrent une croissance \u00e9prouv\u00e9e, uneefficacit\u00e9 alimentaire et une rentabilit\u00e9. Tout cela est soutenu par l&#039;innovation canadienne et des conseilsd&#039;experts.\" \/>\n<meta property=\"og:url\" content=\"https:\/\/newlifemills.com\/fr\/species\/volaille\/poulets-de-chair\/\" \/>\n<meta property=\"og:site_name\" content=\"New Life Mills\" \/>\n<meta property=\"article:modified_time\" content=\"2026-03-12T17:58:36+00:00\" \/>\n<meta name=\"twitter:card\" content=\"summary_large_image\" \/>\n<script type=\"application\/ld+json\" class=\"yoast-schema-graph\">{\"@context\":\"https:\\\/\\\/schema.org\",\"@graph\":[{\"@type\":\"WebPage\",\"@id\":\"https:\\\/\\\/newlifemills.com\\\/fr\\\/species\\\/volaille\\\/poulets-de-chair\\\/\",\"url\":\"https:\\\/\\\/newlifemills.com\\\/fr\\\/species\\\/volaille\\\/poulets-de-chair\\\/\",\"name\":\"Nutrition des poulets de chair | New-Life Mills\",\"isPartOf\":{\"@id\":\"https:\\\/\\\/newlifemills.com\\\/fr\\\/#website\"},\"datePublished\":\"2025-12-09T21:03:55+00:00\",\"dateModified\":\"2026-03-12T17:58:36+00:00\",\"description\":\"Les programmes de nutrition pour poulets de chair de New-Life Mills offrent une croissance \u00e9prouv\u00e9e, uneefficacit\u00e9 alimentaire et une rentabilit\u00e9. Tout cela est soutenu par l'innovation canadienne et des conseilsd'experts.\",\"breadcrumb\":{\"@id\":\"https:\\\/\\\/newlifemills.com\\\/fr\\\/species\\\/volaille\\\/poulets-de-chair\\\/#breadcrumb\"},\"inLanguage\":\"fr-FR\",\"potentialAction\":[{\"@type\":\"ReadAction\",\"target\":[\"https:\\\/\\\/newlifemills.com\\\/fr\\\/species\\\/volaille\\\/poulets-de-chair\\\/\"]}]},{\"@type\":\"BreadcrumbList\",\"@id\":\"https:\\\/\\\/newlifemills.com\\\/fr\\\/species\\\/volaille\\\/poulets-de-chair\\\/#breadcrumb\",\"itemListElement\":[{\"@type\":\"ListItem\",\"position\":1,\"name\":\"Home\",\"item\":\"https:\\\/\\\/newlifemills.com\\\/fr\\\/\"},{\"@type\":\"ListItem\",\"position\":2,\"name\":\"Alimentation Animale\",\"item\":\"https:\\\/\\\/newlifemills.com\\\/fr\\\/species\\\/\"},{\"@type\":\"ListItem\",\"position\":3,\"name\":\"Volaille\",\"item\":\"https:\\\/\\\/newlifemills.com\\\/fr\\\/species-we-feed\\\/poultry\\\/\"},{\"@type\":\"ListItem\",\"position\":4,\"name\":\"Poulets de chair\"}]},{\"@type\":\"WebSite\",\"@id\":\"https:\\\/\\\/newlifemills.com\\\/fr\\\/#website\",\"url\":\"https:\\\/\\\/newlifemills.com\\\/fr\\\/\",\"name\":\"New Life Mills\",\"description\":\"\",\"potentialAction\":[{\"@type\":\"SearchAction\",\"target\":{\"@type\":\"EntryPoint\",\"urlTemplate\":\"https:\\\/\\\/newlifemills.com\\\/fr\\\/?s={search_term_string}\"},\"query-input\":{\"@type\":\"PropertyValueSpecification\",\"valueRequired\":true,\"valueName\":\"search_term_string\"}}],\"inLanguage\":\"fr-FR\"}]}<\/script>\n<!-- \/ Yoast SEO plugin. -->","yoast_head_json":{"title":"Nutrition des poulets de chair | New-Life Mills","description":"Les programmes de nutrition pour poulets de chair de New-Life Mills offrent une croissance \u00e9prouv\u00e9e, uneefficacit\u00e9 alimentaire et une rentabilit\u00e9. Tout cela est soutenu par l'innovation canadienne et des conseilsd'experts.","robots":{"index":"index","follow":"follow","max-snippet":"max-snippet:-1","max-image-preview":"max-image-preview:large","max-video-preview":"max-video-preview:-1"},"canonical":"https:\/\/newlifemills.com\/fr\/species\/volaille\/poulets-de-chair\/","og_locale":"fr_FR","og_type":"article","og_title":"Nutrition des poulets de chair | New-Life Mills","og_description":"Les programmes de nutrition pour poulets de chair de New-Life Mills offrent une croissance \u00e9prouv\u00e9e, uneefficacit\u00e9 alimentaire et une rentabilit\u00e9. Tout cela est soutenu par l'innovation canadienne et des conseilsd'experts.","og_url":"https:\/\/newlifemills.com\/fr\/species\/volaille\/poulets-de-chair\/","og_site_name":"New Life Mills","article_modified_time":"2026-03-12T17:58:36+00:00","twitter_card":"summary_large_image","schema":{"@context":"https:\/\/schema.org","@graph":[{"@type":"WebPage","@id":"https:\/\/newlifemills.com\/fr\/species\/volaille\/poulets-de-chair\/","url":"https:\/\/newlifemills.com\/fr\/species\/volaille\/poulets-de-chair\/","name":"Nutrition des poulets de chair | New-Life Mills","isPartOf":{"@id":"https:\/\/newlifemills.com\/fr\/#website"},"datePublished":"2025-12-09T21:03:55+00:00","dateModified":"2026-03-12T17:58:36+00:00","description":"Les programmes de nutrition pour poulets de chair de New-Life Mills offrent une croissance \u00e9prouv\u00e9e, uneefficacit\u00e9 alimentaire et une rentabilit\u00e9. Tout cela est soutenu par l'innovation canadienne et des conseilsd'experts.","breadcrumb":{"@id":"https:\/\/newlifemills.com\/fr\/species\/volaille\/poulets-de-chair\/#breadcrumb"},"inLanguage":"fr-FR","potentialAction":[{"@type":"ReadAction","target":["https:\/\/newlifemills.com\/fr\/species\/volaille\/poulets-de-chair\/"]}]},{"@type":"BreadcrumbList","@id":"https:\/\/newlifemills.com\/fr\/species\/volaille\/poulets-de-chair\/#breadcrumb","itemListElement":[{"@type":"ListItem","position":1,"name":"Home","item":"https:\/\/newlifemills.com\/fr\/"},{"@type":"ListItem","position":2,"name":"Alimentation Animale","item":"https:\/\/newlifemills.com\/fr\/species\/"},{"@type":"ListItem","position":3,"name":"Volaille","item":"https:\/\/newlifemills.com\/fr\/species-we-feed\/poultry\/"},{"@type":"ListItem","position":4,"name":"Poulets de chair"}]},{"@type":"WebSite","@id":"https:\/\/newlifemills.com\/fr\/#website","url":"https:\/\/newlifemills.com\/fr\/","name":"New Life Mills","description":"","potentialAction":[{"@type":"SearchAction","target":{"@type":"EntryPoint","urlTemplate":"https:\/\/newlifemills.com\/fr\/?s={search_term_string}"},"query-input":{"@type":"PropertyValueSpecification","valueRequired":true,"valueName":"search_term_string"}}],"inLanguage":"fr-FR"}]}},"_links":{"self":[{"href":"https:\/\/newlifemills.com\/fr\/wp-json\/wp\/v2\/pages\/2136","targetHints":{"allow":["GET"]}}],"collection":[{"href":"https:\/\/newlifemills.com\/fr\/wp-json\/wp\/v2\/pages"}],"about":[{"href":"https:\/\/newlifemills.com\/fr\/wp-json\/wp\/v2\/types\/page"}],"author":[{"embeddable":true,"href":"https:\/\/newlifemills.com\/fr\/wp-json\/wp\/v2\/users\/2"}],"replies":[{"embeddable":true,"href":"https:\/\/newlifemills.com\/fr\/wp-json\/wp\/v2\/comments?post=2136"}],"version-history":[{"count":14,"href":"https:\/\/newlifemills.com\/fr\/wp-json\/wp\/v2\/pages\/2136\/revisions"}],"predecessor-version":[{"id":2588,"href":"https:\/\/newlifemills.com\/fr\/wp-json\/wp\/v2\/pages\/2136\/revisions\/2588"}],"up":[{"embeddable":true,"href":"https:\/\/newlifemills.com\/fr\/wp-json\/wp\/v2\/pages\/2103"}],"wp:attachment":[{"href":"https:\/\/newlifemills.com\/fr\/wp-json\/wp\/v2\/media?parent=2136"}],"curies":[{"name":"wp","href":"https:\/\/api.w.org\/{rel}","templated":true}]}}