{"id":2103,"date":"2025-11-18T16:09:41","date_gmt":"2025-11-18T16:09:41","guid":{"rendered":"https:\/\/newlifemills.com\/?page_id=2103"},"modified":"2026-03-12T17:57:28","modified_gmt":"2026-03-12T17:57:28","slug":"volaille","status":"publish","type":"page","link":"https:\/\/newlifemills.com\/fr\/species\/volaille\/","title":{"rendered":"Volaille"},"content":{"rendered":"\n<section \n        class=\"hero hero-image\"\n    style=\"background-image: url(https:\/\/newlifemills.com\/wp-content\/uploads\/2025\/11\/hero-chicken.png); background-size: cover; background-position: center;\">\n\n    \n    <div class=\"container hero-content\">\n        <div class=\"content\">                                <div class=\"container breadcrumbWrapper\">\n                        <p id=\"breadcrumbs\"><span><span><a href=\"https:\/\/newlifemills.com\/fr\/\">Home<\/a><\/span><\/span><\/p>                    <\/div>\n\n                                        <h1>Volaille<\/h1>\n                        \n            \n                    <\/div>\n\n            <\/div>\n<\/section>\n\n\n<section class=\"general white default\">\n    <div class=\"container halves\">\n    <div class=\"column\" style=\"align-items:center; justify-content:flex-start;\"><div class=\"module\"><h2>Une nutrition de confiance pour des troupeaux plus sains et performants<\/h2>\n<\/div><\/div><div class=\"column\" style=\"align-items:center; justify-content:flex-start;\"><div class=\"module\"><p>Des poulets de chair aux pondeuses, des poulettes aux dindes, New-Life Mills offre des programmes de nutrition avicole bas\u00e9s sur la recherche, la pr\u00e9cision et la rentabilit\u00e9. Notre \u00e9quipe canadienne de sp\u00e9cialistes en nutrition avicole [Notre \u00e9quipe &gt; Aviculture] travaille directement avec les producteurs pour optimiser la sant\u00e9 des oiseaux, am\u00e9liorer l&rsquo;efficacit\u00e9 alimentaire et maximiser les rendements. Soutenus par la certification FeedAssure\u2122, par la force de nos moulins [moulins] et par notre engagement envers des ingr\u00e9dients de haute qualit\u00e9 [notre engagement], nous aidons les \u00e9leveurs de volailles \u00e0 nourrir l&rsquo;avenir en toute confiance. Nos sp\u00e9cialistes offrent \u00e9galement un <a href=\"https:\/\/newlifemills.com\/fr\/services\/\">soutien \u00e0 la ferme<\/a> pour r\u00e9soudre les d\u00e9fis et affiner les strat\u00e9gies alimentaires pour les exploitations avicoles.<\/p>\n<\/div><\/div>    <\/div>\n<\/section>\n\n\n<section class=\"cards card1 none white\">\n    <div class=\"container\">\n                \n                <a class=\"card\" href=\"https:\/\/newlifemills.com\/fr\/species\/volaille\/poulets-de-chair\/\" target=\"\">                                                                <div class=\"image\"><img decoding=\"async\" src=\"https:\/\/newlifemills.com\/wp-content\/uploads\/2025\/12\/image.png\" alt=\"Image\"><\/div>\n                                        <div class=\"content\">\n                                                    <h4>Poulets de chair<\/h4>    \n                                            \n                        <p>Les poulets de chair \u00e0 croissance rapide ont besoin d&rsquo;une nutrition pr\u00e9cise et \u00e9quilibr\u00e9e. Nos<br \/>\r\nprogrammes pour les poulets de chair soutiennent la sant\u00e9 intestinale, le gain de poids et la conversion alimentaire efficace, vous aidant \u00e0 \u00e9lever des troupeaux en meilleure sant\u00e9 et \u00e0 renforcer vos marges.<\/p>                        <span>Explorez la nutrition des poulets de chair<\/span>                    <\/div>\n                <\/a>            \n                <a class=\"card\" href=\"https:\/\/newlifemills.com\/fr\/species\/volaille\/broiler-breeders\/\" target=\"\">                                                                <div class=\"image\"><img decoding=\"async\" src=\"https:\/\/newlifemills.com\/wp-content\/uploads\/2025\/12\/image-1.png\" alt=\"Image\"><\/div>\n                                        <div class=\"content\">\n                                                    <h4>\u00c9leveurs de poulets de chair<\/h4>    \n                                            \n                        <p>Des coquilles plus solides, une meilleure fertilit\u00e9 et des r\u00e9sultats d&rsquo;\u00e9closion constants commencent par une nutrition de confiance. Nos programmes pour \u00e9leveurs optimisent la qualit\u00e9 des \u0153ufs et la performance reproductive.<\/p>                        <span>Explorez la nutrition des \u00e9leveurs<\/span>                    <\/div>\n                <\/a>            \n                <a class=\"card\" href=\"https:\/\/newlifemills.com\/fr\/species\/volaille\/poulettes\/\" target=\"\">                                                                <div class=\"image\"><img decoding=\"async\" src=\"https:\/\/newlifemills.com\/wp-content\/uploads\/2026\/01\/image-pullet.png\" alt=\"Image Pullet\"><\/div>\n                                        <div class=\"content\">\n                                                    <h4>Poulettes<\/h4>    \n                                            \n                        <p>Une nutrition pr\u00e9coce \u00e9tablit le ton pour une vie de productivit\u00e9. Nos aliments de d\u00e9marrage et de croissance renforcent la solidit\u00e9 du squelette, l&rsquo;uniformit\u00e9 du troupeau et le potentiel de ponte \u00e0 long terme.<\/p>                        <span>Explorez la nutrition des poulettes<\/span>                    <\/div>\n                <\/a>            \n                <a class=\"card\" href=\"https:\/\/newlifemills.com\/fr\/species\/volaille\/poules-pondeuses\/\" target=\"\">                                                                <div class=\"image\"><img decoding=\"async\" src=\"https:\/\/newlifemills.com\/wp-content\/uploads\/2025\/12\/image-4.png\" alt=\"Image\"><\/div>\n                                        <div class=\"content\">\n                                                    <h4>Pondeuses<\/h4>    \n                                            \n                        <p>Maximisez la qualit\u00e9, la taille et la persistance des \u0153ufs gr\u00e2ce \u00e0 des programmes d&rsquo;alimentation par phases qui s&rsquo;adaptent \u00e0 chaque \u00e9tape de la production. Notre nutrition soutient des r\u00e9sultats constants dans les troupeaux \u00e0 haute performance d&rsquo;aujourd&rsquo;hui.<\/p>                        <span>Explorez la nutrition des poules pondeuses<\/span>                    <\/div>\n                <\/a>            \n                <a class=\"card\" href=\"https:\/\/newlifemills.com\/fr\/species\/volaille\/dindes\/\" target=\"\">                                                                <div class=\"image\"><img decoding=\"async\" src=\"https:\/\/newlifemills.com\/wp-content\/uploads\/2025\/12\/image-5.png\" alt=\"Image\"><\/div>\n                                        <div class=\"content\">\n                                                    <h4>Dindes<\/h4>    \n                                            \n                        <p>Des dindonneaux aux dindes pr\u00eates \u00e0 la finition, nos programmes de nutrition pour dindes offrent des d\u00e9buts solides, une croissance efficace et des poids de march\u00e9 pr\u00e9visibles afin que vous puissiez r\u00e9pondre \u00e0 la demande en toute confiance.<\/p>                        <span>Explorez la nutrition des dindes<\/span>                    <\/div>\n                <\/a>                        <div class=\"card last\">\n                <h3>Parlez \u00e0 un sp\u00e9cialiste de la volaille<\/h3>\n<p>L\u2019expertise canadienne en mati\u00e8re d\u2019alimentation de la volaille pour les \u00e9levages d\u2019aujourd\u2019hui.<\/p>\n                    <div class=\"link\"><a class=\"button secondary space-top\" href=\"https:\/\/newlifemills.com\/fr\/contactez-nous\/\" target=\"\"><span>Discutons<\/span><\/a><\/div>\n                            <\/div>\n            <\/div>\n<\/section>\n\n\n<section \n        class=\"key-points has-image\"\n>\n    <div class=\"container\">\n\n        \n        \n        <div class=\"key-points-layout\">\n\n                            <div class=\"key-points-image\">\n                    <img decoding=\"async\" src=\"https:\/\/newlifemills.com\/wp-content\/uploads\/2026\/01\/Poultry_Solutions.jpg\" alt=\"Poultry Solutions\">\n                <\/div>\n            \n                            <div class=\"key-points-container\">\n                                            <div class=\"key-point-item\">\n                                                            <div class=\"key-point-icon\">\n                                    <img decoding=\"async\" src=\"https:\/\/newlifemills.com\/wp-content\/uploads\/2025\/12\/icon-customfeed.svg\" alt=\"Icon Customfeed\">\n                                <\/div>\n                                                        <div class=\"key-point-content\">\n                                <h4>Programmes de flux<\/h4>\n<p>De l&rsquo;\u00e9levage initial \u00e0 l&rsquo;\u00e9levage final, nous proposons des solutions compl\u00e8tes d&rsquo;alimentation et de pr\u00e9m\u00e9langes adapt\u00e9es \u00e0 vos besoins.<\/p>\n                            <\/div>\n                        <\/div>\n                                            <div class=\"key-point-item\">\n                                                            <div class=\"key-point-icon\">\n                                    <img decoding=\"async\" src=\"https:\/\/newlifemills.com\/wp-content\/uploads\/2025\/12\/icon-customspecies.svg\" alt=\"Icon Customspecies\">\n                                <\/div>\n                                                        <div class=\"key-point-content\">\n                                <h4>Rations par esp\u00e8ce et stade de croissance<\/h4>\n<p>Nous \u00e9laborons des solutions sur mesure, avec un soutien pour les reproducteurs, les poulettes et bien plus encore.<\/p>\n                            <\/div>\n                        <\/div>\n                                            <div class=\"key-point-item\">\n                                                            <div class=\"key-point-icon\">\n                                    <img decoding=\"async\" src=\"https:\/\/newlifemills.com\/wp-content\/uploads\/2025\/12\/icon-performance.svg\" alt=\"Icon Performance\">\n                                <\/div>\n                                                        <div class=\"key-point-content\">\n                                <h4>Assistance et suivi des performances<\/h4>\n<p>Notre \u00e9quipe sp\u00e9cialis\u00e9e en volailles contribue au suivi des objectifs du troupeau et ajuste les strat\u00e9gies nutritionnelles en fonction des besoins.<\/p>\n                            <\/div>\n                        <\/div>\n                                            <div class=\"key-point-item\">\n                                                            <div class=\"key-point-icon\">\n                                    <img decoding=\"async\" src=\"https:\/\/newlifemills.com\/wp-content\/uploads\/2025\/12\/icon-proudlycandian.svg\" alt=\"Icon Proudlycandian\">\n                                <\/div>\n                                                        <div class=\"key-point-content\">\n                                <h4>Qualit\u00e9 des ingr\u00e9dients garantie<\/h4>\n<p>Tous les aliments pour animaux sont fabriqu\u00e9s selon les normes FeedAssure\u00ae et sont compos\u00e9s d&rsquo;ingr\u00e9dients tra\u00e7ables provenant de sources canadiennes.<\/p>\n                            <\/div>\n                        <\/div>\n                                    <\/div>\n            \n        <\/div><!-- \/.key-points-layout -->\n\n    <\/div>\n<\/section>\n\n\n<section class=\"cta yellow\">\n    <div class=\"container\">\n        <div class=\"left noimage\">\n            <h3>Pr\u00eat \u00e0 renforcer votre programme avicole?<\/h3>\n<p>Associez-vous \u00e0 une entreprise canadienne d&rsquo;alimentation qui comprend les exigences de la production avicole moderne. En tant que division de Parrish &amp; Heimbecker, New-Life Mills b\u00e9n\u00e9ficie de l&rsquo;acc\u00e8s \u00e0 leur vaste r\u00e9seau de grains et de meunerie \u2014 ainsi qu&rsquo;\u00e0 d&rsquo;autres sources fiables \u2014 pour offrir des solutions d&rsquo;alimentation bas\u00e9es sur la science et un soutien pratique qui aident vos troupeaux, et votre entreprise, \u00e0 donner le meilleur d&rsquo;eux-m\u00eames.<\/p>\n\n                            <div class=\"buttons\">\n                                                                <a class=\"button secondary\" href=\"https:\/\/newlifemills.com\/fr\/contactez-nous\/\" target=\"\"><span>Parlez \u00e0 un sp\u00e9cialiste de la volaille<\/span><\/a>\n                                    <\/div>\n                    <\/div>\n            <\/div>\n<\/section>","protected":false},"excerpt":{"rendered":"","protected":false},"author":2,"featured_media":0,"parent":2085,"menu_order":0,"comment_status":"closed","ping_status":"closed","template":"","meta":{"_acf_changed":false,"_relevanssi_hide_post":"","_relevanssi_hide_content":"","_relevanssi_pin_for_all":"","_relevanssi_pin_keywords":"","_relevanssi_unpin_keywords":"","_relevanssi_related_keywords":"","_relevanssi_related_include_ids":"","_relevanssi_related_exclude_ids":"","_relevanssi_related_no_append":"","_relevanssi_related_not_related":"","_relevanssi_related_posts":"2510,2520,2514,2517","_relevanssi_noindex_reason":"","footnotes":""},"class_list":["post-2103","page","type-page","status-publish","hentry"],"acf":[],"yoast_head":"<!-- This site is optimized with the Yoast SEO plugin v27.5 - https:\/\/yoast.com\/product\/yoast-seo-wordpress\/ -->\n<title>Programmes d&#039;alimentation pour volaille au Canada | New-Life Mills<\/title>\n<meta name=\"description\" content=\"New-Life Mills offre aux producteurs de volaille canadiens des programmesd&#039;alimentation bas\u00e9s sur la science pour les poulets de chair, reproducteurs, poulettes, pondeuses et dindes.Nutrition \u00e9prouv\u00e9e, expertise locale, r\u00e9sultats rentables.\" \/>\n<meta name=\"robots\" content=\"index, follow, max-snippet:-1, max-image-preview:large, max-video-preview:-1\" \/>\n<link rel=\"canonical\" href=\"https:\/\/newlifemills.com\/fr\/species\/volaille\/\" \/>\n<meta property=\"og:locale\" content=\"fr_FR\" \/>\n<meta property=\"og:type\" content=\"article\" \/>\n<meta property=\"og:title\" content=\"Programmes d&#039;alimentation pour volaille au Canada | New-Life Mills\" \/>\n<meta property=\"og:description\" content=\"New-Life Mills offre aux producteurs de volaille canadiens des programmesd&#039;alimentation bas\u00e9s sur la science pour les poulets de chair, reproducteurs, poulettes, pondeuses et dindes.Nutrition \u00e9prouv\u00e9e, expertise locale, r\u00e9sultats rentables.\" \/>\n<meta property=\"og:url\" content=\"https:\/\/newlifemills.com\/fr\/species\/volaille\/\" \/>\n<meta property=\"og:site_name\" content=\"New Life Mills\" \/>\n<meta property=\"article:modified_time\" content=\"2026-03-12T17:57:28+00:00\" \/>\n<meta name=\"twitter:card\" content=\"summary_large_image\" \/>\n<script type=\"application\/ld+json\" class=\"yoast-schema-graph\">{\"@context\":\"https:\\\/\\\/schema.org\",\"@graph\":[{\"@type\":\"WebPage\",\"@id\":\"https:\\\/\\\/newlifemills.com\\\/fr\\\/species\\\/volaille\\\/\",\"url\":\"https:\\\/\\\/newlifemills.com\\\/fr\\\/species\\\/volaille\\\/\",\"name\":\"Programmes d'alimentation pour volaille au Canada | New-Life Mills\",\"isPartOf\":{\"@id\":\"https:\\\/\\\/newlifemills.com\\\/fr\\\/#website\"},\"datePublished\":\"2025-11-18T16:09:41+00:00\",\"dateModified\":\"2026-03-12T17:57:28+00:00\",\"description\":\"New-Life Mills offre aux producteurs de volaille canadiens des programmesd'alimentation bas\u00e9s sur la science pour les poulets de chair, reproducteurs, poulettes, pondeuses et dindes.Nutrition \u00e9prouv\u00e9e, expertise locale, r\u00e9sultats rentables.\",\"breadcrumb\":{\"@id\":\"https:\\\/\\\/newlifemills.com\\\/fr\\\/species\\\/volaille\\\/#breadcrumb\"},\"inLanguage\":\"fr-FR\",\"potentialAction\":[{\"@type\":\"ReadAction\",\"target\":[\"https:\\\/\\\/newlifemills.com\\\/fr\\\/species\\\/volaille\\\/\"]}]},{\"@type\":\"BreadcrumbList\",\"@id\":\"https:\\\/\\\/newlifemills.com\\\/fr\\\/species\\\/volaille\\\/#breadcrumb\",\"itemListElement\":[{\"@type\":\"ListItem\",\"position\":1,\"name\":\"Home\",\"item\":\"https:\\\/\\\/newlifemills.com\\\/fr\\\/\"},{\"@type\":\"ListItem\",\"position\":2,\"name\":\"Alimentation Animale\",\"item\":\"https:\\\/\\\/newlifemills.com\\\/fr\\\/species\\\/\"},{\"@type\":\"ListItem\",\"position\":3,\"name\":\"Volaille\"}]},{\"@type\":\"WebSite\",\"@id\":\"https:\\\/\\\/newlifemills.com\\\/fr\\\/#website\",\"url\":\"https:\\\/\\\/newlifemills.com\\\/fr\\\/\",\"name\":\"New Life Mills\",\"description\":\"\",\"potentialAction\":[{\"@type\":\"SearchAction\",\"target\":{\"@type\":\"EntryPoint\",\"urlTemplate\":\"https:\\\/\\\/newlifemills.com\\\/fr\\\/?s={search_term_string}\"},\"query-input\":{\"@type\":\"PropertyValueSpecification\",\"valueRequired\":true,\"valueName\":\"search_term_string\"}}],\"inLanguage\":\"fr-FR\"}]}<\/script>\n<!-- \/ Yoast SEO plugin. -->","yoast_head_json":{"title":"Programmes d'alimentation pour volaille au Canada | New-Life Mills","description":"New-Life Mills offre aux producteurs de volaille canadiens des programmesd'alimentation bas\u00e9s sur la science pour les poulets de chair, reproducteurs, poulettes, pondeuses et dindes.Nutrition \u00e9prouv\u00e9e, expertise locale, r\u00e9sultats rentables.","robots":{"index":"index","follow":"follow","max-snippet":"max-snippet:-1","max-image-preview":"max-image-preview:large","max-video-preview":"max-video-preview:-1"},"canonical":"https:\/\/newlifemills.com\/fr\/species\/volaille\/","og_locale":"fr_FR","og_type":"article","og_title":"Programmes d'alimentation pour volaille au Canada | New-Life Mills","og_description":"New-Life Mills offre aux producteurs de volaille canadiens des programmesd'alimentation bas\u00e9s sur la science pour les poulets de chair, reproducteurs, poulettes, pondeuses et dindes.Nutrition \u00e9prouv\u00e9e, expertise locale, r\u00e9sultats rentables.","og_url":"https:\/\/newlifemills.com\/fr\/species\/volaille\/","og_site_name":"New Life Mills","article_modified_time":"2026-03-12T17:57:28+00:00","twitter_card":"summary_large_image","schema":{"@context":"https:\/\/schema.org","@graph":[{"@type":"WebPage","@id":"https:\/\/newlifemills.com\/fr\/species\/volaille\/","url":"https:\/\/newlifemills.com\/fr\/species\/volaille\/","name":"Programmes d'alimentation pour volaille au Canada | New-Life Mills","isPartOf":{"@id":"https:\/\/newlifemills.com\/fr\/#website"},"datePublished":"2025-11-18T16:09:41+00:00","dateModified":"2026-03-12T17:57:28+00:00","description":"New-Life Mills offre aux producteurs de volaille canadiens des programmesd'alimentation bas\u00e9s sur la science pour les poulets de chair, reproducteurs, poulettes, pondeuses et dindes.Nutrition \u00e9prouv\u00e9e, expertise locale, r\u00e9sultats rentables.","breadcrumb":{"@id":"https:\/\/newlifemills.com\/fr\/species\/volaille\/#breadcrumb"},"inLanguage":"fr-FR","potentialAction":[{"@type":"ReadAction","target":["https:\/\/newlifemills.com\/fr\/species\/volaille\/"]}]},{"@type":"BreadcrumbList","@id":"https:\/\/newlifemills.com\/fr\/species\/volaille\/#breadcrumb","itemListElement":[{"@type":"ListItem","position":1,"name":"Home","item":"https:\/\/newlifemills.com\/fr\/"},{"@type":"ListItem","position":2,"name":"Alimentation Animale","item":"https:\/\/newlifemills.com\/fr\/species\/"},{"@type":"ListItem","position":3,"name":"Volaille"}]},{"@type":"WebSite","@id":"https:\/\/newlifemills.com\/fr\/#website","url":"https:\/\/newlifemills.com\/fr\/","name":"New Life Mills","description":"","potentialAction":[{"@type":"SearchAction","target":{"@type":"EntryPoint","urlTemplate":"https:\/\/newlifemills.com\/fr\/?s={search_term_string}"},"query-input":{"@type":"PropertyValueSpecification","valueRequired":true,"valueName":"search_term_string"}}],"inLanguage":"fr-FR"}]}},"_links":{"self":[{"href":"https:\/\/newlifemills.com\/fr\/wp-json\/wp\/v2\/pages\/2103","targetHints":{"allow":["GET"]}}],"collection":[{"href":"https:\/\/newlifemills.com\/fr\/wp-json\/wp\/v2\/pages"}],"about":[{"href":"https:\/\/newlifemills.com\/fr\/wp-json\/wp\/v2\/types\/page"}],"author":[{"embeddable":true,"href":"https:\/\/newlifemills.com\/fr\/wp-json\/wp\/v2\/users\/2"}],"replies":[{"embeddable":true,"href":"https:\/\/newlifemills.com\/fr\/wp-json\/wp\/v2\/comments?post=2103"}],"version-history":[{"count":14,"href":"https:\/\/newlifemills.com\/fr\/wp-json\/wp\/v2\/pages\/2103\/revisions"}],"predecessor-version":[{"id":2587,"href":"https:\/\/newlifemills.com\/fr\/wp-json\/wp\/v2\/pages\/2103\/revisions\/2587"}],"up":[{"embeddable":true,"href":"https:\/\/newlifemills.com\/fr\/wp-json\/wp\/v2\/pages\/2085"}],"wp:attachment":[{"href":"https:\/\/newlifemills.com\/fr\/wp-json\/wp\/v2\/media?parent=2103"}],"curies":[{"name":"wp","href":"https:\/\/api.w.org\/{rel}","templated":true}]}}