{"id":2085,"date":"2025-11-18T16:09:11","date_gmt":"2025-11-18T16:09:11","guid":{"rendered":"https:\/\/newlifemills.com\/?page_id=2085"},"modified":"2026-04-15T20:29:34","modified_gmt":"2026-04-15T20:29:34","slug":"species","status":"publish","type":"page","link":"https:\/\/newlifemills.com\/fr\/species\/","title":{"rendered":"Alimentation Animale"},"content":{"rendered":"\n<section \n        class=\"hero hero-image\"\n    style=\"background-image: url(https:\/\/newlifemills.com\/wp-content\/uploads\/2025\/11\/hero-secondary.png); background-size: cover; background-position: center;\">\n\n    \n    <div class=\"container hero-content\">\n        <div class=\"content\">                                <div class=\"container breadcrumbWrapper\">\n                        <p id=\"breadcrumbs\"><span><span><a href=\"https:\/\/newlifemills.com\/fr\/\">Home<\/a><\/span><\/span><\/p>                    <\/div>\n\n                                        <h1>Les esp\u00e8ces que nous nourrissons<\/h1>\n                        \n            \n                    <\/div>\n\n            <\/div>\n<\/section>\n\n\n<section class=\"general gray default\">\n    <div class=\"container halves\">\n    <div class=\"column\" style=\"align-items:center; justify-content:flex-start;\"><div class=\"module\"><h2>Des programmes de nutrition con\u00e7us pour la sant\u00e9, la performance et la rentabilit\u00e9<\/h2>\n<\/div><\/div><div class=\"column\" style=\"align-items:center; justify-content:flex-start;\"><div class=\"module\"><p>Que vous \u00e9levez de la volaille, g\u00e9rez des vaches laiti\u00e8res, nourrissez et \u00e9levez des troupeaux de b\u0153ufs, \u00e9levez des porcs ou souteniez de petits ruminants, New-Life Mills a un programme con\u00e7u pour vous. Chacun est fond\u00e9 sur la recherche, bas\u00e9 sur des connaissances r\u00e9elles de la ferme et test\u00e9 pour offrir une meilleure sant\u00e9 animale, une performance am\u00e9lior\u00e9e et des r\u00e9sultats rentables.<\/p>\n<\/div><\/div>    <\/div>\n<\/section>\n\n\n<section \n        class=\"species-list\">\n\n                <div class=\"container species-list-container\">\n                                <div class=\"species-list-item\" style=\"background-image:url('https:\/\/newlifemills.com\/wp-content\/uploads\/2025\/11\/image-poultry.png');\">\n                    <div class=\"species-list-item-overlay\"><\/div>\n                    <div class=\"species-list-item-content\">\n                        <h3>Volailles<\/h3>\n                        <p>Con\u00e7u pour fournir des solutions d&#039;alimentation pr\u00e9cises et \u00e9quilibr\u00e9es qui favorisent la croisssance, sant\u00e9 et une \u00e9fficacit\u00e9 de production optimales.<\/p>\n                        <a class=\"button tertiary\" \n                        href=\"https:\/\/newlifemills.com\/fr\/species\/volaille\/\"\n                        target=\"_self\">\n                            Explorez Volailles                        <\/a>\n                    <\/div>\n                <\/div>\n                                <div class=\"species-list-item\" style=\"background-image:url('https:\/\/newlifemills.com\/wp-content\/uploads\/2025\/11\/image-swine.png');\">\n                    <div class=\"species-list-item-overlay\"><\/div>\n                    <div class=\"species-list-item-content\">\n                        <h3>Porcs<\/h3>\n                        <p>Con\u00e7u pour r\u00e9pondre aux exigences nutritionnelles de chaque \u00e9tape de production, garantissant ainsi des performances et une rentabilit\u00e9 constantes.<\/p>\n                        <a class=\"button tertiary\" \n                        href=\"https:\/\/newlifemills.com\/fr\/species\/porc\/\"\n                        target=\"_self\">\n                            Explorez Porcs                        <\/a>\n                    <\/div>\n                <\/div>\n                                <div class=\"species-list-item\" style=\"background-image:url('https:\/\/newlifemills.com\/wp-content\/uploads\/2025\/11\/image-dairycows.png');\">\n                    <div class=\"species-list-item-overlay\"><\/div>\n                    <div class=\"species-list-item-content\">\n                        <h3>Secteur laitier<\/h3>\n                        <p>Les solutions nutritionnelles pour les vaches laiti\u00e8res sont formul\u00e9es pour am\u00e9liorer la qualit\u00e9 du lait, maintenir la sant\u00e9 du troupeau et favoriser la productivit\u00e9 \u00e0 long terme.<\/p>\n                        <a class=\"button tertiary\" \n                        href=\"https:\/\/newlifemills.com\/fr\/species\/vaches-laitieres\/\"\n                        target=\"_self\">\n                            Explorez Secteur laitier                        <\/a>\n                    <\/div>\n                <\/div>\n                                <div class=\"species-list-item\" style=\"background-image:url('https:\/\/newlifemills.com\/wp-content\/uploads\/2025\/11\/image-beef.png');\">\n                    <div class=\"species-list-item-overlay\"><\/div>\n                    <div class=\"species-list-item-content\">\n                        <h3>B\u0153ufs<\/h3>\n                        <p>Fournir une nutrition cibl\u00e9e pour optimiser la croissance, le succ\u00e8s reproductif et les performances globales du troupeau.<\/p>\n                        <a class=\"button tertiary\" \n                        href=\"https:\/\/newlifemills.com\/fr\/species\/bovins-de-boucherie\/\"\n                        target=\"_self\">\n                            Explorez B\u0153ufs                        <\/a>\n                    <\/div>\n                <\/div>\n                                <div class=\"species-list-item\" style=\"background-image:url('https:\/\/newlifemills.com\/wp-content\/uploads\/2025\/11\/image-goats.png');\">\n                    <div class=\"species-list-item-overlay\"><\/div>\n                    <div class=\"species-list-item-content\">\n                        <h3>Ch\u00e8vres<\/h3>\n                        <p>Con\u00e7u pour favoriser la sant\u00e9, la productivit\u00e9 et la qualit\u00e9 des exploitations laiti\u00e8res et de viande.<\/p>\n                        <a class=\"button tertiary\" \n                        href=\"https:\/\/newlifemills.com\/fr\/species\/chevres-laitieres\/\"\n                        target=\"_self\">\n                            Explorez Ch\u00e8vres                        <\/a>\n                    <\/div>\n                <\/div>\n                                <div class=\"species-list-item\" style=\"background-image:url('https:\/\/newlifemills.com\/wp-content\/uploads\/2025\/11\/image-sheep.png');\">\n                    <div class=\"species-list-item-overlay\"><\/div>\n                    <div class=\"species-list-item-content\">\n                        <h3>Moutons<\/h3>\n                        <p>Fournir une alimentation \u00e9quilibr\u00e9e pour maintenir la sant\u00e9, la croissance et l&#039;efficacit\u00e9 reproductive du troupeau tout au long de l&#039;ann\u00e9e.<\/p>\n                        <a class=\"button tertiary\" \n                        href=\"https:\/\/newlifemills.com\/fr\/species\/moutons\/\"\n                        target=\"_self\">\n                            Explorez Moutons                        <\/a>\n                    <\/div>\n                <\/div>\n                            <\/div>\n            \n\n    \n\n\n<\/section>\n\n\n<section \n        class=\"key-points \"\n>\n    <div class=\"container\">\n\n                    <span class=\"eyebrow\">Pourquoi New-Life Mills<\/span>\n        \n                    <h2 class=\"key-points-title\">Pourquoi les producteurs choisissent New-Life Mills<\/h2>\n        \n        <div class=\"key-points-layout\">\n\n            \n                            <div class=\"key-points-container\">\n                                            <div class=\"key-point-item\">\n                                                            <div class=\"key-point-icon\">\n                                    <img decoding=\"async\" src=\"https:\/\/newlifemills.com\/wp-content\/uploads\/2025\/12\/icon-innovation.svg\" alt=\"Icon Innovation\">\n                                <\/div>\n                                                        <div class=\"key-point-content\">\n                                <h4>De l\u2019innovation sur laquelle vous pouvez compter<\/h4>\n<p>En tant que division de <a href=\"https:\/\/parrishandheimbecker.com\/\" target=\"_blank\" rel=\"noopener\">Parrish &amp; Heimbecker<\/a>, New-Life Mills b\u00e9n\u00e9ficie de l&rsquo;acc\u00e8s \u00e0 leur vaste r\u00e9seau de grains et de meunerie \u2014 ainsi qu&rsquo;\u00e0 d&rsquo;autres sources fiables \u2014 pour se procurer des ingr\u00e9dients de haute qualit\u00e9. Cette base solide nous permet de fournir des solutions d&rsquo;alimentation innovantes adapt\u00e9es aux producteurs de b\u00e9tail<br \/>\ncanadiens.<\/p>\n                            <\/div>\n                        <\/div>\n                                            <div class=\"key-point-item\">\n                                                            <div class=\"key-point-icon\">\n                                    <img decoding=\"async\" src=\"https:\/\/newlifemills.com\/wp-content\/uploads\/2025\/12\/icon-safety.svg\" alt=\"Icon Safety\">\n                                <\/div>\n                                                        <div class=\"key-point-content\">\n                                <h4>S\u00e9curit\u00e9 et qualit\u00e9 avant tout<\/h4>\n<p>Certifi\u00e9 par FeedAssure\u2122, HACCP et des normes strictes de bios\u00e9curit\u00e9, nous garantissons une alimentation s\u00fbre et constante pour chaque livraison. <a href=\"https:\/\/newlifemills.com\/fr\/about\/notre-engagement\/\">En savoir plus sur notre engagement.<\/a><\/p>\n                            <\/div>\n                        <\/div>\n                                            <div class=\"key-point-item\">\n                                                            <div class=\"key-point-icon\">\n                                    <img decoding=\"async\" src=\"https:\/\/newlifemills.com\/wp-content\/uploads\/2025\/12\/icon-performance.svg\" alt=\"Icon Performance\">\n                                <\/div>\n                                                        <div class=\"key-point-content\">\n                                <h4>R\u00e9sultats prouv\u00e9s, expertise locale<\/h4>\n<p>Avec une pr\u00e9sence nationale, des moulins strat\u00e9giquement situ\u00e9s et des racines profondes dans l&rsquo;agriculture canadienne, nos nutritionnistes et notre \u00e9quipe de vente s&rsquo;associent avec vous pour garantir que vos animaux performent \u00e0 leur meilleur.<\/p>\n                            <\/div>\n                        <\/div>\n                                            <div class=\"key-point-item\">\n                                                            <div class=\"key-point-icon\">\n                                    <img decoding=\"async\" src=\"https:\/\/newlifemills.com\/wp-content\/uploads\/2025\/12\/icon-trusted.svg\" alt=\"Icon Trusted\">\n                                <\/div>\n                                                        <div class=\"key-point-content\">\n                                <h4>Soutien au-del\u00e0 de l&rsquo;alimentation<\/h4>\n<p>De l&rsquo;\u00e9quilibrage des rations \u00e0 la r\u00e9solution de probl\u00e8mes en \u00e9table, nos sp\u00e9cialistes offrent un soutien pratique et sur place [services] pour vous aider \u00e0 transformer une nutrition \u00e9prouv\u00e9e en performance constante.<\/p>\n                            <\/div>\n                        <\/div>\n                                    <\/div>\n            \n        <\/div><!-- \/.key-points-layout -->\n\n    <\/div>\n<\/section>\n\n\n<section class=\"general gray default\">\n    <div class=\"container halves\">\n    <div class=\"column\" style=\"align-items:center; justify-content:flex-start;\"><div class=\"module image-content\"><img decoding=\"async\" src=\"https:\/\/newlifemills.com\/wp-content\/uploads\/2025\/11\/pellets.jpg\" alt=\"Pellets\" \/><\/div><\/div><div class=\"column\" style=\"align-items:center; justify-content:flex-start;\"><div class=\"module\"><h2>Une nutrition experte, soutenue par des gens qui se soucient de votre r\u00e9ussite<\/h2>\n<p>Nos gens sont notre fiert\u00e9. De l&rsquo;expertise en nutrition \u00e0 l&rsquo;orientation sur place, notre service \u00e0 la client\u00e8le, nos \u00e9quipes de livraison professionnelle et de fabrication se tiennent aux c\u00f4t\u00e9s des producteurs canadiens pour aider \u00e0 r\u00e9soudre les probl\u00e8mes, lib\u00e9rer le potentiel g\u00e9n\u00e9tique et accro\u00eetre la rentabilit\u00e9. Vous n&rsquo;achetez pas seulement de l&rsquo;alimentation. Vous gagnez un partenaire d\u00e9di\u00e9 \u00e0 votre succ\u00e8s.<br \/>\n<a class=\"button secondary space-top\" href=\"https:\/\/newlifemills.com\/fr\/notre-equipe\/\">Rencontrez notre \u00e9quipe<\/a><\/p>\n<\/div><\/div>    <\/div>\n<\/section>\n\n\n<section class=\"cta yellow\">\n    <div class=\"container\">\n        <div class=\"left noimage\">\n            <h3>Trouvez le bon programme pour votre ferme<\/h3>\n<p>Vos animaux m\u00e9ritent les meilleurs soins et votre ferme m\u00e9rite les meilleurs r\u00e9sultats. Avec les programmes d&rsquo;alimentation de New-Life Mills, nous travaillerons avec vous pour atteindre vos objectifs.<\/p>\n\n                            <div class=\"buttons\">\n                                                                <a class=\"button secondary\" href=\"https:\/\/newlifemills.com\/fr\/contactez-nous\/\" target=\"\"><span>Parlez \u00e0 un sp\u00e9cialiste<\/span><\/a>\n                                    <\/div>\n                    <\/div>\n            <\/div>\n<\/section>","protected":false},"excerpt":{"rendered":"","protected":false},"author":2,"featured_media":0,"parent":0,"menu_order":0,"comment_status":"closed","ping_status":"closed","template":"","meta":{"_acf_changed":false,"_relevanssi_hide_post":"","_relevanssi_hide_content":"","_relevanssi_pin_for_all":"","_relevanssi_pin_keywords":"","_relevanssi_unpin_keywords":"","_relevanssi_related_keywords":"","_relevanssi_related_include_ids":"","_relevanssi_related_exclude_ids":"","_relevanssi_related_no_append":"","_relevanssi_related_not_related":"","_relevanssi_related_posts":"2510,2520,2517,2514","_relevanssi_noindex_reason":"","footnotes":""},"class_list":["post-2085","page","type-page","status-publish","hentry"],"acf":[],"yoast_head":"<!-- This site is optimized with the Yoast SEO plugin v27.5 - https:\/\/yoast.com\/product\/yoast-seo-wordpress\/ -->\n<title>Les esp\u00e8ces que nous nourrissons | La nutrition animale chez New-Life Mills<\/title>\n<meta name=\"description\" content=\"D\u00e9couvrez les programmes de nutrition sp\u00e9cifiques aux esp\u00e8ces de New-Life Mills. Soutenus par l&#039;innovation, las\u00e9curit\u00e9 et la qualit\u00e9 canadiennes, nous offrons des solutions d&#039;alimentation qui am\u00e9liorent la sant\u00e9, laperformance et la rentabilit\u00e9.\" \/>\n<meta name=\"robots\" content=\"index, follow, max-snippet:-1, max-image-preview:large, max-video-preview:-1\" \/>\n<link rel=\"canonical\" href=\"https:\/\/newlifemills.com\/fr\/species\/\" \/>\n<meta property=\"og:locale\" content=\"fr_FR\" \/>\n<meta property=\"og:type\" content=\"article\" \/>\n<meta property=\"og:title\" content=\"Les esp\u00e8ces que nous nourrissons | La nutrition animale chez New-Life Mills\" \/>\n<meta property=\"og:description\" content=\"D\u00e9couvrez les programmes de nutrition sp\u00e9cifiques aux esp\u00e8ces de New-Life Mills. Soutenus par l&#039;innovation, las\u00e9curit\u00e9 et la qualit\u00e9 canadiennes, nous offrons des solutions d&#039;alimentation qui am\u00e9liorent la sant\u00e9, laperformance et la rentabilit\u00e9.\" \/>\n<meta property=\"og:url\" content=\"https:\/\/newlifemills.com\/fr\/species\/\" \/>\n<meta property=\"og:site_name\" content=\"New Life Mills\" \/>\n<meta property=\"article:modified_time\" content=\"2026-04-15T20:29:34+00:00\" \/>\n<meta name=\"twitter:card\" content=\"summary_large_image\" \/>\n<script type=\"application\/ld+json\" class=\"yoast-schema-graph\">{\"@context\":\"https:\\\/\\\/schema.org\",\"@graph\":[{\"@type\":\"WebPage\",\"@id\":\"https:\\\/\\\/newlifemills.com\\\/fr\\\/species\\\/\",\"url\":\"https:\\\/\\\/newlifemills.com\\\/fr\\\/species\\\/\",\"name\":\"Les esp\u00e8ces que nous nourrissons | La nutrition animale chez New-Life Mills\",\"isPartOf\":{\"@id\":\"https:\\\/\\\/newlifemills.com\\\/fr\\\/#website\"},\"datePublished\":\"2025-11-18T16:09:11+00:00\",\"dateModified\":\"2026-04-15T20:29:34+00:00\",\"description\":\"D\u00e9couvrez les programmes de nutrition sp\u00e9cifiques aux esp\u00e8ces de New-Life Mills. Soutenus par l'innovation, las\u00e9curit\u00e9 et la qualit\u00e9 canadiennes, nous offrons des solutions d'alimentation qui am\u00e9liorent la sant\u00e9, laperformance et la rentabilit\u00e9.\",\"breadcrumb\":{\"@id\":\"https:\\\/\\\/newlifemills.com\\\/fr\\\/species\\\/#breadcrumb\"},\"inLanguage\":\"fr-FR\",\"potentialAction\":[{\"@type\":\"ReadAction\",\"target\":[\"https:\\\/\\\/newlifemills.com\\\/fr\\\/species\\\/\"]}]},{\"@type\":\"BreadcrumbList\",\"@id\":\"https:\\\/\\\/newlifemills.com\\\/fr\\\/species\\\/#breadcrumb\",\"itemListElement\":[{\"@type\":\"ListItem\",\"position\":1,\"name\":\"Home\",\"item\":\"https:\\\/\\\/newlifemills.com\\\/fr\\\/\"},{\"@type\":\"ListItem\",\"position\":2,\"name\":\"Alimentation Animale\"}]},{\"@type\":\"WebSite\",\"@id\":\"https:\\\/\\\/newlifemills.com\\\/fr\\\/#website\",\"url\":\"https:\\\/\\\/newlifemills.com\\\/fr\\\/\",\"name\":\"New Life Mills\",\"description\":\"\",\"potentialAction\":[{\"@type\":\"SearchAction\",\"target\":{\"@type\":\"EntryPoint\",\"urlTemplate\":\"https:\\\/\\\/newlifemills.com\\\/fr\\\/?s={search_term_string}\"},\"query-input\":{\"@type\":\"PropertyValueSpecification\",\"valueRequired\":true,\"valueName\":\"search_term_string\"}}],\"inLanguage\":\"fr-FR\"}]}<\/script>\n<!-- \/ Yoast SEO plugin. -->","yoast_head_json":{"title":"Les esp\u00e8ces que nous nourrissons | La nutrition animale chez New-Life Mills","description":"D\u00e9couvrez les programmes de nutrition sp\u00e9cifiques aux esp\u00e8ces de New-Life Mills. Soutenus par l'innovation, las\u00e9curit\u00e9 et la qualit\u00e9 canadiennes, nous offrons des solutions d'alimentation qui am\u00e9liorent la sant\u00e9, laperformance et la rentabilit\u00e9.","robots":{"index":"index","follow":"follow","max-snippet":"max-snippet:-1","max-image-preview":"max-image-preview:large","max-video-preview":"max-video-preview:-1"},"canonical":"https:\/\/newlifemills.com\/fr\/species\/","og_locale":"fr_FR","og_type":"article","og_title":"Les esp\u00e8ces que nous nourrissons | La nutrition animale chez New-Life Mills","og_description":"D\u00e9couvrez les programmes de nutrition sp\u00e9cifiques aux esp\u00e8ces de New-Life Mills. Soutenus par l'innovation, las\u00e9curit\u00e9 et la qualit\u00e9 canadiennes, nous offrons des solutions d'alimentation qui am\u00e9liorent la sant\u00e9, laperformance et la rentabilit\u00e9.","og_url":"https:\/\/newlifemills.com\/fr\/species\/","og_site_name":"New Life Mills","article_modified_time":"2026-04-15T20:29:34+00:00","twitter_card":"summary_large_image","schema":{"@context":"https:\/\/schema.org","@graph":[{"@type":"WebPage","@id":"https:\/\/newlifemills.com\/fr\/species\/","url":"https:\/\/newlifemills.com\/fr\/species\/","name":"Les esp\u00e8ces que nous nourrissons | La nutrition animale chez New-Life Mills","isPartOf":{"@id":"https:\/\/newlifemills.com\/fr\/#website"},"datePublished":"2025-11-18T16:09:11+00:00","dateModified":"2026-04-15T20:29:34+00:00","description":"D\u00e9couvrez les programmes de nutrition sp\u00e9cifiques aux esp\u00e8ces de New-Life Mills. Soutenus par l'innovation, las\u00e9curit\u00e9 et la qualit\u00e9 canadiennes, nous offrons des solutions d'alimentation qui am\u00e9liorent la sant\u00e9, laperformance et la rentabilit\u00e9.","breadcrumb":{"@id":"https:\/\/newlifemills.com\/fr\/species\/#breadcrumb"},"inLanguage":"fr-FR","potentialAction":[{"@type":"ReadAction","target":["https:\/\/newlifemills.com\/fr\/species\/"]}]},{"@type":"BreadcrumbList","@id":"https:\/\/newlifemills.com\/fr\/species\/#breadcrumb","itemListElement":[{"@type":"ListItem","position":1,"name":"Home","item":"https:\/\/newlifemills.com\/fr\/"},{"@type":"ListItem","position":2,"name":"Alimentation Animale"}]},{"@type":"WebSite","@id":"https:\/\/newlifemills.com\/fr\/#website","url":"https:\/\/newlifemills.com\/fr\/","name":"New Life Mills","description":"","potentialAction":[{"@type":"SearchAction","target":{"@type":"EntryPoint","urlTemplate":"https:\/\/newlifemills.com\/fr\/?s={search_term_string}"},"query-input":{"@type":"PropertyValueSpecification","valueRequired":true,"valueName":"search_term_string"}}],"inLanguage":"fr-FR"}]}},"_links":{"self":[{"href":"https:\/\/newlifemills.com\/fr\/wp-json\/wp\/v2\/pages\/2085","targetHints":{"allow":["GET"]}}],"collection":[{"href":"https:\/\/newlifemills.com\/fr\/wp-json\/wp\/v2\/pages"}],"about":[{"href":"https:\/\/newlifemills.com\/fr\/wp-json\/wp\/v2\/types\/page"}],"author":[{"embeddable":true,"href":"https:\/\/newlifemills.com\/fr\/wp-json\/wp\/v2\/users\/2"}],"replies":[{"embeddable":true,"href":"https:\/\/newlifemills.com\/fr\/wp-json\/wp\/v2\/comments?post=2085"}],"version-history":[{"count":15,"href":"https:\/\/newlifemills.com\/fr\/wp-json\/wp\/v2\/pages\/2085\/revisions"}],"predecessor-version":[{"id":2632,"href":"https:\/\/newlifemills.com\/fr\/wp-json\/wp\/v2\/pages\/2085\/revisions\/2632"}],"wp:attachment":[{"href":"https:\/\/newlifemills.com\/fr\/wp-json\/wp\/v2\/media?parent=2085"}],"curies":[{"name":"wp","href":"https:\/\/api.w.org\/{rel}","templated":true}]}}