{"id":2061,"date":"2022-09-13T14:57:40","date_gmt":"2022-09-13T14:57:40","guid":{"rendered":"https:\/\/newlifemills.com\/?page_id=2061"},"modified":"2026-03-12T17:49:19","modified_gmt":"2026-03-12T17:49:19","slug":"accueil","status":"publish","type":"page","link":"https:\/\/newlifemills.com\/fr\/","title":{"rendered":"ACCUEIL"},"content":{"rendered":"\n<section \n        class=\"hero hero-video\"\n    >\n\n            <video autoplay muted loop playsinline class=\"hero-background-video\">\n            <source src=\"https:\/\/newlifemills.com\/wp-content\/uploads\/2026\/01\/Adfarm-Hero-Image-Animation_4_1.mp4\" type=\"video\/mp4\">\n            Your browser does not support the video tag.\n        <\/video>\n    \n    <div class=\"container hero-content\">\n        <div class=\"content\">                                        <h1>Nourrir votre avenir avec une nutrition \u00e9prouv\u00e9e<\/h1>\n                        \n            <p>Une expertise de confiance. Des aliments canadiens sur lesquels vous pouvez compter.<\/p>\n\n                            <div class=\"buttons\">\n                                            <a class=\"button primary space-top\" href=\"https:\/\/newlifemills.com\/fr\/species\/\" target=\"\">\n                            <span>Explorez les solutions nutritionnelles<\/span>\n                        <\/a>\n                                                        <\/div>\n                    <\/div>\n\n            <\/div>\n<\/section>\n\n\n<section \n        class=\"species-picker\">\n\n        <div class=\"species-picker-slider-wrapper\">\n        <div class=\"container species-picker-slider-container\">\n            <div class=\"species-picker-slider\">\n                \n                    <a \n                        class=\"species-picker-slide\" \n                        href=\"https:\/\/newlifemills.com\/fr\/species\/volaille\/\" \n                        target=\"_self\"\n                        style=\"background-image:url('https:\/\/newlifemills.com\/wp-content\/uploads\/2025\/11\/image-poultry.png');\"\n                    >\n                        <div class=\"species-picker-slide-text\">\n                                                        <span class=\"species-picker-slide-eyebrow\">Explorer<\/span>\n                            <h3 class=\"species-picker-slide-title\">Volaille<\/h3>\n                        <\/div>\n                    <\/a>\n\n                \n                    <a \n                        class=\"species-picker-slide\" \n                        href=\"https:\/\/newlifemills.com\/fr\/species\/porc\/\" \n                        target=\"_self\"\n                        style=\"background-image:url('https:\/\/newlifemills.com\/wp-content\/uploads\/2025\/11\/image-swine.png');\"\n                    >\n                        <div class=\"species-picker-slide-text\">\n                                                        <span class=\"species-picker-slide-eyebrow\">Explorer<\/span>\n                            <h3 class=\"species-picker-slide-title\">Porc<\/h3>\n                        <\/div>\n                    <\/a>\n\n                \n                    <a \n                        class=\"species-picker-slide\" \n                        href=\"https:\/\/newlifemills.com\/fr\/species\/vaches-laitieres\/\" \n                        target=\"_self\"\n                        style=\"background-image:url('https:\/\/newlifemills.com\/wp-content\/uploads\/2025\/11\/image-dairycows.png');\"\n                    >\n                        <div class=\"species-picker-slide-text\">\n                                                        <span class=\"species-picker-slide-eyebrow\">Explorer<\/span>\n                            <h3 class=\"species-picker-slide-title\">Secteur laitier<\/h3>\n                        <\/div>\n                    <\/a>\n\n                \n                    <a \n                        class=\"species-picker-slide\" \n                        href=\"https:\/\/newlifemills.com\/fr\/species\/bovins-de-boucherie\/\" \n                        target=\"_self\"\n                        style=\"background-image:url('https:\/\/newlifemills.com\/wp-content\/uploads\/2025\/11\/image-beef.png');\"\n                    >\n                        <div class=\"species-picker-slide-text\">\n                                                        <span class=\"species-picker-slide-eyebrow\">Explorer<\/span>\n                            <h3 class=\"species-picker-slide-title\">B\u0153ufs<\/h3>\n                        <\/div>\n                    <\/a>\n\n                \n                    <a \n                        class=\"species-picker-slide\" \n                        href=\"https:\/\/newlifemills.com\/fr\/species\/chevres-laitieres\/\" \n                        target=\"_self\"\n                        style=\"background-image:url('https:\/\/newlifemills.com\/wp-content\/uploads\/2025\/11\/image-goats.png');\"\n                    >\n                        <div class=\"species-picker-slide-text\">\n                                                        <span class=\"species-picker-slide-eyebrow\">Explorer<\/span>\n                            <h3 class=\"species-picker-slide-title\">Ch\u00e8vres<\/h3>\n                        <\/div>\n                    <\/a>\n\n                \n                    <a \n                        class=\"species-picker-slide\" \n                        href=\"https:\/\/newlifemills.com\/fr\/species\/moutons\/\" \n                        target=\"_self\"\n                        style=\"background-image:url('https:\/\/newlifemills.com\/wp-content\/uploads\/2025\/11\/image-sheep.png');\"\n                    >\n                        <div class=\"species-picker-slide-text\">\n                                                        <span class=\"species-picker-slide-eyebrow\">Explorer<\/span>\n                            <h3 class=\"species-picker-slide-title\">Moutons<\/h3>\n                        <\/div>\n                    <\/a>\n\n                            <\/div>\n        <\/div>\n\n        <!-- Progress Bar + Arrows -->\n        <div class=\"container species-picker-controls\">\n            <div class=\"species-picker-progress\">\n                <div class=\"species-picker-progress-indicator\"><\/div>\n            <\/div>\n\n            <div class=\"species-picker-arrows\">\n                <button class=\"species-picker-arrow species-picker-prev\">&#10094;<\/button>\n                <button class=\"species-picker-arrow species-picker-next\">&#10095;<\/button>\n            <\/div>\n        <\/div>\n\n    <\/div>\n    <\/section>\n\n\n\n<section class=\"general darkgray default\">\n    <div class=\"container halves\">\n    <div class=\"column\" style=\"align-items:center; justify-content:flex-start;\"><div class=\"module\"><p><span class=\"eyebrow\">Pourquoi New-Life Mills<\/span><\/p>\n<h2>Plus que des aliments. Un partenaire dans votre succ\u00e8s.<\/h2>\n<p>&nbsp;<\/p>\n<ul class=\"custom-icon-list\">\n<li class=\"list-safety\">\n<p class=\"subhead-lg\">Qualit\u00e9 et s\u00e9curit\u00e9<\/p>\n<p>Nous nous engageons \u00e0 fournir des aliments s\u00fbrs gr\u00e2ce \u00e0 la certification FeedAssure\u2122, \u00e0 des normes<br \/>\nHACCP strictes et \u00e0 des pratiques rigoureuses de bios\u00e9curit\u00e9.<\/p>\n<p><a class=\"secondary\" href=\"https:\/\/newlifemills.com\/fr\/about\/notre-engagement\/\">En savoir plus sur notre engagement<\/a><\/li>\n<li class=\"list-trusted\">\n<p class=\"subhead-lg\">Expertise de confiance<\/p>\n<p>Des d\u00e9cennies d&rsquo;exp\u00e9rience de nos repr\u00e9sentants commerciaux et nutritionnistes \u2014 des personnes qui ont parcouru les granges, test\u00e9 les fourrages et gagn\u00e9 votre confiance.<\/p>\n<p><a class=\"secondary\" href=\"https:\/\/newlifemills.com\/fr\/notre-equipe\/\">Rencontrez notre \u00e9quipe<\/a><\/li>\n<li class=\"list-proudlycanadian\">\n<p class=\"subhead-lg\">Avantage local<\/p>\n<p>Fi\u00e8rement canadienne, New-Life Mills est une entreprise g\u00e9r\u00e9e au Canada, engag\u00e9e \u00e0 s&rsquo;approvisionner en ingr\u00e9dients de haute qualit\u00e9 \u2014 avec un fort accent sur les intrants cultiv\u00e9s au Canada \u2014 tout en s&rsquo;appuyant \u00e9galement sur des sources mondiales de confiance pour r\u00e9pondre aux besoins des fermes canadiennes.<\/p>\n<p><a class=\"secondary\" href=\"https:\/\/newlifemills.com\/fr\/about\/\">\u00c0 propos de New-Life Mills<\/a><\/li>\n<\/ul>\n<\/div><\/div><div class=\"column\" style=\"align-items:center; justify-content:flex-start;\"><div class=\"module image-content\"><img decoding=\"async\" src=\"https:\/\/newlifemills.com\/wp-content\/uploads\/2025\/12\/20190802_August_091-scaled.jpg\" alt=\"20190802 August 091\" \/><\/div><\/div>    <\/div>\n<\/section>\n\n\n<section class=\"general white default\">\n    <div class=\"container halves\">\n    <div class=\"column\" style=\"align-items:center; justify-content:flex-start;\"><div class=\"module image-content\"><img decoding=\"async\" src=\"https:\/\/newlifemills.com\/wp-content\/uploads\/2025\/11\/pellets.jpg\" alt=\"Pellets\" \/><\/div><\/div><div class=\"column\" style=\"align-items:center; justify-content:flex-start;\"><div class=\"module\"><h2>Une meilleure alimentation commence \u00e0 la source<\/h2>\n<p>Chez New-Life Mills, la qualit\u00e9 des aliments commence \u00e0 la source. Avec un broyage int\u00e9gr\u00e9 et une tra\u00e7abilit\u00e9<br \/>\nstricte des ingr\u00e9dients, nous offrons une nutrition coh\u00e9rente et performante en laquelle vous pouvez avoir<br \/>\nconfiance lot apr\u00e8s lot.<\/p>\n<p><a class=\"button primary space-top\" href=\"https:\/\/newlifemills.com\/fr\/services\/\">En savoir plus sur nos moulins<\/a><\/p>\n<\/div><\/div>    <\/div>\n<\/section>","protected":false},"excerpt":{"rendered":"","protected":false},"author":2,"featured_media":0,"parent":0,"menu_order":0,"comment_status":"closed","ping_status":"open","template":"","meta":{"_acf_changed":false,"_relevanssi_hide_post":"","_relevanssi_hide_content":"","_relevanssi_pin_for_all":"","_relevanssi_pin_keywords":"","_relevanssi_unpin_keywords":"","_relevanssi_related_keywords":"","_relevanssi_related_include_ids":"","_relevanssi_related_exclude_ids":"","_relevanssi_related_no_append":"","_relevanssi_related_not_related":"","_relevanssi_related_posts":"","_relevanssi_noindex_reason":"","footnotes":""},"class_list":["post-2061","page","type-page","status-publish","hentry"],"acf":[],"yoast_head":"<!-- This site is optimized with the Yoast SEO plugin v27.5 - https:\/\/yoast.com\/product\/yoast-seo-wordpress\/ -->\n<title>New-Life Mills | Une nutrition animale innovante au Canada<\/title>\n<meta name=\"description\" content=\"New-Life Mills offre une nutrition pour le b\u00e9tail innovante et fabriqu\u00e9e au Canada. Soutenus par Parrish &amp;Heimbecker, nous aidons les producteurs \u00e0 obtenir des animaux en meilleure sant\u00e9 et des performancesrentables.\" \/>\n<meta name=\"robots\" content=\"index, follow, max-snippet:-1, max-image-preview:large, max-video-preview:-1\" \/>\n<link rel=\"canonical\" href=\"https:\/\/newlifemills.com\/fr\/\" \/>\n<meta property=\"og:locale\" content=\"fr_FR\" \/>\n<meta property=\"og:type\" content=\"article\" \/>\n<meta property=\"og:title\" content=\"New-Life Mills | Une nutrition animale innovante au Canada\" \/>\n<meta property=\"og:description\" content=\"New-Life Mills offre une nutrition pour le b\u00e9tail innovante et fabriqu\u00e9e au Canada. Soutenus par Parrish &amp;Heimbecker, nous aidons les producteurs \u00e0 obtenir des animaux en meilleure sant\u00e9 et des performancesrentables.\" \/>\n<meta property=\"og:url\" content=\"https:\/\/newlifemills.com\/fr\/\" \/>\n<meta property=\"og:site_name\" content=\"New Life Mills\" \/>\n<meta property=\"article:modified_time\" content=\"2026-03-12T17:49:19+00:00\" \/>\n<meta name=\"twitter:card\" content=\"summary_large_image\" \/>\n<script type=\"application\/ld+json\" class=\"yoast-schema-graph\">{\"@context\":\"https:\\\/\\\/schema.org\",\"@graph\":[{\"@type\":\"WebPage\",\"@id\":\"https:\\\/\\\/newlifemills.com\\\/fr\\\/\",\"url\":\"https:\\\/\\\/newlifemills.com\\\/fr\\\/\",\"name\":\"New-Life Mills | Une nutrition animale innovante au Canada\",\"isPartOf\":{\"@id\":\"https:\\\/\\\/newlifemills.com\\\/fr\\\/#website\"},\"datePublished\":\"2022-09-13T14:57:40+00:00\",\"dateModified\":\"2026-03-12T17:49:19+00:00\",\"description\":\"New-Life Mills offre une nutrition pour le b\u00e9tail innovante et fabriqu\u00e9e au Canada. Soutenus par Parrish &Heimbecker, nous aidons les producteurs \u00e0 obtenir des animaux en meilleure sant\u00e9 et des performancesrentables.\",\"breadcrumb\":{\"@id\":\"https:\\\/\\\/newlifemills.com\\\/fr\\\/#breadcrumb\"},\"inLanguage\":\"fr-FR\",\"potentialAction\":[{\"@type\":\"ReadAction\",\"target\":[\"https:\\\/\\\/newlifemills.com\\\/fr\\\/\"]}]},{\"@type\":\"BreadcrumbList\",\"@id\":\"https:\\\/\\\/newlifemills.com\\\/fr\\\/#breadcrumb\",\"itemListElement\":[{\"@type\":\"ListItem\",\"position\":1,\"name\":\"Home\",\"item\":\"https:\\\/\\\/newlifemills.com\\\/fr\\\/\"},{\"@type\":\"ListItem\",\"position\":2,\"name\":\"ACCUEIL\"}]},{\"@type\":\"WebSite\",\"@id\":\"https:\\\/\\\/newlifemills.com\\\/fr\\\/#website\",\"url\":\"https:\\\/\\\/newlifemills.com\\\/fr\\\/\",\"name\":\"New Life Mills\",\"description\":\"\",\"potentialAction\":[{\"@type\":\"SearchAction\",\"target\":{\"@type\":\"EntryPoint\",\"urlTemplate\":\"https:\\\/\\\/newlifemills.com\\\/fr\\\/?s={search_term_string}\"},\"query-input\":{\"@type\":\"PropertyValueSpecification\",\"valueRequired\":true,\"valueName\":\"search_term_string\"}}],\"inLanguage\":\"fr-FR\"}]}<\/script>\n<!-- \/ Yoast SEO plugin. -->","yoast_head_json":{"title":"New-Life Mills | Une nutrition animale innovante au Canada","description":"New-Life Mills offre une nutrition pour le b\u00e9tail innovante et fabriqu\u00e9e au Canada. Soutenus par Parrish &Heimbecker, nous aidons les producteurs \u00e0 obtenir des animaux en meilleure sant\u00e9 et des performancesrentables.","robots":{"index":"index","follow":"follow","max-snippet":"max-snippet:-1","max-image-preview":"max-image-preview:large","max-video-preview":"max-video-preview:-1"},"canonical":"https:\/\/newlifemills.com\/fr\/","og_locale":"fr_FR","og_type":"article","og_title":"New-Life Mills | Une nutrition animale innovante au Canada","og_description":"New-Life Mills offre une nutrition pour le b\u00e9tail innovante et fabriqu\u00e9e au Canada. Soutenus par Parrish &Heimbecker, nous aidons les producteurs \u00e0 obtenir des animaux en meilleure sant\u00e9 et des performancesrentables.","og_url":"https:\/\/newlifemills.com\/fr\/","og_site_name":"New Life Mills","article_modified_time":"2026-03-12T17:49:19+00:00","twitter_card":"summary_large_image","schema":{"@context":"https:\/\/schema.org","@graph":[{"@type":"WebPage","@id":"https:\/\/newlifemills.com\/fr\/","url":"https:\/\/newlifemills.com\/fr\/","name":"New-Life Mills | Une nutrition animale innovante au Canada","isPartOf":{"@id":"https:\/\/newlifemills.com\/fr\/#website"},"datePublished":"2022-09-13T14:57:40+00:00","dateModified":"2026-03-12T17:49:19+00:00","description":"New-Life Mills offre une nutrition pour le b\u00e9tail innovante et fabriqu\u00e9e au Canada. Soutenus par Parrish &Heimbecker, nous aidons les producteurs \u00e0 obtenir des animaux en meilleure sant\u00e9 et des performancesrentables.","breadcrumb":{"@id":"https:\/\/newlifemills.com\/fr\/#breadcrumb"},"inLanguage":"fr-FR","potentialAction":[{"@type":"ReadAction","target":["https:\/\/newlifemills.com\/fr\/"]}]},{"@type":"BreadcrumbList","@id":"https:\/\/newlifemills.com\/fr\/#breadcrumb","itemListElement":[{"@type":"ListItem","position":1,"name":"Home","item":"https:\/\/newlifemills.com\/fr\/"},{"@type":"ListItem","position":2,"name":"ACCUEIL"}]},{"@type":"WebSite","@id":"https:\/\/newlifemills.com\/fr\/#website","url":"https:\/\/newlifemills.com\/fr\/","name":"New Life Mills","description":"","potentialAction":[{"@type":"SearchAction","target":{"@type":"EntryPoint","urlTemplate":"https:\/\/newlifemills.com\/fr\/?s={search_term_string}"},"query-input":{"@type":"PropertyValueSpecification","valueRequired":true,"valueName":"search_term_string"}}],"inLanguage":"fr-FR"}]}},"_links":{"self":[{"href":"https:\/\/newlifemills.com\/fr\/wp-json\/wp\/v2\/pages\/2061","targetHints":{"allow":["GET"]}}],"collection":[{"href":"https:\/\/newlifemills.com\/fr\/wp-json\/wp\/v2\/pages"}],"about":[{"href":"https:\/\/newlifemills.com\/fr\/wp-json\/wp\/v2\/types\/page"}],"author":[{"embeddable":true,"href":"https:\/\/newlifemills.com\/fr\/wp-json\/wp\/v2\/users\/2"}],"replies":[{"embeddable":true,"href":"https:\/\/newlifemills.com\/fr\/wp-json\/wp\/v2\/comments?post=2061"}],"version-history":[{"count":10,"href":"https:\/\/newlifemills.com\/fr\/wp-json\/wp\/v2\/pages\/2061\/revisions"}],"predecessor-version":[{"id":2583,"href":"https:\/\/newlifemills.com\/fr\/wp-json\/wp\/v2\/pages\/2061\/revisions\/2583"}],"wp:attachment":[{"href":"https:\/\/newlifemills.com\/fr\/wp-json\/wp\/v2\/media?parent=2061"}],"curies":[{"name":"wp","href":"https:\/\/api.w.org\/{rel}","templated":true}]}}